{"id":2171,"date":"2014-06-02T19:04:40","date_gmt":"2014-06-02T19:04:40","guid":{"rendered":"http:\/\/www.laguarimba.com\/edition2013-2\/"},"modified":"2021-04-06T10:59:58","modified_gmt":"2021-04-06T10:59:58","slug":"edizione2013","status":"publish","type":"page","link":"https:\/\/www.laguarimba.com\/it\/edizione2013\/","title":{"rendered":"Edizione 2013"},"content":{"rendered":"<div tabindex=\"0\" class=\"cycloneslider cycloneslider-template-standard cycloneslider-width-full\" id=\"cycloneslider-pics2013-1\" > <div class=\"cycloneslider-slides cycle-slideshow\" data-cycle-allow-wrap=\"true\" data-cycle-dynamic-height=\"off\" data-cycle-auto-height=\"720:501\" data-cycle-auto-height-easing=\"null\" data-cycle-auto-height-speed=\"250\" data-cycle-delay=\"0\" data-cycle-easing=\"\" data-cycle-fx=\"none\" data-cycle-hide-non-active=\"true\" data-cycle-log=\"false\" data-cycle-next=\"#cycloneslider-pics2013-1 .cycloneslider-next\" data-cycle-pager=\"#cycloneslider-pics2013-1 .cycloneslider-pager\" data-cycle-pause-on-hover=\"true\" data-cycle-prev=\"#cycloneslider-pics2013-1 .cycloneslider-prev\" data-cycle-slides=\"&gt; div\" data-cycle-speed=\"1000\" data-cycle-swipe=\"1\" data-cycle-tile-count=\"7\" data-cycle-tile-delay=\"100\" data-cycle-tile-vertical=\"true\" data-cycle-timeout=\"1500\" > <div class=\"cycloneslider-slide cycloneslider-slide-image\" > <img decoding=\"async\" src=\"https:\/\/i0.wp.com\/www.laguarimba.com\/wp-content\/uploads\/2015\/08\/pics2013_1-720x501.jpg\" alt=\"\" title=\"\" \/> <\/div> <div class=\"cycloneslider-slide cycloneslider-slide-image\" > <img decoding=\"async\" src=\"https:\/\/i0.wp.com\/www.laguarimba.com\/wp-content\/uploads\/2015\/08\/pics2013_2-720x501.jpg\" alt=\"\" title=\"\" \/> <\/div> <div class=\"cycloneslider-slide cycloneslider-slide-image\" > <img decoding=\"async\" src=\"https:\/\/i0.wp.com\/www.laguarimba.com\/wp-content\/uploads\/2015\/08\/pics2013_3-720x501.jpg\" alt=\"\" title=\"\" \/> <\/div> <div class=\"cycloneslider-slide cycloneslider-slide-image\" > <img decoding=\"async\" src=\"https:\/\/i0.wp.com\/www.laguarimba.com\/wp-content\/uploads\/2015\/08\/pics2013_4-720x501.jpg\" alt=\"\" title=\"\" \/> <\/div> <div class=\"cycloneslider-slide cycloneslider-slide-image\" > <img decoding=\"async\" src=\"https:\/\/i0.wp.com\/www.laguarimba.com\/wp-content\/uploads\/2015\/08\/pics2013_5-720x501.jpg\" alt=\"\" title=\"\" \/> <\/div> <div class=\"cycloneslider-slide cycloneslider-slide-image\" > <img decoding=\"async\" src=\"https:\/\/i0.wp.com\/www.laguarimba.com\/wp-content\/uploads\/2015\/08\/pics2013_6-720x501.jpg\" alt=\"\" title=\"\" \/> <\/div> <div class=\"cycloneslider-slide cycloneslider-slide-image\" > <img decoding=\"async\" src=\"https:\/\/i0.wp.com\/www.laguarimba.com\/wp-content\/uploads\/2015\/08\/pics2013_7-720x501.jpg\" alt=\"\" title=\"\" \/> <\/div> <div class=\"cycloneslider-slide cycloneslider-slide-image\" > <img decoding=\"async\" src=\"https:\/\/i0.wp.com\/www.laguarimba.com\/wp-content\/uploads\/2015\/08\/pics2013_8-720x501.jpg\" alt=\"\" title=\"\" \/> <\/div> <div class=\"cycloneslider-slide cycloneslider-slide-image\" > <img decoding=\"async\" src=\"https:\/\/i0.wp.com\/www.laguarimba.com\/wp-content\/uploads\/2015\/08\/pics2013_9-720x501.jpg\" alt=\"\" title=\"\" \/> <\/div> <div class=\"cycloneslider-slide cycloneslider-slide-image\" > <img decoding=\"async\" src=\"https:\/\/i0.wp.com\/www.laguarimba.com\/wp-content\/uploads\/2015\/08\/pics2013_10-720x501.jpg\" alt=\"\" title=\"\" \/> <\/div> <div class=\"cycloneslider-slide cycloneslider-slide-image\" > <img decoding=\"async\" src=\"https:\/\/i0.wp.com\/www.laguarimba.com\/wp-content\/uploads\/2015\/08\/pics2013_11-720x501.jpg\" alt=\"\" title=\"\" \/> <\/div> <div class=\"cycloneslider-slide cycloneslider-slide-image\" > <img decoding=\"async\" src=\"https:\/\/i0.wp.com\/www.laguarimba.com\/wp-content\/uploads\/2015\/08\/pics2013_12-720x501.jpg\" alt=\"\" title=\"\" \/> <\/div> <div class=\"cycloneslider-slide cycloneslider-slide-image\" > <img decoding=\"async\" src=\"https:\/\/i0.wp.com\/www.laguarimba.com\/wp-content\/uploads\/2015\/08\/pics2013_13-720x501.jpg\" alt=\"\" title=\"\" \/> <\/div> <div class=\"cycloneslider-slide cycloneslider-slide-image\" > <img decoding=\"async\" src=\"https:\/\/i0.wp.com\/www.laguarimba.com\/wp-content\/uploads\/2015\/08\/pics2013_14-720x501.jpg\" alt=\"\" title=\"\" \/> <\/div> <div class=\"cycloneslider-slide cycloneslider-slide-image\" > <img decoding=\"async\" src=\"https:\/\/i0.wp.com\/www.laguarimba.com\/wp-content\/uploads\/2015\/08\/pics2013_15-720x501.jpg\" alt=\"\" title=\"\" \/> <\/div> <div class=\"cycloneslider-slide cycloneslider-slide-image\" > <img decoding=\"async\" src=\"https:\/\/i0.wp.com\/www.laguarimba.com\/wp-content\/uploads\/2015\/08\/pics2013_16-720x501.jpg\" alt=\"\" title=\"\" \/> <\/div> <div class=\"cycloneslider-slide cycloneslider-slide-image\" > <img decoding=\"async\" src=\"https:\/\/i0.wp.com\/www.laguarimba.com\/wp-content\/uploads\/2015\/08\/pics2013_17-720x501.jpg\" alt=\"\" title=\"\" \/> <\/div> <div class=\"cycloneslider-slide cycloneslider-slide-image\" > <img decoding=\"async\" src=\"https:\/\/i0.wp.com\/www.laguarimba.com\/wp-content\/uploads\/2015\/08\/pics2013_18-720x501.jpg\" alt=\"\" title=\"\" \/> <\/div> <div class=\"cycloneslider-slide cycloneslider-slide-image\" > <img decoding=\"async\" src=\"https:\/\/i0.wp.com\/www.laguarimba.com\/wp-content\/uploads\/2015\/08\/pics2013_19-720x501.jpg\" alt=\"\" title=\"\" \/> <\/div> <div class=\"cycloneslider-slide cycloneslider-slide-image\" > <img decoding=\"async\" src=\"https:\/\/i0.wp.com\/www.laguarimba.com\/wp-content\/uploads\/2015\/08\/pics2013_20-720x501.jpg\" alt=\"\" title=\"\" \/> <\/div> <div class=\"cycloneslider-slide cycloneslider-slide-image\" > <img decoding=\"async\" src=\"https:\/\/i0.wp.com\/www.laguarimba.com\/wp-content\/uploads\/2015\/08\/pics2013_21-720x501.jpg\" alt=\"\" title=\"\" \/> <\/div> <div class=\"cycloneslider-slide cycloneslider-slide-image\" > <img decoding=\"async\" src=\"https:\/\/i0.wp.com\/www.laguarimba.com\/wp-content\/uploads\/2015\/08\/pics2013_22-720x501.jpg\" alt=\"\" title=\"\" \/> <\/div> <div class=\"cycloneslider-slide cycloneslider-slide-image\" > <img decoding=\"async\" src=\"https:\/\/i0.wp.com\/www.laguarimba.com\/wp-content\/uploads\/2015\/08\/pics2013_23-720x501.jpg\" alt=\"\" title=\"\" \/> <\/div> <div class=\"cycloneslider-slide cycloneslider-slide-image\" > <img decoding=\"async\" src=\"https:\/\/i0.wp.com\/www.laguarimba.com\/wp-content\/uploads\/2015\/08\/pics2013_24-720x501.jpg\" alt=\"\" title=\"\" \/> <\/div> <div class=\"cycloneslider-slide cycloneslider-slide-image\" > <img decoding=\"async\" src=\"https:\/\/i0.wp.com\/www.laguarimba.com\/wp-content\/uploads\/2015\/08\/pics2013_25-720x501.jpg\" alt=\"\" title=\"\" \/> <\/div> <div class=\"cycloneslider-slide cycloneslider-slide-image\" > <img decoding=\"async\" src=\"https:\/\/i0.wp.com\/www.laguarimba.com\/wp-content\/uploads\/2015\/08\/pics2013_26-720x501.jpg\" alt=\"\" title=\"\" \/> <\/div> <div class=\"cycloneslider-slide cycloneslider-slide-image\" > <img decoding=\"async\" src=\"https:\/\/i0.wp.com\/www.laguarimba.com\/wp-content\/uploads\/2015\/08\/pics2013_27-720x501.jpg\" alt=\"\" title=\"\" \/> <\/div> <div class=\"cycloneslider-slide cycloneslider-slide-image\" > <img decoding=\"async\" src=\"https:\/\/i0.wp.com\/www.laguarimba.com\/wp-content\/uploads\/2015\/08\/pics2013_28-720x501.jpg\" alt=\"\" title=\"\" \/> <\/div> <div class=\"cycloneslider-slide cycloneslider-slide-image\" > <img decoding=\"async\" src=\"https:\/\/i0.wp.com\/www.laguarimba.com\/wp-content\/uploads\/2015\/08\/pics2013_29-720x501.jpg\" alt=\"\" title=\"\" \/> <\/div> <div class=\"cycloneslider-slide cycloneslider-slide-image\" > <img decoding=\"async\" src=\"https:\/\/i0.wp.com\/www.laguarimba.com\/wp-content\/uploads\/2015\/08\/pics2013_30-720x501.jpg\" alt=\"\" title=\"\" \/> <\/div> <\/div> <a href=\"#\" class=\"cycloneslider-prev\"> <span class=\"arrow\"><\/span> <\/a> <a href=\"#\" class=\"cycloneslider-next\"> <span class=\"arrow\"><\/span> <\/a> <\/div>\n<p style=\"text-align: justify;\">La Guarimba \u00e8 stata fondata da Giulio Vita, Sara Fratini e El Tornillo de Klaus, un gruppo di appassionati di cinema stanco dei soliti festival dominati dalla politica e non dalla qualit\u00e0.<\/p>\n<p style=\"text-align: justify;\">Usando il talento di ognuno, la multi-etnicit\u00e0, e una struttura di valori morali basati sulla meritocrazia e sul lavoro di squadra, si \u00e8 deciso di portare avanti questo progetto con l&#8217;obiettivo di restituire il cinema alla gente e la gente al cinema, passando cos\u00ec dalle parole ai fatti.<\/p>\n<p style=\"text-align: justify;\">Ci\u00f2 ha portato, nel 2013, alla riparazione e alla riapertura del vecchio cinema all&#8217;aperto &#8220;Arena Sicoli&#8221;, con il coinvolgimento dell&#8217;intera comunit\u00e0. I primi giorni del festival hanno visto presenti oltre 5000 persone provenienti da tutto il mondo, facendo de &#8220;La Guarimba&#8221; uno dei casi di maggior successo dell&#8217; innovazione sociale italiana.<\/p>\n<h1 style=\"text-align: justify;\">ARTISTS FOR LA GUARIMBA 2013<\/h1>\n<p style=\"text-align: justify;\">A cura di Sara Fratini<\/p>\n<p style=\"text-align: justify;\"><div tabindex=\"0\" class=\"cycloneslider cycloneslider-template-standard cycloneslider-width-responsive\" id=\"cycloneslider-illustrators2013-2\" style=\"max-width:960px\" > <div class=\"cycloneslider-slides cycle-slideshow\" data-cycle-allow-wrap=\"true\" data-cycle-dynamic-height=\"off\" data-cycle-auto-height=\"960:600\" data-cycle-auto-height-easing=\"null\" data-cycle-auto-height-speed=\"250\" data-cycle-delay=\"0\" data-cycle-easing=\"\" data-cycle-fx=\"fade\" data-cycle-hide-non-active=\"true\" data-cycle-log=\"false\" data-cycle-next=\"#cycloneslider-illustrators2013-2 .cycloneslider-next\" data-cycle-pager=\"#cycloneslider-illustrators2013-2 .cycloneslider-pager\" data-cycle-pause-on-hover=\"true\" data-cycle-prev=\"#cycloneslider-illustrators2013-2 .cycloneslider-prev\" data-cycle-slides=\"&gt; div\" data-cycle-speed=\"1000\" data-cycle-swipe=\"1\" data-cycle-tile-count=\"7\" data-cycle-tile-delay=\"100\" data-cycle-tile-vertical=\"true\" data-cycle-timeout=\"4000\" > <div class=\"cycloneslider-slide cycloneslider-slide-image\" > <img decoding=\"async\" src=\"https:\/\/i0.wp.com\/www.laguarimba.com\/wp-content\/uploads\/2015\/08\/illustrator2013_01-960x600.png\" alt=\"\" title=\"\" \/> <\/div> <div class=\"cycloneslider-slide cycloneslider-slide-image\" > <img decoding=\"async\" src=\"https:\/\/i0.wp.com\/www.laguarimba.com\/wp-content\/uploads\/2015\/08\/illustrator2013_02-960x600.png\" alt=\"\" title=\"\" \/> <\/div> <div class=\"cycloneslider-slide cycloneslider-slide-image\" > <img decoding=\"async\" src=\"https:\/\/i0.wp.com\/www.laguarimba.com\/wp-content\/uploads\/2015\/08\/illustrator2013_03-960x600.png\" alt=\"\" title=\"\" \/> <\/div> <div class=\"cycloneslider-slide cycloneslider-slide-image\" > <img decoding=\"async\" src=\"https:\/\/i0.wp.com\/www.laguarimba.com\/wp-content\/uploads\/2015\/08\/illustrator2013_04-960x600.png\" alt=\"\" title=\"\" \/> <\/div> <div class=\"cycloneslider-slide cycloneslider-slide-image\" > <img decoding=\"async\" src=\"https:\/\/i0.wp.com\/www.laguarimba.com\/wp-content\/uploads\/2015\/08\/illustrator2013_05-960x600.png\" alt=\"\" title=\"\" \/> <\/div> <div class=\"cycloneslider-slide cycloneslider-slide-image\" > <img decoding=\"async\" src=\"https:\/\/i0.wp.com\/www.laguarimba.com\/wp-content\/uploads\/2015\/08\/illustrator2013_06-960x600.png\" alt=\"\" title=\"\" \/> <\/div> <div class=\"cycloneslider-slide cycloneslider-slide-image\" > <img decoding=\"async\" src=\"https:\/\/i0.wp.com\/www.laguarimba.com\/wp-content\/uploads\/2015\/08\/illustrator2013_07-960x600.png\" alt=\"\" title=\"\" \/> <\/div> <div class=\"cycloneslider-slide cycloneslider-slide-image\" > <img decoding=\"async\" src=\"https:\/\/i0.wp.com\/www.laguarimba.com\/wp-content\/uploads\/2015\/08\/illustrator2013_08-960x600.png\" alt=\"\" title=\"\" \/> <\/div> <div class=\"cycloneslider-slide cycloneslider-slide-image\" > <img decoding=\"async\" src=\"https:\/\/i0.wp.com\/www.laguarimba.com\/wp-content\/uploads\/2015\/08\/illustrator2013_09-960x600.png\" alt=\"\" title=\"\" \/> <\/div> <div class=\"cycloneslider-slide cycloneslider-slide-image\" > <img decoding=\"async\" src=\"https:\/\/i0.wp.com\/www.laguarimba.com\/wp-content\/uploads\/2015\/08\/illustrator2013_010-960x600.png\" alt=\"\" title=\"\" \/> <\/div> <div class=\"cycloneslider-slide cycloneslider-slide-image\" > <img decoding=\"async\" src=\"https:\/\/i0.wp.com\/www.laguarimba.com\/wp-content\/uploads\/2015\/08\/illustrator2013_011-960x600.png\" alt=\"\" title=\"\" \/> <\/div> <div class=\"cycloneslider-slide cycloneslider-slide-image\" > <img decoding=\"async\" src=\"https:\/\/i0.wp.com\/www.laguarimba.com\/wp-content\/uploads\/2015\/08\/illustrator2013_012-960x600.png\" alt=\"\" title=\"\" \/> <\/div> <div class=\"cycloneslider-slide cycloneslider-slide-image\" > <img decoding=\"async\" src=\"https:\/\/i0.wp.com\/www.laguarimba.com\/wp-content\/uploads\/2015\/08\/illustrator2013_013-960x600.png\" alt=\"\" title=\"\" \/> <\/div> <div class=\"cycloneslider-slide cycloneslider-slide-image\" > <img decoding=\"async\" src=\"https:\/\/i0.wp.com\/www.laguarimba.com\/wp-content\/uploads\/2015\/08\/illustrator2013_014-960x600.png\" alt=\"\" title=\"\" \/> <\/div> <div class=\"cycloneslider-slide cycloneslider-slide-image\" > <img decoding=\"async\" src=\"https:\/\/i0.wp.com\/www.laguarimba.com\/wp-content\/uploads\/2015\/08\/illustrator2013_015-960x600.png\" alt=\"\" title=\"\" \/> <\/div> <div class=\"cycloneslider-slide cycloneslider-slide-image\" > <img decoding=\"async\" src=\"https:\/\/i0.wp.com\/www.laguarimba.com\/wp-content\/uploads\/2015\/08\/illustrator2013_016-960x600.png\" alt=\"\" title=\"\" \/> <\/div> <div class=\"cycloneslider-slide cycloneslider-slide-image\" > <img decoding=\"async\" src=\"https:\/\/i0.wp.com\/www.laguarimba.com\/wp-content\/uploads\/2015\/08\/illustrator2013_017-960x600.png\" alt=\"\" title=\"\" \/> <\/div> <div class=\"cycloneslider-slide cycloneslider-slide-image\" > <img decoding=\"async\" src=\"https:\/\/i0.wp.com\/www.laguarimba.com\/wp-content\/uploads\/2015\/08\/illustrator2013_018-960x600.png\" alt=\"\" title=\"\" \/> <\/div> <div class=\"cycloneslider-slide cycloneslider-slide-image\" > <img decoding=\"async\" src=\"https:\/\/i0.wp.com\/www.laguarimba.com\/wp-content\/uploads\/2015\/08\/illustrator2013_019-960x600.png\" alt=\"\" title=\"\" \/> <\/div> <div class=\"cycloneslider-slide cycloneslider-slide-image\" > <img decoding=\"async\" src=\"https:\/\/i0.wp.com\/www.laguarimba.com\/wp-content\/uploads\/2015\/08\/illustrator2013_020-960x600.png\" alt=\"\" title=\"\" \/> <\/div> <div class=\"cycloneslider-slide cycloneslider-slide-image\" > <img decoding=\"async\" src=\"https:\/\/i0.wp.com\/www.laguarimba.com\/wp-content\/uploads\/2015\/08\/illustrator2013_021-960x600.png\" alt=\"\" title=\"\" \/> <\/div> <div class=\"cycloneslider-slide cycloneslider-slide-image\" > <img decoding=\"async\" src=\"https:\/\/i0.wp.com\/www.laguarimba.com\/wp-content\/uploads\/2015\/08\/illustrator2013_022-960x600.png\" alt=\"\" title=\"\" \/> <\/div> <div class=\"cycloneslider-slide cycloneslider-slide-image\" > <img decoding=\"async\" src=\"https:\/\/i0.wp.com\/www.laguarimba.com\/wp-content\/uploads\/2015\/08\/illustrator2013_023-960x600.png\" alt=\"\" title=\"\" \/> <\/div> <div class=\"cycloneslider-slide cycloneslider-slide-image\" > <img decoding=\"async\" src=\"https:\/\/i0.wp.com\/www.laguarimba.com\/wp-content\/uploads\/2015\/08\/illustrator2013_024-960x600.png\" alt=\"\" title=\"\" \/> <\/div> <div class=\"cycloneslider-slide cycloneslider-slide-image\" > <img decoding=\"async\" src=\"https:\/\/i0.wp.com\/www.laguarimba.com\/wp-content\/uploads\/2015\/08\/illustrator2013_025-960x600.png\" alt=\"\" title=\"\" \/> <\/div> <div class=\"cycloneslider-slide cycloneslider-slide-image\" > <img decoding=\"async\" src=\"https:\/\/i0.wp.com\/www.laguarimba.com\/wp-content\/uploads\/2015\/08\/illustrator2013_026-960x600.png\" alt=\"\" title=\"\" \/> <\/div> <div class=\"cycloneslider-slide cycloneslider-slide-image\" > <img decoding=\"async\" src=\"https:\/\/i0.wp.com\/www.laguarimba.com\/wp-content\/uploads\/2015\/08\/illustrator2013_027-960x600.png\" alt=\"\" title=\"\" \/> <\/div> <div class=\"cycloneslider-slide cycloneslider-slide-image\" > <img decoding=\"async\" src=\"https:\/\/i0.wp.com\/www.laguarimba.com\/wp-content\/uploads\/2015\/08\/illustrator2013_028-960x600.png\" alt=\"\" title=\"\" \/> <\/div> <div class=\"cycloneslider-slide cycloneslider-slide-image\" > <img decoding=\"async\" src=\"https:\/\/i0.wp.com\/www.laguarimba.com\/wp-content\/uploads\/2015\/08\/illustrator2013_029-960x600.png\" alt=\"\" title=\"\" \/> <\/div> <div class=\"cycloneslider-slide cycloneslider-slide-image\" > <img decoding=\"async\" src=\"https:\/\/i0.wp.com\/www.laguarimba.com\/wp-content\/uploads\/2015\/08\/illustrator2013_030-960x600.png\" alt=\"\" title=\"\" \/> <\/div> <\/div> <div class=\"cycloneslider-pager\"><\/div> <a href=\"#\" class=\"cycloneslider-prev\"> <span class=\"arrow\"><\/span> <\/a> <a href=\"#\" class=\"cycloneslider-next\"> <span class=\"arrow\"><\/span> <\/a> <\/div>\n<hr \/>\n<h1 style=\"text-align: justify;\">LA GIURIA\u00a02013<\/h1>\n<p><a href=\"https:\/\/i0.wp.com\/www.laguarimba.com\/wp-content\/uploads\/2014\/06\/jury.jpg\"><img data-recalc-dims=\"1\" loading=\"lazy\" decoding=\"async\" data-attachment-id=\"27809\" data-permalink=\"https:\/\/www.laguarimba.com\/it\/edizione2013\/jury-2\/\" data-orig-file=\"https:\/\/i0.wp.com\/www.laguarimba.com\/wp-content\/uploads\/2014\/06\/jury.jpg?fit=960%2C536&amp;ssl=1\" data-orig-size=\"960,536\" data-comments-opened=\"1\" data-image-meta=\"{&quot;aperture&quot;:&quot;0&quot;,&quot;credit&quot;:&quot;&quot;,&quot;camera&quot;:&quot;&quot;,&quot;caption&quot;:&quot;&quot;,&quot;created_timestamp&quot;:&quot;0&quot;,&quot;copyright&quot;:&quot;&quot;,&quot;focal_length&quot;:&quot;0&quot;,&quot;iso&quot;:&quot;0&quot;,&quot;shutter_speed&quot;:&quot;0&quot;,&quot;title&quot;:&quot;&quot;,&quot;orientation&quot;:&quot;0&quot;}\" data-image-title=\"jury\" data-image-description=\"\" data-image-caption=\"\" data-medium-file=\"https:\/\/i0.wp.com\/www.laguarimba.com\/wp-content\/uploads\/2014\/06\/jury.jpg?fit=300%2C168&amp;ssl=1\" data-large-file=\"https:\/\/i0.wp.com\/www.laguarimba.com\/wp-content\/uploads\/2014\/06\/jury.jpg?fit=960%2C536&amp;ssl=1\" class=\"alignnone size-full wp-image-27809\" src=\"https:\/\/i0.wp.com\/www.laguarimba.com\/wp-content\/uploads\/2014\/06\/jury.jpg?resize=960%2C536\" alt=\"jury\" width=\"960\" height=\"536\" data-id=\"27808\" srcset=\"https:\/\/i0.wp.com\/www.laguarimba.com\/wp-content\/uploads\/2014\/06\/jury.jpg?w=960&amp;ssl=1 960w, https:\/\/i0.wp.com\/www.laguarimba.com\/wp-content\/uploads\/2014\/06\/jury.jpg?resize=300%2C168&amp;ssl=1 300w\" sizes=\"auto, (max-width: 960px) 100vw, 960px\" \/><\/a><\/p>\n<p style=\"text-align: justify;\">Nacho Vigalondo (Spagna) &#8211;\u00a0Regista (Presidente della giuria a La Guarimba 2013)<\/p>\n<p style=\"text-align: justify;\">Claudio Metallo (Italia) &#8211; Regista di documentari d&#8217;inchiesta<\/p>\n<p style=\"text-align: justify;\">El Tornillo De Klaus (Spagna) &#8211; Collettivo di critici cinematografici e registi<\/p>\n<hr \/>\n<h1 style=\"text-align: justify;\">I VINCITORI\u00a02013<\/h1>\n<p style=\"text-align: justify;\"><span style=\"line-height: 1.5;\"><div tabindex=\"0\" class=\"cycloneslider cycloneslider-template-standard cycloneslider-width-full\" id=\"cycloneslider-winners2013-3\" > <div class=\"cycloneslider-slides cycle-slideshow\" data-cycle-allow-wrap=\"true\" data-cycle-dynamic-height=\"off\" data-cycle-auto-height=\"720:600\" data-cycle-auto-height-easing=\"null\" data-cycle-auto-height-speed=\"250\" data-cycle-delay=\"0\" data-cycle-easing=\"\" data-cycle-fx=\"fade\" data-cycle-hide-non-active=\"true\" data-cycle-log=\"false\" data-cycle-next=\"#cycloneslider-winners2013-3 .cycloneslider-next\" data-cycle-pager=\"#cycloneslider-winners2013-3 .cycloneslider-pager\" data-cycle-pause-on-hover=\"true\" data-cycle-prev=\"#cycloneslider-winners2013-3 .cycloneslider-prev\" data-cycle-slides=\"&gt; div\" data-cycle-speed=\"1000\" data-cycle-swipe=\"1\" data-cycle-tile-count=\"7\" data-cycle-tile-delay=\"100\" data-cycle-tile-vertical=\"true\" data-cycle-timeout=\"1500\" > <div class=\"cycloneslider-slide cycloneslider-slide-image\" > <img decoding=\"async\" src=\"https:\/\/i0.wp.com\/www.laguarimba.com\/wp-content\/uploads\/2015\/08\/winners2013_1-720x600.jpg\" alt=\"\" title=\"\" \/> <\/div> <div class=\"cycloneslider-slide cycloneslider-slide-image\" > <img decoding=\"async\" src=\"https:\/\/i0.wp.com\/www.laguarimba.com\/wp-content\/uploads\/2015\/08\/winners2013_2-720x600.jpg\" alt=\"\" title=\"\" \/> <\/div> <div class=\"cycloneslider-slide cycloneslider-slide-image\" > <img decoding=\"async\" src=\"https:\/\/i0.wp.com\/www.laguarimba.com\/wp-content\/uploads\/2015\/08\/winners2013_3-720x600.jpg\" alt=\"\" title=\"\" \/> <\/div> <div class=\"cycloneslider-slide cycloneslider-slide-image\" > <img decoding=\"async\" src=\"https:\/\/i0.wp.com\/www.laguarimba.com\/wp-content\/uploads\/2015\/08\/winners2013_4-720x600.jpg\" alt=\"\" title=\"\" \/> <\/div> <div class=\"cycloneslider-slide cycloneslider-slide-image\" > <img decoding=\"async\" src=\"https:\/\/i0.wp.com\/www.laguarimba.com\/wp-content\/uploads\/2015\/08\/winners2013_5-720x600.jpg\" alt=\"\" title=\"\" \/> <\/div> <div class=\"cycloneslider-slide cycloneslider-slide-image\" > <img decoding=\"async\" src=\"https:\/\/i0.wp.com\/www.laguarimba.com\/wp-content\/uploads\/2015\/08\/winners2013_6-720x600.jpg\" alt=\"\" title=\"\" \/> <\/div> <div class=\"cycloneslider-slide cycloneslider-slide-image\" > <img decoding=\"async\" src=\"https:\/\/i0.wp.com\/www.laguarimba.com\/wp-content\/uploads\/2015\/08\/winners2013_7-720x600.jpg\" alt=\"\" title=\"\" \/> <\/div> <div class=\"cycloneslider-slide cycloneslider-slide-image\" > <img decoding=\"async\" src=\"https:\/\/i0.wp.com\/www.laguarimba.com\/wp-content\/uploads\/2015\/08\/winners2013_8-720x600.jpg\" alt=\"\" title=\"\" \/> <\/div> <div class=\"cycloneslider-slide cycloneslider-slide-image\" > <img decoding=\"async\" src=\"https:\/\/i0.wp.com\/www.laguarimba.com\/wp-content\/uploads\/2015\/08\/winners2013_9-720x600.jpg\" alt=\"\" title=\"\" \/> <\/div> <div class=\"cycloneslider-slide cycloneslider-slide-image\" > <img decoding=\"async\" src=\"https:\/\/i0.wp.com\/www.laguarimba.com\/wp-content\/uploads\/2015\/08\/winners2013_10-720x600.jpg\" alt=\"\" title=\"\" \/> <\/div> <div class=\"cycloneslider-slide cycloneslider-slide-image\" > <img decoding=\"async\" src=\"https:\/\/i0.wp.com\/www.laguarimba.com\/wp-content\/uploads\/2015\/08\/winners2013_11-720x600.jpg\" alt=\"\" title=\"\" \/> <\/div> <div class=\"cycloneslider-slide cycloneslider-slide-image\" > <img decoding=\"async\" src=\"https:\/\/i0.wp.com\/www.laguarimba.com\/wp-content\/uploads\/2015\/08\/winners2013_12-720x600.jpg\" alt=\"\" title=\"\" \/> <\/div> <\/div> <a href=\"#\" class=\"cycloneslider-prev\"> <span class=\"arrow\"><\/span> <\/a> <a href=\"#\" class=\"cycloneslider-next\"> <span class=\"arrow\"><\/span> <\/a> <\/div><\/span><\/p>\n","protected":false},"excerpt":{"rendered":"<p>La Guarimba \u00e8 stata fondata da Giulio Vita, Sara Fratini e El Tornillo de Klaus, un gruppo di appassionati di cinema stanco dei soliti festival dominati dalla politica e non dalla qualit\u00e0. Usando il talento di ognuno, la multi-etnicit\u00e0, e una struttura di valori morali basati sulla meritocrazia e sul lavoro di squadra, si \u00e8 [&hellip;]<\/p>\n","protected":false},"author":1,"featured_media":0,"parent":0,"menu_order":0,"comment_status":"open","ping_status":"open","template":"page.php","meta":{"jetpack_post_was_ever_published":false,"footnotes":""},"class_list":["post-2171","page","type-page","status-publish","hentry"],"jetpack_shortlink":"https:\/\/wp.me\/P4S7Ao-z1","jetpack_sharing_enabled":true,"_links":{"self":[{"href":"https:\/\/www.laguarimba.com\/it\/wp-json\/wp\/v2\/pages\/2171","targetHints":{"allow":["GET"]}}],"collection":[{"href":"https:\/\/www.laguarimba.com\/it\/wp-json\/wp\/v2\/pages"}],"about":[{"href":"https:\/\/www.laguarimba.com\/it\/wp-json\/wp\/v2\/types\/page"}],"author":[{"embeddable":true,"href":"https:\/\/www.laguarimba.com\/it\/wp-json\/wp\/v2\/users\/1"}],"replies":[{"embeddable":true,"href":"https:\/\/www.laguarimba.com\/it\/wp-json\/wp\/v2\/comments?post=2171"}],"version-history":[{"count":3,"href":"https:\/\/www.laguarimba.com\/it\/wp-json\/wp\/v2\/pages\/2171\/revisions"}],"predecessor-version":[{"id":45247,"href":"https:\/\/www.laguarimba.com\/it\/wp-json\/wp\/v2\/pages\/2171\/revisions\/45247"}],"wp:attachment":[{"href":"https:\/\/www.laguarimba.com\/it\/wp-json\/wp\/v2\/media?parent=2171"}],"curies":[{"name":"wp","href":"https:\/\/api.w.org\/{rel}","templated":true}]}}