{"id":29007,"date":"2016-01-02T13:44:59","date_gmt":"2016-01-02T13:44:59","guid":{"rendered":"http:\/\/www.laguarimba.com\/it\/?page_id=29007"},"modified":"2021-04-06T10:52:29","modified_gmt":"2021-04-06T10:52:29","slug":"miscita","status":"publish","type":"page","link":"https:\/\/www.laguarimba.com\/it\/miscita\/","title":{"rendered":"MISCITA"},"content":{"rendered":"<div class=\"wpb-content-wrapper\">[vc_row][vc_column][vc_column_text]\n<p style=\"text-align: justify;\">[mi-sci-ta]\n<p style=\"text-align: justify;\">\u2022 v.tr. [sogg-v-arg] v. [der. di miscitare]\n<p style=\"text-align: justify;\">(io miscito, tu misciti ecc.)<\/p>\n<p style=\"text-align: justify;\">1. Il mescolare due o pi\u00f9 realt\u00e0: fare m.; con m., o senza m., di altri ingredienti. Pi\u00f9 spesso, l\u2019effetto del mescolare o del mescolarsi, e in senso concr. l\u2019insieme delle cose mescolate. Miscita insieme ALT!rove Festival, Coltivatori di Musica e La Guarimba Film Festival.<\/p>\n<p style=\"text-align: justify;\">2. La facilit\u00e0 (semplicit\u00e0) di mettere insieme differenti arti. m. musica, cibo, street art, cinema, danza contemporanea, installazioni.<\/p>\n<p style=\"text-align: justify;\">3. Credere in uno sviluppo basato sulla cultura. Rimestare, confondere forme e modelli. m. il caldo con il freddo, l\u2019inoperosit\u00e0 con la creativit\u00e0, il posto sicuro con il posto voluto.<\/p>\n<p style=\"text-align: justify;\">4. Agitare, girare sostanze e composti come territori stitici e resistenze creative. m. il non fatto con tutto il resto non ancora realizzato.<\/p>\n<p style=\"text-align: justify;\">5. Un evento ideato dagli organizzatori di ALTrove &#8211; Street Art Festival, Coltivatori Di Musica e <a href=\"https:\/\/www.facebook.com\/laguarimbafilmfestival\/\" data-hovercard=\"\/ajax\/hovercard\/page.php?id=248368398521187&amp;extragetparams=%7B%22directed_target_id%22%3A0%7D\">La Guarimba Film Festival<\/a> e supportato da Andrea Bartoli e Florinda Saieva, coloro i quali hanno trasformato il centro storico di Favara nel Primo Distretto Culturale in Sicilia.<\/p>\n<p style=\"text-align: justify;\"><div tabindex=\"0\" class=\"cycloneslider cycloneslider-template-standard cycloneslider-width-responsive\" id=\"cycloneslider-miscita-1\" style=\"max-width:960px\" > <div class=\"cycloneslider-slides cycle-slideshow\" data-cycle-allow-wrap=\"true\" data-cycle-dynamic-height=\"off\" data-cycle-auto-height=\"960:600\" data-cycle-auto-height-easing=\"null\" data-cycle-auto-height-speed=\"250\" data-cycle-delay=\"0\" data-cycle-easing=\"\" data-cycle-fx=\"fade\" data-cycle-hide-non-active=\"true\" data-cycle-log=\"false\" data-cycle-next=\"#cycloneslider-miscita-1 .cycloneslider-next\" data-cycle-pager=\"#cycloneslider-miscita-1 .cycloneslider-pager\" data-cycle-pause-on-hover=\"true\" data-cycle-prev=\"#cycloneslider-miscita-1 .cycloneslider-prev\" data-cycle-slides=\"&gt; div\" data-cycle-speed=\"1000\" data-cycle-swipe=\"1\" data-cycle-tile-count=\"7\" data-cycle-tile-delay=\"100\" data-cycle-tile-vertical=\"true\" data-cycle-timeout=\"4000\" > <div class=\"cycloneslider-slide cycloneslider-slide-image\" > <img decoding=\"async\" src=\"https:\/\/i0.wp.com\/www.laguarimba.com\/wp-content\/uploads\/2016\/01\/Miscita_4-960x600.jpg\" alt=\"\" title=\"\" \/> <\/div> <div class=\"cycloneslider-slide cycloneslider-slide-image\" > <img decoding=\"async\" src=\"https:\/\/i0.wp.com\/www.laguarimba.com\/wp-content\/uploads\/2016\/01\/Miscita_3-960x600.jpg\" alt=\"\" title=\"\" \/> <\/div> <div class=\"cycloneslider-slide cycloneslider-slide-image\" > <img decoding=\"async\" src=\"https:\/\/i0.wp.com\/www.laguarimba.com\/wp-content\/uploads\/2016\/01\/Miscita_1-960x600.jpg\" alt=\"\" title=\"\" \/> <\/div> <div class=\"cycloneslider-slide cycloneslider-slide-image\" > <img decoding=\"async\" src=\"https:\/\/i0.wp.com\/www.laguarimba.com\/wp-content\/uploads\/2016\/01\/Miscita_9-960x600.jpg\" alt=\"\" title=\"\" \/> <\/div> <div class=\"cycloneslider-slide cycloneslider-slide-image\" > <img decoding=\"async\" src=\"https:\/\/i0.wp.com\/www.laguarimba.com\/wp-content\/uploads\/2016\/01\/Miscita_2-960x600.jpg\" alt=\"\" title=\"\" \/> <\/div> <div class=\"cycloneslider-slide cycloneslider-slide-image\" > <img decoding=\"async\" src=\"https:\/\/i0.wp.com\/www.laguarimba.com\/wp-content\/uploads\/2016\/01\/Miscita_5-960x600.jpg\" alt=\"\" title=\"\" \/> <\/div> <div class=\"cycloneslider-slide cycloneslider-slide-image\" > <img decoding=\"async\" src=\"https:\/\/i0.wp.com\/www.laguarimba.com\/wp-content\/uploads\/2016\/01\/Miscita_6-960x600.jpg\" alt=\"\" title=\"\" \/> <\/div> <div class=\"cycloneslider-slide cycloneslider-slide-image\" > <img decoding=\"async\" src=\"https:\/\/i0.wp.com\/www.laguarimba.com\/wp-content\/uploads\/2016\/01\/Miscita_7-960x600.jpg\" alt=\"\" title=\"\" \/> <\/div> <div class=\"cycloneslider-slide cycloneslider-slide-image\" > <img decoding=\"async\" src=\"https:\/\/i0.wp.com\/www.laguarimba.com\/wp-content\/uploads\/2016\/01\/Miscita_8-960x600.jpg\" alt=\"\" title=\"\" \/> <\/div> <div class=\"cycloneslider-slide cycloneslider-slide-image\" > <img decoding=\"async\" src=\"https:\/\/i0.wp.com\/www.laguarimba.com\/wp-content\/uploads\/2016\/01\/Miscita_10-960x600.jpg\" alt=\"\" title=\"\" \/> <\/div> <div class=\"cycloneslider-slide cycloneslider-slide-image\" > <img decoding=\"async\" src=\"https:\/\/i0.wp.com\/www.laguarimba.com\/wp-content\/uploads\/2016\/01\/Miscita_11-960x600.jpg\" alt=\"\" title=\"\" \/> <\/div> <div class=\"cycloneslider-slide cycloneslider-slide-image\" > <img decoding=\"async\" src=\"https:\/\/i0.wp.com\/www.laguarimba.com\/wp-content\/uploads\/2016\/01\/Miscita_12-960x600.jpg\" alt=\"\" title=\"\" \/> <\/div> <\/div> <div class=\"cycloneslider-pager\"><\/div> <a href=\"#\" class=\"cycloneslider-prev\"> <span class=\"arrow\"><\/span> <\/a> <a href=\"#\" class=\"cycloneslider-next\"> <span class=\"arrow\"><\/span> <\/a> <\/div>\n<h1 style=\"text-align: justify;\">LA STORIA<\/h1>\n<p style=\"text-align: justify;\">Il 5 settembre 2014 insieme ad altre realt\u00e0 calabresi, abbiamo organizzato un grande evento alla mitica FARM CULTURAL PARK in Sicilia. L&#8217;idea era mettere insieme il meglio della scena culturale calabrese per portarlo in Sicilia, creando un evento unico.<\/p>\n<p style=\"text-align: justify;\">La Guarimba ha portato proiezione di cortometraggi, un murales di Sara Fratini, il laboratorio d&#8217;illustrazione per bambini &#8220;Fai la scimmia&#8221; a cura di Sara Fratini, l&#8217;incontro &#8220;Innovazione culturale calabrese&#8221; a cura di Giulio Vita e il racconto fotografico della serata. In pi\u00f9 i nostri sponsor Fichi Marano e Casa Comerci si sono uniti all&#8217;evento.<\/p>\n<p style=\"text-align: justify;\">Nell&#8217;anno 2015, con lo stesso spirito, abbiamo organizzato &#8220;La Piccola&#8221; all&#8217;ExConvento dei Cappuccini di Belmonte Calabro.<\/p>\n[\/vc_column_text][\/vc_column][\/vc_row]\n<\/div>","protected":false},"excerpt":{"rendered":"<p>[vc_row][vc_column][vc_column_text] [mi-sci-ta] \u2022 v.tr. [sogg-v-arg] v. [der. di miscitare] (io miscito, tu misciti ecc.) 1. Il mescolare due o pi\u00f9 realt\u00e0: fare m.; con m., o senza m., di altri ingredienti. Pi\u00f9 spesso, l\u2019effetto del mescolare o del mescolarsi, e in senso concr. l\u2019insieme delle cose mescolate. Miscita insieme ALT!rove Festival, Coltivatori di Musica e [&hellip;]<\/p>\n","protected":false},"author":1,"featured_media":29080,"parent":0,"menu_order":0,"comment_status":"closed","ping_status":"closed","template":"","meta":{"jetpack_post_was_ever_published":false,"footnotes":""},"class_list":["post-29007","page","type-page","status-publish","has-post-thumbnail","hentry"],"jetpack_shortlink":"https:\/\/wp.me\/P4S7Ao-7xR","jetpack_sharing_enabled":true,"_links":{"self":[{"href":"https:\/\/www.laguarimba.com\/it\/wp-json\/wp\/v2\/pages\/29007","targetHints":{"allow":["GET"]}}],"collection":[{"href":"https:\/\/www.laguarimba.com\/it\/wp-json\/wp\/v2\/pages"}],"about":[{"href":"https:\/\/www.laguarimba.com\/it\/wp-json\/wp\/v2\/types\/page"}],"author":[{"embeddable":true,"href":"https:\/\/www.laguarimba.com\/it\/wp-json\/wp\/v2\/users\/1"}],"replies":[{"embeddable":true,"href":"https:\/\/www.laguarimba.com\/it\/wp-json\/wp\/v2\/comments?post=29007"}],"version-history":[{"count":7,"href":"https:\/\/www.laguarimba.com\/it\/wp-json\/wp\/v2\/pages\/29007\/revisions"}],"predecessor-version":[{"id":45238,"href":"https:\/\/www.laguarimba.com\/it\/wp-json\/wp\/v2\/pages\/29007\/revisions\/45238"}],"wp:featuredmedia":[{"embeddable":true,"href":"https:\/\/www.laguarimba.com\/it\/wp-json\/wp\/v2\/media\/29080"}],"wp:attachment":[{"href":"https:\/\/www.laguarimba.com\/it\/wp-json\/wp\/v2\/media?parent=29007"}],"curies":[{"name":"wp","href":"https:\/\/api.w.org\/{rel}","templated":true}]}}