{"id":30819,"date":"2016-08-18T08:10:59","date_gmt":"2016-08-18T08:10:59","guid":{"rendered":"http:\/\/www.laguarimba.com\/it\/edition2016\/"},"modified":"2021-04-07T07:14:25","modified_gmt":"2021-04-07T07:14:25","slug":"edizione2016","status":"publish","type":"page","link":"https:\/\/www.laguarimba.com\/it\/edizione2016\/","title":{"rendered":"Edizione 2016"},"content":{"rendered":"<div class=\"wpb-content-wrapper\">[vc_row][vc_column][vc_column_text]\n<p style=\"text-align: center;\"><div tabindex=\"0\" class=\"cycloneslider cycloneslider-template-standard cycloneslider-width-responsive\" id=\"cycloneslider-pics2016-1\" style=\"max-width:1020px\" > <div class=\"cycloneslider-slides cycle-slideshow\" data-cycle-allow-wrap=\"true\" data-cycle-dynamic-height=\"off\" data-cycle-auto-height=\"1020:680\" data-cycle-auto-height-easing=\"null\" data-cycle-auto-height-speed=\"250\" data-cycle-delay=\"0\" data-cycle-easing=\"\" data-cycle-fx=\"fade\" data-cycle-hide-non-active=\"true\" data-cycle-log=\"false\" data-cycle-next=\"#cycloneslider-pics2016-1 .cycloneslider-next\" data-cycle-pager=\"#cycloneslider-pics2016-1 .cycloneslider-pager\" data-cycle-pause-on-hover=\"true\" data-cycle-prev=\"#cycloneslider-pics2016-1 .cycloneslider-prev\" data-cycle-slides=\"&gt; div\" data-cycle-speed=\"1000\" data-cycle-swipe=\"1\" data-cycle-tile-count=\"7\" data-cycle-tile-delay=\"100\" data-cycle-tile-vertical=\"true\" data-cycle-timeout=\"4000\" > <div class=\"cycloneslider-slide cycloneslider-slide-image\" > <img decoding=\"async\" src=\"https:\/\/i0.wp.com\/www.laguarimba.com\/wp-content\/uploads\/2016\/08\/DSC_0223-1020x680.jpg\" alt=\"\" title=\"\" \/> <\/div> <div class=\"cycloneslider-slide cycloneslider-slide-image\" > <img decoding=\"async\" src=\"https:\/\/i0.wp.com\/www.laguarimba.com\/wp-content\/uploads\/2016\/08\/DSC_0386-1020x680.jpg\" alt=\"\" title=\"\" \/> <\/div> <div class=\"cycloneslider-slide cycloneslider-slide-image\" > <img decoding=\"async\" src=\"https:\/\/i0.wp.com\/www.laguarimba.com\/wp-content\/uploads\/2016\/08\/DSC_0412-1020x680.jpg\" alt=\"\" title=\"\" \/> <\/div> <div class=\"cycloneslider-slide cycloneslider-slide-image\" > <img decoding=\"async\" src=\"https:\/\/i0.wp.com\/www.laguarimba.com\/wp-content\/uploads\/2016\/08\/DSC_0552-1020x680.jpg\" alt=\"\" title=\"\" \/> <\/div> <div class=\"cycloneslider-slide cycloneslider-slide-image\" > <img decoding=\"async\" src=\"https:\/\/i0.wp.com\/www.laguarimba.com\/wp-content\/uploads\/2016\/08\/DSC_0571-1020x680.jpg\" alt=\"\" title=\"\" \/> <\/div> <div class=\"cycloneslider-slide cycloneslider-slide-image\" > <img decoding=\"async\" src=\"https:\/\/i0.wp.com\/www.laguarimba.com\/wp-content\/uploads\/2016\/08\/DSC_0013-1020x680.jpg\" alt=\"\" title=\"\" \/> <\/div> <div class=\"cycloneslider-slide cycloneslider-slide-image\" > <img decoding=\"async\" src=\"https:\/\/i0.wp.com\/www.laguarimba.com\/wp-content\/uploads\/2016\/08\/DSC_0110-1020x680.jpg\" alt=\"\" title=\"\" \/> <\/div> <div class=\"cycloneslider-slide cycloneslider-slide-image\" > <img decoding=\"async\" src=\"https:\/\/i0.wp.com\/www.laguarimba.com\/wp-content\/uploads\/2016\/08\/DSC_0115-1020x680.jpg\" alt=\"\" title=\"\" \/> <\/div> <div class=\"cycloneslider-slide cycloneslider-slide-image\" > <img decoding=\"async\" src=\"https:\/\/i0.wp.com\/www.laguarimba.com\/wp-content\/uploads\/2016\/08\/DSC_0293-1020x680.jpg\" alt=\"\" title=\"\" \/> <\/div> <div class=\"cycloneslider-slide cycloneslider-slide-image\" > <img decoding=\"async\" src=\"https:\/\/i0.wp.com\/www.laguarimba.com\/wp-content\/uploads\/2016\/08\/DSC_0463-1020x680.jpg\" alt=\"\" title=\"\" \/> <\/div> <div class=\"cycloneslider-slide cycloneslider-slide-image\" > <img decoding=\"async\" src=\"https:\/\/i0.wp.com\/www.laguarimba.com\/wp-content\/uploads\/2016\/08\/DSC_0595-1020x680.jpg\" alt=\"\" title=\"\" \/> <\/div> <div class=\"cycloneslider-slide cycloneslider-slide-image\" > <img decoding=\"async\" src=\"https:\/\/i0.wp.com\/www.laguarimba.com\/wp-content\/uploads\/2016\/08\/DSC_0621-1020x680.jpg\" alt=\"\" title=\"\" \/> <\/div> <div class=\"cycloneslider-slide cycloneslider-slide-image\" > <img decoding=\"async\" src=\"https:\/\/i0.wp.com\/www.laguarimba.com\/wp-content\/uploads\/2016\/08\/DSC_0709-1020x680.jpg\" alt=\"\" title=\"\" \/> <\/div> <div class=\"cycloneslider-slide cycloneslider-slide-image\" > <img decoding=\"async\" src=\"https:\/\/i0.wp.com\/www.laguarimba.com\/wp-content\/uploads\/2016\/08\/DSC_0717-1020x680.jpg\" alt=\"\" title=\"\" \/> <\/div> <div class=\"cycloneslider-slide cycloneslider-slide-image\" > <img decoding=\"async\" src=\"https:\/\/i0.wp.com\/www.laguarimba.com\/wp-content\/uploads\/2016\/08\/DSC_0764-1020x680.jpg\" alt=\"\" title=\"\" \/> <\/div> <div class=\"cycloneslider-slide cycloneslider-slide-image\" > <img decoding=\"async\" src=\"https:\/\/i0.wp.com\/www.laguarimba.com\/wp-content\/uploads\/2016\/08\/DSC_0831-1020x680.jpg\" alt=\"\" title=\"\" \/> <\/div> <div class=\"cycloneslider-slide cycloneslider-slide-image\" > <img decoding=\"async\" src=\"https:\/\/i0.wp.com\/www.laguarimba.com\/wp-content\/uploads\/2016\/08\/DSC_1004-1020x680.jpg\" alt=\"\" title=\"\" \/> <\/div> <div class=\"cycloneslider-slide cycloneslider-slide-image\" > <img decoding=\"async\" src=\"https:\/\/i0.wp.com\/www.laguarimba.com\/wp-content\/uploads\/2016\/08\/DSC_1024-1020x680.jpg\" alt=\"\" title=\"\" \/> <\/div> <div class=\"cycloneslider-slide cycloneslider-slide-image\" > <img decoding=\"async\" src=\"https:\/\/i0.wp.com\/www.laguarimba.com\/wp-content\/uploads\/2016\/08\/DSC_1028-1020x680.jpg\" alt=\"\" title=\"\" \/> <\/div> <div class=\"cycloneslider-slide cycloneslider-slide-image\" > <img decoding=\"async\" src=\"https:\/\/i0.wp.com\/www.laguarimba.com\/wp-content\/uploads\/2016\/08\/DSC_1117-1020x680.jpg\" alt=\"\" title=\"\" \/> <\/div> <div class=\"cycloneslider-slide cycloneslider-slide-image\" > <img decoding=\"async\" src=\"https:\/\/i0.wp.com\/www.laguarimba.com\/wp-content\/uploads\/2016\/08\/DSC_1192-1020x680.jpg\" alt=\"\" title=\"\" \/> <\/div> <div class=\"cycloneslider-slide cycloneslider-slide-image\" > <img decoding=\"async\" src=\"https:\/\/i0.wp.com\/www.laguarimba.com\/wp-content\/uploads\/2016\/08\/DSC_1419-1020x680.jpg\" alt=\"\" title=\"\" \/> <\/div> <div class=\"cycloneslider-slide cycloneslider-slide-image\" > <img decoding=\"async\" src=\"https:\/\/i0.wp.com\/www.laguarimba.com\/wp-content\/uploads\/2016\/08\/DSC_1464-1020x680.jpg\" alt=\"\" title=\"\" \/> <\/div> <div class=\"cycloneslider-slide cycloneslider-slide-image\" > <img decoding=\"async\" src=\"https:\/\/i0.wp.com\/www.laguarimba.com\/wp-content\/uploads\/2016\/08\/DSC_1476-1020x680.jpg\" alt=\"\" title=\"\" \/> <\/div> <\/div> <a href=\"#\" class=\"cycloneslider-prev\"> <span class=\"arrow\"><\/span> <\/a> <a href=\"#\" class=\"cycloneslider-next\"> <span class=\"arrow\"><\/span> <\/a> <\/div>\n<p class=\"p1\" style=\"text-align: justify;\">Per la IV edizione de La Guarimba abbiamo ricevuto pi\u00f9 di 1300 cortometraggi da tutto il mondo, confermando la nostra rilevanza internazionale. Le nazioni invitate ufficialmente quest\u2019anno sono la Cina e il Giappone. Il 2016 \u00e8 l\u2019anno cinese della scimmia per cui ci \u00e8 sembrato opportuno celebrarlo perch\u00e9 la scimmia \u00e9 una parte importante della nostra identit\u00e0, ma \u00e8 anche l\u2019anno in cui Italia e Giappone compiono 150 anni di cooperazione, altro importante motivo per invitare alcuni rappresentanti del cinema di queste due meravigliose nazioni.<\/p>\n<p class=\"p1\" style=\"text-align: justify;\">Il presidente della giuria sar\u00e0 il regista cinese Hu Wei (selezionato nella edizione precedente con \u201cButter Lamp\u201d). La giuria inoltre sar\u00e0 composta da Aki Isoyama, rappresentante del festival di Tokyo \u201cShorts Shorts Festival\u201d; da Joana Gamoes di Doclisboa; da Sam Morrill di VIMEO e da El Tornillo De Klaus dalla Spagna. Tutte le proiezioni de La Guarimba continueranno ad essere ad ingresso libero cos\u00ec come le conferenze, perch\u00e9 il nostro obiettivo \u00e8 quello di riportare il cinema alla gente e la gente al cinema.<\/p>\n<p class=\"p2\" style=\"text-align: justify;\">Abbiamo lavorato molto per creare un programma che possa includere tutti e siamo fiduciosi che questi 50 cortometraggi in gara vi faranno sognare, ridere, piangere, emozionare, in sintesi vi faranno vivere la vera magia del cinema all\u2019aperto.<\/p>\n<hr \/>\n<h1 style=\"text-align: justify;\">ARTISTS FOR LA GUARIMBA 2016<\/h1>\n<p style=\"text-align: justify;\">A cura di\u00a0Sara Fratini<\/p>\n<p style=\"text-align: justify;\"><div tabindex=\"0\" class=\"cycloneslider cycloneslider-template-standard cycloneslider-width-responsive\" id=\"cycloneslider-illustrators2016-2\" style=\"max-width:960px\" > <div class=\"cycloneslider-slides cycle-slideshow\" data-cycle-allow-wrap=\"true\" data-cycle-dynamic-height=\"off\" data-cycle-auto-height=\"960:600\" data-cycle-auto-height-easing=\"null\" data-cycle-auto-height-speed=\"250\" data-cycle-delay=\"0\" data-cycle-easing=\"\" data-cycle-fx=\"fade\" data-cycle-hide-non-active=\"true\" data-cycle-log=\"false\" data-cycle-next=\"#cycloneslider-illustrators2016-2 .cycloneslider-next\" data-cycle-pager=\"#cycloneslider-illustrators2016-2 .cycloneslider-pager\" data-cycle-pause-on-hover=\"true\" data-cycle-prev=\"#cycloneslider-illustrators2016-2 .cycloneslider-prev\" data-cycle-slides=\"&gt; div\" data-cycle-speed=\"1000\" data-cycle-swipe=\"1\" data-cycle-tile-count=\"7\" data-cycle-tile-delay=\"100\" data-cycle-tile-vertical=\"true\" data-cycle-timeout=\"1500\" > <div class=\"cycloneslider-slide cycloneslider-slide-image\" > <img decoding=\"async\" src=\"https:\/\/i0.wp.com\/www.laguarimba.com\/wp-content\/uploads\/2016\/08\/illustrators2016_1-1.png?fit=960%2C600&ssl=1\" alt=\"\" title=\"\" \/> <\/div> <div class=\"cycloneslider-slide cycloneslider-slide-image\" > <img decoding=\"async\" src=\"https:\/\/i0.wp.com\/www.laguarimba.com\/wp-content\/uploads\/2016\/08\/illustrators2016_2-1.png?fit=960%2C600&ssl=1\" alt=\"\" title=\"\" \/> <\/div> <div class=\"cycloneslider-slide cycloneslider-slide-image\" > <img decoding=\"async\" src=\"https:\/\/i0.wp.com\/www.laguarimba.com\/wp-content\/uploads\/2016\/08\/illustrators2016_3-1.png?fit=960%2C600&ssl=1\" alt=\"\" title=\"\" \/> <\/div> <div class=\"cycloneslider-slide cycloneslider-slide-image\" > <img decoding=\"async\" src=\"https:\/\/i0.wp.com\/www.laguarimba.com\/wp-content\/uploads\/2016\/08\/illustrators2016_4-1.png?fit=960%2C600&ssl=1\" alt=\"\" title=\"\" \/> <\/div> <div class=\"cycloneslider-slide cycloneslider-slide-image\" > <img decoding=\"async\" src=\"https:\/\/i0.wp.com\/www.laguarimba.com\/wp-content\/uploads\/2016\/08\/illustrators2016_5-1.png?fit=960%2C600&ssl=1\" alt=\"\" title=\"\" \/> <\/div> <div class=\"cycloneslider-slide cycloneslider-slide-image\" > <img decoding=\"async\" src=\"https:\/\/i0.wp.com\/www.laguarimba.com\/wp-content\/uploads\/2016\/08\/illustrators2016_6-1.png?fit=960%2C600&ssl=1\" alt=\"\" title=\"\" \/> <\/div> <div class=\"cycloneslider-slide cycloneslider-slide-image\" > <img decoding=\"async\" src=\"https:\/\/i0.wp.com\/www.laguarimba.com\/wp-content\/uploads\/2016\/08\/illustrators2016_7-1.png?fit=960%2C600&ssl=1\" alt=\"\" title=\"\" \/> <\/div> <div class=\"cycloneslider-slide cycloneslider-slide-image\" > <img decoding=\"async\" src=\"https:\/\/i0.wp.com\/www.laguarimba.com\/wp-content\/uploads\/2016\/08\/illustrators2016_8-1.png?fit=960%2C600&ssl=1\" alt=\"\" title=\"\" \/> <\/div> <div class=\"cycloneslider-slide cycloneslider-slide-image\" > <img decoding=\"async\" src=\"https:\/\/i0.wp.com\/www.laguarimba.com\/wp-content\/uploads\/2016\/08\/illustrators2016_9-1.png?fit=960%2C600&ssl=1\" alt=\"\" title=\"\" \/> <\/div> <div class=\"cycloneslider-slide cycloneslider-slide-image\" > <img decoding=\"async\" src=\"https:\/\/i0.wp.com\/www.laguarimba.com\/wp-content\/uploads\/2016\/08\/illustrators2016_10-1.png?fit=960%2C600&ssl=1\" alt=\"\" title=\"\" \/> <\/div> <div class=\"cycloneslider-slide cycloneslider-slide-image\" > <img decoding=\"async\" src=\"https:\/\/i0.wp.com\/www.laguarimba.com\/wp-content\/uploads\/2016\/08\/illustrators2016_11-1.png?fit=960%2C600&ssl=1\" alt=\"\" title=\"\" \/> <\/div> <div class=\"cycloneslider-slide cycloneslider-slide-image\" > <img decoding=\"async\" src=\"https:\/\/i0.wp.com\/www.laguarimba.com\/wp-content\/uploads\/2016\/08\/illustrators2016_12-1.png?fit=960%2C600&ssl=1\" alt=\"\" title=\"\" \/> <\/div> <div class=\"cycloneslider-slide cycloneslider-slide-image\" > <img decoding=\"async\" src=\"https:\/\/i0.wp.com\/www.laguarimba.com\/wp-content\/uploads\/2016\/08\/illustrators2016_13-1.png?fit=960%2C600&ssl=1\" alt=\"\" title=\"\" \/> <\/div> <div class=\"cycloneslider-slide cycloneslider-slide-image\" > <img decoding=\"async\" src=\"https:\/\/i0.wp.com\/www.laguarimba.com\/wp-content\/uploads\/2016\/08\/illustrators2016_14-1.png?fit=960%2C600&ssl=1\" alt=\"\" title=\"\" \/> <\/div> <div class=\"cycloneslider-slide cycloneslider-slide-image\" > <img decoding=\"async\" src=\"https:\/\/i0.wp.com\/www.laguarimba.com\/wp-content\/uploads\/2016\/08\/illustrators2016_15-1.png?fit=960%2C600&ssl=1\" alt=\"\" title=\"\" \/> <\/div> <div class=\"cycloneslider-slide cycloneslider-slide-image\" > <img decoding=\"async\" src=\"https:\/\/i0.wp.com\/www.laguarimba.com\/wp-content\/uploads\/2016\/08\/illustrators2016_16-1.png?fit=960%2C600&ssl=1\" alt=\"\" title=\"\" \/> <\/div> <div class=\"cycloneslider-slide cycloneslider-slide-image\" > <img decoding=\"async\" src=\"https:\/\/i0.wp.com\/www.laguarimba.com\/wp-content\/uploads\/2016\/08\/illustrators2016_17-1.png?fit=960%2C600&ssl=1\" alt=\"\" title=\"\" \/> <\/div> <div class=\"cycloneslider-slide cycloneslider-slide-image\" > <img decoding=\"async\" src=\"https:\/\/i0.wp.com\/www.laguarimba.com\/wp-content\/uploads\/2016\/08\/illustrators2016_18-1.png?fit=960%2C600&ssl=1\" alt=\"\" title=\"\" \/> <\/div> <div class=\"cycloneslider-slide cycloneslider-slide-image\" > <img decoding=\"async\" src=\"https:\/\/i0.wp.com\/www.laguarimba.com\/wp-content\/uploads\/2016\/08\/illustrators2016_19-1.png?fit=960%2C600&ssl=1\" alt=\"\" title=\"\" \/> <\/div> <div class=\"cycloneslider-slide cycloneslider-slide-image\" > <img decoding=\"async\" src=\"https:\/\/i0.wp.com\/www.laguarimba.com\/wp-content\/uploads\/2016\/08\/illustrators2016_20-1.png?fit=960%2C600&ssl=1\" alt=\"\" title=\"\" \/> <\/div> <div class=\"cycloneslider-slide cycloneslider-slide-image\" > <img decoding=\"async\" src=\"https:\/\/i0.wp.com\/www.laguarimba.com\/wp-content\/uploads\/2016\/08\/illustrators2016_21-1.png?fit=960%2C600&ssl=1\" alt=\"\" title=\"\" \/> <\/div> <div class=\"cycloneslider-slide cycloneslider-slide-image\" > <img decoding=\"async\" src=\"https:\/\/i0.wp.com\/www.laguarimba.com\/wp-content\/uploads\/2016\/08\/illustrators2016_22-1.png?fit=960%2C600&ssl=1\" alt=\"\" title=\"\" \/> <\/div> <div class=\"cycloneslider-slide cycloneslider-slide-image\" > <img decoding=\"async\" src=\"https:\/\/i0.wp.com\/www.laguarimba.com\/wp-content\/uploads\/2016\/08\/illustrators2016_23-1.png?fit=960%2C600&ssl=1\" alt=\"\" title=\"\" \/> <\/div> <div class=\"cycloneslider-slide cycloneslider-slide-image\" > <img decoding=\"async\" src=\"https:\/\/i0.wp.com\/www.laguarimba.com\/wp-content\/uploads\/2016\/08\/illustrators2016_24-1.png?fit=960%2C600&ssl=1\" alt=\"\" title=\"\" \/> <\/div> <div class=\"cycloneslider-slide cycloneslider-slide-image\" > <img decoding=\"async\" src=\"https:\/\/i0.wp.com\/www.laguarimba.com\/wp-content\/uploads\/2016\/08\/illustrators2016_25-1.png?fit=960%2C600&ssl=1\" alt=\"\" title=\"\" \/> <\/div> <div class=\"cycloneslider-slide cycloneslider-slide-image\" > <img decoding=\"async\" src=\"https:\/\/i0.wp.com\/www.laguarimba.com\/wp-content\/uploads\/2016\/08\/illustrators2016_26-1.png?fit=960%2C600&ssl=1\" alt=\"\" title=\"\" \/> <\/div> <div class=\"cycloneslider-slide cycloneslider-slide-image\" > <img decoding=\"async\" src=\"https:\/\/i0.wp.com\/www.laguarimba.com\/wp-content\/uploads\/2016\/08\/illustrators2016_27-1.png?fit=960%2C600&ssl=1\" alt=\"\" title=\"\" \/> <\/div> <div class=\"cycloneslider-slide cycloneslider-slide-image\" > <img decoding=\"async\" src=\"https:\/\/i0.wp.com\/www.laguarimba.com\/wp-content\/uploads\/2016\/08\/illustrators2016_28-1.png?fit=960%2C600&ssl=1\" alt=\"\" title=\"\" \/> <\/div> <div class=\"cycloneslider-slide cycloneslider-slide-image\" > <img decoding=\"async\" src=\"https:\/\/i0.wp.com\/www.laguarimba.com\/wp-content\/uploads\/2016\/08\/illustrators2016_29-1.png?fit=960%2C600&ssl=1\" alt=\"\" title=\"\" \/> <\/div> <div class=\"cycloneslider-slide cycloneslider-slide-image\" > <img decoding=\"async\" src=\"https:\/\/i0.wp.com\/www.laguarimba.com\/wp-content\/uploads\/2016\/08\/illustrators2016_30-1.png?fit=960%2C600&ssl=1\" alt=\"\" title=\"\" \/> <\/div> <\/div> <a href=\"#\" class=\"cycloneslider-prev\"> <span class=\"arrow\"><\/span> <\/a> <a href=\"#\" class=\"cycloneslider-next\"> <span class=\"arrow\"><\/span> <\/a> <\/div>\n<hr \/>\n<h1 style=\"text-align: justify;\">LA GIURIA\u00a02016<a href=\"http:\/\/www.laguarimba.com\/wp-content\/uploads\/2016\/08\/jury2016_3.jpg\"><br \/>\n<\/a><\/h1>\n<h1 style=\"text-align: justify;\"><\/h1>\n[\/vc_column_text][\/vc_column][\/vc_row][vc_row][vc_column width=&#8221;1\/4&#8243;][vc_single_image image=&#8221;30695&#8243;][\/vc_column][vc_column width=&#8221;3\/4&#8243;][vc_column_text]\n<p class=\"p1\" style=\"text-align: justify;\"><strong>HU Wei <\/strong>nato a Pechino (Cina) nel 1983, attualmente vive e lavora tra Parigi e Pechino. Diploma della \u00c9cole Nationale Sup\u00e9rieure des Beaux Arts di Parigi nel 2011 e del Fresnoy, Studio Nazionale delle arti contemporanee nel 2013.<\/p>\n[\/vc_column_text][\/vc_column][\/vc_row][vc_row][vc_column width=&#8221;3\/4&#8243;][vc_column_text]\n<p class=\"p1\" style=\"text-align: justify;\"><strong>Aki Isoyama (Japan)<\/strong> Nata nel 1982. Dal 2008, \u00e8 stata responsabile della programmazione, dell\u2019accoglienza delle relazioni internazionali di Short Shorts Film Festival &amp; Asia. \u00c8 Programming Manager di SSFF &amp; Asia dal 2011. Dal 2015 \u00e8 anche direttore generale della divisione contenuti visivi di Pacific Voice Inc, la societ\u00e0 operativa del SSFF &amp; Asia, responsabile di acquisizioni di cortometraggi e vendite.<\/p>\n[\/vc_column_text][\/vc_column][vc_column width=&#8221;1\/4&#8243;][vc_single_image image=&#8221;30707&#8243;][\/vc_column][\/vc_row][vc_row][vc_column width=&#8221;1\/4&#8243;][vc_single_image image=&#8221;30701&#8243;][\/vc_column][vc_column width=&#8221;3\/4&#8243;][vc_column_text]\n<p class=\"p1\" style=\"text-align: justify;\"><strong>Sam Morrill (USA)<\/strong> Dal suo ingresso in azienda nel 2009, Sam Morrill ha avuto differenti responsabilit\u00e0 in Vimeo. Dall\u2019assistenza clienti, passando per la gestione del Vimeo Staff Picks e pi\u00f9 recentemente come Creator Relations Lead, Sam ha sperimentato in prima persona la crescita e l\u2019evoluzione di Vimeo da differenti angolazioni.<\/p>\n[\/vc_column_text][\/vc_column][\/vc_row][vc_row][vc_column width=&#8221;3\/4&#8243;][vc_column_text]\n<p class=\"p1\" style=\"text-align: justify;\"><strong>Joana Galhardas (Portugal)<\/strong> nata ad \u00c9vora, Portogallo (1986). Nel 2014 \u00e8 entrata a far parte di Doclisboa, come membro del suo Festival Internazionale, collaborando come assistente alla programmazione e alla stampa. Nel 2015, ha anche lavorato nel Portogallo Film Agency. Attualmente, \u00e8 una dei programmatori della sezione Green Years e responsabile della stampa di DocLisboa.<\/p>\n[\/vc_column_text][\/vc_column][vc_column width=&#8221;1\/4&#8243;][vc_single_image image=&#8221;30698&#8243;][\/vc_column][\/vc_row][vc_row][vc_column width=&#8221;1\/4&#8243;][vc_single_image image=&#8221;30704&#8243;][\/vc_column][vc_column width=&#8221;3\/4&#8243;][vc_column_text]\n<p class=\"p1\" style=\"text-align: justify;\"><strong>El Tornillo De Klaus (Spain).\u00a0<\/strong>\u00c8 un team che si dedica all\u2019analisi cinematografica e alla creazione dei propri progetti audiovisivi e alla stesura degli scenari.<\/p>\n[\/vc_column_text][\/vc_column][\/vc_row][vc_row][vc_column][vc_column_text]\n<hr \/>\n<h1 style=\"text-align: justify;\">THE WINNERS\u00a02016<\/h1>\n<p style=\"text-align: justify;\"><span style=\"line-height: 1.5;\"><div tabindex=\"0\" class=\"cycloneslider cycloneslider-template-standard cycloneslider-width-responsive\" id=\"cycloneslider-winners2016-3\" style=\"max-width:1200px\" > <div class=\"cycloneslider-slides cycle-slideshow\" data-cycle-allow-wrap=\"true\" data-cycle-dynamic-height=\"off\" data-cycle-auto-height=\"1200:791\" data-cycle-auto-height-easing=\"null\" data-cycle-auto-height-speed=\"250\" data-cycle-delay=\"0\" data-cycle-easing=\"\" data-cycle-fx=\"fade\" data-cycle-hide-non-active=\"true\" data-cycle-log=\"false\" data-cycle-next=\"#cycloneslider-winners2016-3 .cycloneslider-next\" data-cycle-pager=\"#cycloneslider-winners2016-3 .cycloneslider-pager\" data-cycle-pause-on-hover=\"true\" data-cycle-prev=\"#cycloneslider-winners2016-3 .cycloneslider-prev\" data-cycle-slides=\"&gt; div\" data-cycle-speed=\"1000\" data-cycle-swipe=\"1\" data-cycle-tile-count=\"7\" data-cycle-tile-delay=\"100\" data-cycle-tile-vertical=\"true\" data-cycle-timeout=\"4000\" > <div class=\"cycloneslider-slide cycloneslider-slide-image\" > <img decoding=\"async\" src=\"https:\/\/i0.wp.com\/www.laguarimba.com\/wp-content\/uploads\/2016\/09\/best-animation.png?fit=1200%2C791&ssl=1\" alt=\"\" title=\"\" \/> <\/div> <div class=\"cycloneslider-slide cycloneslider-slide-image\" > <img decoding=\"async\" src=\"https:\/\/i0.wp.com\/www.laguarimba.com\/wp-content\/uploads\/2016\/09\/best-documentary.png?fit=1200%2C791&ssl=1\" alt=\"\" title=\"\" \/> <\/div> <div class=\"cycloneslider-slide cycloneslider-slide-image\" > <img decoding=\"async\" src=\"https:\/\/i0.wp.com\/www.laguarimba.com\/wp-content\/uploads\/2016\/09\/best-fiction.png?fit=1200%2C791&ssl=1\" alt=\"\" title=\"\" \/> <\/div> <div class=\"cycloneslider-slide cycloneslider-slide-image\" > <img decoding=\"async\" src=\"https:\/\/i0.wp.com\/www.laguarimba.com\/wp-content\/uploads\/2016\/09\/best-music-video.png?fit=1200%2C791&ssl=1\" alt=\"\" title=\"\" \/> <\/div> <div class=\"cycloneslider-slide cycloneslider-slide-image\" > <img decoding=\"async\" src=\"https:\/\/i0.wp.com\/www.laguarimba.com\/wp-content\/uploads\/2016\/09\/special-jury-award.png?fit=1200%2C791&ssl=1\" alt=\"\" title=\"\" \/> <\/div> <div class=\"cycloneslider-slide cycloneslider-slide-image\" > <img decoding=\"async\" src=\"https:\/\/i0.wp.com\/www.laguarimba.com\/wp-content\/uploads\/2016\/09\/special-jury-mention.png?fit=1200%2C791&ssl=1\" alt=\"\" title=\"\" \/> <\/div> <div class=\"cycloneslider-slide cycloneslider-slide-image\" > <img decoding=\"async\" src=\"https:\/\/i0.wp.com\/www.laguarimba.com\/wp-content\/uploads\/2016\/09\/audience-award.png?fit=1200%2C791&ssl=1\" alt=\"\" title=\"\" \/> <\/div> <\/div> <div class=\"cycloneslider-pager\"><\/div> <a href=\"#\" class=\"cycloneslider-prev\"> <span class=\"arrow\"><\/span> <\/a> <a href=\"#\" class=\"cycloneslider-next\"> <span class=\"arrow\"><\/span> <\/a> <\/div><\/span><\/p>\n<h1 style=\"text-align: justify;\"><\/h1>\n[\/vc_column_text][\/vc_column][\/vc_row][vc_row][vc_column][vc_column_text]\n<hr \/>\n<h1 style=\"text-align: justify;\">MEDIA\u00a02016<\/h1>\n[\/vc_column_text][\/vc_column][\/vc_row][vc_row][vc_column width=&#8221;1\/3&#8243;][vc_video link=&#8221;https:\/\/vimeo.com\/178726870&#8243;][\/vc_column][vc_column width=&#8221;1\/3&#8243;][vc_video link=&#8221;https:\/\/vimeo.com\/177802534&#8243;][\/vc_column][vc_column width=&#8221;1\/3&#8243;][vc_video link=&#8221;https:\/\/vimeo.com\/170141090&#8243;][\/vc_column][\/vc_row]\n<\/div>","protected":false},"excerpt":{"rendered":"<p>[vc_row][vc_column][vc_column_text] Per la IV edizione de La Guarimba abbiamo ricevuto pi\u00f9 di 1300 cortometraggi da tutto il mondo, confermando la nostra rilevanza internazionale. Le nazioni invitate ufficialmente quest\u2019anno sono la Cina e il Giappone. Il 2016 \u00e8 l\u2019anno cinese della scimmia per cui ci \u00e8 sembrato opportuno celebrarlo perch\u00e9 la scimmia \u00e9 una parte importante [&hellip;]<\/p>\n","protected":false},"author":1,"featured_media":0,"parent":0,"menu_order":0,"comment_status":"closed","ping_status":"open","template":"page.php","meta":{"jetpack_post_was_ever_published":false,"footnotes":""},"class_list":["post-30819","page","type-page","status-publish","hentry"],"jetpack_shortlink":"https:\/\/wp.me\/P4S7Ao-815","jetpack_sharing_enabled":true,"_links":{"self":[{"href":"https:\/\/www.laguarimba.com\/it\/wp-json\/wp\/v2\/pages\/30819","targetHints":{"allow":["GET"]}}],"collection":[{"href":"https:\/\/www.laguarimba.com\/it\/wp-json\/wp\/v2\/pages"}],"about":[{"href":"https:\/\/www.laguarimba.com\/it\/wp-json\/wp\/v2\/types\/page"}],"author":[{"embeddable":true,"href":"https:\/\/www.laguarimba.com\/it\/wp-json\/wp\/v2\/users\/1"}],"replies":[{"embeddable":true,"href":"https:\/\/www.laguarimba.com\/it\/wp-json\/wp\/v2\/comments?post=30819"}],"version-history":[{"count":5,"href":"https:\/\/www.laguarimba.com\/it\/wp-json\/wp\/v2\/pages\/30819\/revisions"}],"predecessor-version":[{"id":45254,"href":"https:\/\/www.laguarimba.com\/it\/wp-json\/wp\/v2\/pages\/30819\/revisions\/45254"}],"wp:attachment":[{"href":"https:\/\/www.laguarimba.com\/it\/wp-json\/wp\/v2\/media?parent=30819"}],"curies":[{"name":"wp","href":"https:\/\/api.w.org\/{rel}","templated":true}]}}