{"id":31806,"date":"2017-04-30T16:09:28","date_gmt":"2017-04-30T16:09:28","guid":{"rendered":"http:\/\/www.laguarimba.com\/it\/lagrottadeipiccoli2017\/"},"modified":"2017-07-03T11:57:39","modified_gmt":"2017-07-03T11:57:39","slug":"lagrottadeipiccoli2017","status":"publish","type":"page","link":"https:\/\/www.laguarimba.com\/it\/lagrottadeipiccoli2017\/","title":{"rendered":"La Grotta Dei Piccoli 2017"},"content":{"rendered":"<div class=\"wpb-content-wrapper\">[vc_row][vc_column width=&#8221;1\/2&#8243;][vc_column_text]&#8221;La Grotta dei Piccoli&#8221; \u00e8 uno spazio\u00a0di cinema per bambini all&#8217;interno de La Guarimba che da quest&#8217;anno si realizza in collaborazione con UNICEF Italia.<\/p>\n<p>La programmazione della grotta dei piccoli che presenteremo quest\u2019estate \u00e8 frutto di un\u2019attenta selezione dei lavori ricevuti, alla fine della quale sono stati scelti 40 cortometraggi animati provenienti da 24 Paesi di tutto il mondo.[\/vc_column_text][\/vc_column][vc_column width=&#8221;1\/2&#8243;][vc_column_text]&#8221;Credo fortemente in questa esperienza di cinema focalizzata sulle nuove generazioni, che hanno cos\u00ec la possibilit\u00e0 di entrare in contatto con una realt\u00e0 audiovisiva nuova altrimenti sconosciuta, poich\u00e9 al di fuori dei canali ordinari, consapevoli che questo possa indurre allo sviluppo della creativit\u00e0 e della fantasia&#8221; -Alex Spagnolo, curatore del progetto<\/p>\n<p>#LaGuarimba2017[\/vc_column_text][\/vc_column][\/vc_row][vc_row][vc_column][vc_separator color=&#8221;custom&#8221; accent_color=&#8221;#add136&#8243;][\/vc_column][\/vc_row][vc_row][vc_column width=&#8221;1\/3&#8243;][vc_single_image image=&#8221;31782&#8243; img_size=&#8221;full&#8221; alignment=&#8221;center&#8221; title=&#8221;3Min.33 Before the End&#8221;][vc_column_text css=&#8221;.vc_custom_1493819701720{margin-top: -25px !important;}&#8221;]\n<p style=\"text-align: center;\"><span style=\"font-size: 10pt;\">Chenghua Yang | 2017 | 4&#8217;19&#8221; | FRANCIA<\/span><\/p>\n[\/vc_column_text][\/vc_column][vc_column width=&#8221;1\/3&#8243;][vc_single_image image=&#8221;31770&#8243; img_size=&#8221;full&#8221; alignment=&#8221;center&#8221; title=&#8221;The Psychedelic Rope&#8221;][vc_column_text css=&#8221;.vc_custom_1499082229922{margin-top: -25px !important;}&#8221;]\n<p style=\"text-align: center;\"><span style=\"text-align: justify; line-height: 1.5; font-size: 10pt;\">Liu Gaoxiang |\u00a02016 |\u00a010&#8242; |\u00a0CINA<\/span><\/p>\n[\/vc_column_text][\/vc_column][vc_column width=&#8221;1\/3&#8243;][vc_single_image image=&#8221;31767&#8243; img_size=&#8221;full&#8221; alignment=&#8221;center&#8221; title=&#8221;Singing Frogs&#8221;][vc_column_text css=&#8221;.vc_custom_1493819738346{margin-top: -25px !important;}&#8221;]\n<p style=\"text-align: center;\"><span style=\"text-align: justify; line-height: 1.5;\"><span style=\"font-size: 10pt;\">Violaine Pasquet | 2016 | 10&#8217;49&#8221; |\u00a0FRANCIA<\/span><\/span><\/p>\n[\/vc_column_text][\/vc_column][\/vc_row][vc_row][vc_column width=&#8221;1\/3&#8243;][vc_single_image image=&#8221;31764&#8243; img_size=&#8221;full&#8221; alignment=&#8221;center&#8221; title=&#8221;Chickens&#8221;][vc_column_text css=&#8221;.vc_custom_1499082206688{margin-top: -25px !important;}&#8221;]\n<p style=\"text-align: center;\"><span style=\"font-size: 10pt;\">George Wu | 2016 | 3&#8217;47&#8221; |\u00a0UK<\/span><\/p>\n[\/vc_column_text][\/vc_column][vc_column width=&#8221;1\/3&#8243;][vc_single_image image=&#8221;31776&#8243; img_size=&#8221;full&#8221; alignment=&#8221;center&#8221; title=&#8221;Oh My&#8221;][vc_column_text css=&#8221;.vc_custom_1499082256936{margin-top: -25px !important;}&#8221;]\n<p style=\"text-align: center;\"><span style=\"font-size: 10pt;\">Tess Martin |\u00a02016 | 3&#8217;58&#8221; | PAESI BASSI<\/span><\/p>\n<p style=\"text-align: justify;\">Musica: The Animators<\/p>\n[\/vc_column_text][\/vc_column][vc_column width=&#8221;1\/3&#8243;][vc_single_image image=&#8221;31773&#8243; img_size=&#8221;full&#8221; alignment=&#8221;center&#8221; title=&#8221;Analytical Residues&#8221;][vc_column_text css=&#8221;.vc_custom_1499082275004{margin-top: -25px !important;}&#8221;]\n<p style=\"text-align: center;\"><span style=\"font-size: 10pt;\">Jon Boutin | 2016 | 8&#8217;38&#8221; |\u00a0FRANCIA<\/span><\/p>\n[\/vc_column_text][\/vc_column][\/vc_row][vc_row][vc_column width=&#8221;1\/3&#8243;][vc_single_image image=&#8221;31755&#8243; img_size=&#8221;full&#8221; alignment=&#8221;center&#8221; title=&#8221;Au Revoir Balthazar&#8221;][vc_column_text css=&#8221;.vc_custom_1493819944146{margin-top: -25px !important;}&#8221;]\n<p style=\"text-align: center;\"><span style=\"font-size: 10pt;\"> Rafael Sommerhalder | 2016 | 9&#8242; |\u00a0SVIZZERA<\/span><\/p>\n[\/vc_column_text][\/vc_column][vc_column width=&#8221;1\/3&#8243;][vc_single_image image=&#8221;31761&#8243; img_size=&#8221;full&#8221; alignment=&#8221;center&#8221; title=&#8221;Catherine&#8221;][vc_column_text css=&#8221;.vc_custom_1499082308733{margin-top: -25px !important;}&#8221;]\n<p style=\"text-align: center;\"><span style=\"font-size: 10pt;\">Britt Raes | 2016 | 11&#8217;51&#8221; |\u00a0BELGIO<\/span><\/p>\n[\/vc_column_text][\/vc_column][vc_column width=&#8221;1\/3&#8243;][vc_single_image image=&#8221;31758&#8243; img_size=&#8221;full&#8221; alignment=&#8221;center&#8221; title=&#8221;A Fuga&#8221;][vc_column_text css=&#8221;.vc_custom_1499082292162{margin-top: -25px !important;}&#8221;]\n<p style=\"text-align: center;\"><span style=\"font-size: 10pt;\">Douglas Alves Ferreira | 2015 | 9&#8217;34&#8221; | BRASILE<\/span><\/p>\n[\/vc_column_text][\/vc_column][\/vc_row][vc_row][vc_column width=&#8221;1\/3&#8243;][vc_single_image image=&#8221;31779&#8243; img_size=&#8221;full&#8221; alignment=&#8221;center&#8221; title=&#8221;The Vertical Mattress&#8221;][vc_column_text css=&#8221;.vc_custom_1499082497145{margin-top: -25px !important;}&#8221;]\n<p style=\"text-align: center;\"><span style=\"font-size: 10pt;\">Mauricio\u00a0Arrieta | 2016 | 7&#8242; |\u00a0COLOMBIA \/ UK<\/span><\/p>\n[\/vc_column_text][\/vc_column][vc_column width=&#8221;1\/3&#8243;][vc_single_image image=&#8221;31752&#8243; img_size=&#8221;full&#8221; alignment=&#8221;center&#8221; title=&#8221;Awesome Beetle&#8217;s Colors&#8221;][vc_column_text css=&#8221;.vc_custom_1493820141985{margin-top: -25px !important;}&#8221;]\n<p style=\"text-align: center;\"><span style=\"font-size: 10pt;\">Indra Sproge | 2016 | 3&#8217;12&#8243;|\u00a0LETTONIA<\/span><\/p>\n[\/vc_column_text][\/vc_column][vc_column width=&#8221;1\/3&#8243;][vc_single_image image=&#8221;31749&#8243; img_size=&#8221;full&#8221; alignment=&#8221;center&#8221; title=&#8221;Hugo Bumfeldt&#8221;][vc_column_text css=&#8221;.vc_custom_1493820366559{margin-top: -25px !important;}&#8221;]\n<p style=\"text-align: center;\"><span style=\"font-size: 10pt;\">\u00c9va Katinka Bogn\u00e1r | 2016 | 12&#8217;02&#8243;| UNGHERIA<\/span><\/p>\n[\/vc_column_text][\/vc_column][\/vc_row][vc_row][vc_column width=&#8221;1\/3&#8243;][vc_single_image image=&#8221;31746&#8243; img_size=&#8221;full&#8221; alignment=&#8221;center&#8221; title=&#8221;CHIKA, THE DOG IN THE GHETTO&#8221;][vc_column_text css=&#8221;.vc_custom_1499082706313{margin-top: -25px !important;}&#8221;]\n<p style=\"text-align: center;\"><span style=\"font-size: 10pt;\"><span class=\"text-black\">Sandra Schie\u00dfl | 2016 | 16&#8217;21&#8221; |\u00a0GERMANIA<\/span><\/span><\/p>\n[\/vc_column_text][\/vc_column][vc_column width=&#8221;1\/3&#8243;][vc_single_image image=&#8221;31743&#8243; img_size=&#8221;full&#8221; alignment=&#8221;center&#8221; title=&#8221;The Sea&#8221;][vc_column_text css=&#8221;.vc_custom_1493820969867{margin-top: -25px !important;}&#8221;]\n<p style=\"text-align: center;\"><span style=\"font-size: 10pt;\"> Florian Maubach | 2016 | 3&#8242; |\u00a0GERMANIA<\/span><\/p>\n<p>Musica: COMA[\/vc_column_text][\/vc_column][vc_column width=&#8221;1\/3&#8243;][vc_single_image image=&#8221;31740&#8243; img_size=&#8221;full&#8221; alignment=&#8221;center&#8221; title=&#8221;Dancing Eye&#8221;][vc_column_text css=&#8221;.vc_custom_1493576072495{margin-top: -25px !important;}&#8221;]\n<p class=\"p1\" style=\"text-align: center;\"><span style=\"font-size: 10pt;\">Eric Lee | 2015| 6&#8242; | HONG KONG<\/span><\/p>\n[\/vc_column_text][\/vc_column][\/vc_row][vc_row][vc_column width=&#8221;1\/3&#8243;][vc_single_image image=&#8221;31737&#8243; img_size=&#8221;full&#8221; alignment=&#8221;center&#8221; title=&#8221;Ethnofobia&#8221;][vc_column_text css=&#8221;.vc_custom_1499082625784{margin-top: -25px !important;}&#8221;]\n<p style=\"text-align: center;\"><span style=\"font-size: 10pt;\">Joan Zhonga | 2016 | 14&#8217;20&#8221; |\u00a0ALBANIA \/ GRECIA<\/span><\/p>\n[\/vc_column_text][\/vc_column][vc_column width=&#8221;1\/3&#8243;][vc_single_image image=&#8221;31734&#8243; img_size=&#8221;full&#8221; alignment=&#8221;center&#8221; title=&#8221;Alike&#8221;][vc_column_text css=&#8221;.vc_custom_1499082648633{margin-top: -25px !important;}&#8221;]\n<p style=\"text-align: center;\"><span style=\"font-size: 10pt;\">Daniel Mart\u00ednez Lara &amp; Rafa Cano M\u00e9ndez | 2015 | 8&#8217;01&#8221; |\u00a0SPAGNA<\/span><\/p>\n[\/vc_column_text][\/vc_column][vc_column width=&#8221;1\/3&#8243;][vc_single_image image=&#8221;31731&#8243; img_size=&#8221;full&#8221; alignment=&#8221;center&#8221; title=&#8221;Good Night&#8221;][vc_column_text css=&#8221;.vc_custom_1499082783289{margin-top: -25px !important;}&#8221;]\n<p style=\"text-align: center;\"><span style=\"font-size: 10pt;\">Henning Backhaus | 2016 | 6&#8217;37&#8221; |\u00a0AUSTRIA<\/span><\/p>\n[\/vc_column_text][\/vc_column][\/vc_row][vc_row][vc_column width=&#8221;1\/3&#8243;][vc_single_image image=&#8221;31728&#8243; img_size=&#8221;full&#8221; alignment=&#8221;center&#8221; title=&#8221;Lilou&#8221;][vc_column_text]\n<p style=\"text-align: center;\"><span style=\"font-size: 10pt;\">Rawan Rahim | 2015 | 7&#8217;45&#8221; | LIBANO<\/span><\/p>\n[\/vc_column_text][\/vc_column][vc_column width=&#8221;1\/3&#8243;][vc_single_image image=&#8221;31725&#8243; img_size=&#8221;full&#8221; alignment=&#8221;center&#8221; title=&#8221;Blue Honey&#8221;][vc_column_text]\n<p style=\"text-align: center;\"><span style=\"font-size: 10pt;\">Fanny Lhotellier, Daphne Durocher &amp; Constance Joliff |\u00a02015 | 4&#8217;45&#8221; |\u00a0FRANCIA<\/span><\/p>\n[\/vc_column_text][\/vc_column][vc_column width=&#8221;1\/3&#8243;][vc_single_image image=&#8221;31722&#8243; img_size=&#8221;full&#8221; alignment=&#8221;center&#8221; title=&#8221;Eclipse&#8221;][vc_column_text]\n<p style=\"text-align: center;\"><span style=\"font-size: 10pt;\">Jerrold Chong |\u00a02016 | 06&#8217;20&#8221; |\u00a0USA<\/span><\/p>\n[\/vc_column_text][\/vc_column][\/vc_row][vc_row][vc_column width=&#8221;1\/3&#8243;][vc_single_image image=&#8221;31719&#8243; img_size=&#8221;full&#8221; alignment=&#8221;center&#8221; title=&#8221;Notorious Corn&#8221;][vc_column_text]\n<p style=\"text-align: center;\"><span style=\"font-size: 10pt;\">Mallory Grolleau | 2015 |\u00a01&#8217;15&#8221; |\u00a0FRANCIA<\/span><\/p>\n[\/vc_column_text][\/vc_column][vc_column width=&#8221;1\/3&#8243;][vc_single_image image=&#8221;31716&#8243; img_size=&#8221;full&#8221; alignment=&#8221;center&#8221; title=&#8221;Alvin The Ant&#8221;][vc_column_text]\n<p style=\"text-align: center;\"><span style=\"font-size: 10pt;\">Zehao Xue |\u00a02016 | 3&#8217;33&#8221; |\u00a0USA<\/span><\/p>\n[\/vc_column_text][\/vc_column][vc_column width=&#8221;1\/3&#8243;][vc_single_image image=&#8221;31713&#8243; img_size=&#8221;full&#8221; alignment=&#8221;center&#8221; title=&#8221;Squirrel Island&#8221;][vc_column_text]\n<p style=\"text-align: center;\"><span style=\"font-size: 10pt;\">Astrid Goldsmith |\u00a02016 | 21&#8217;11&#8221; |\u00a0UK<\/span><\/p>\n[\/vc_column_text][\/vc_column][\/vc_row][vc_row][vc_column width=&#8221;1\/3&#8243;][vc_single_image image=&#8221;31710&#8243; img_size=&#8221;full&#8221; alignment=&#8221;center&#8221; title=&#8221;For You&#8221;][vc_column_text]\n<p style=\"text-align: center;\"><span style=\"font-size: 10pt;\">Yajun Shi |\u00a02016 | 1&#8217;35&#8221; |\u00a0USA<\/span><\/p>\n[\/vc_column_text][\/vc_column][vc_column width=&#8221;1\/3&#8243;][vc_single_image image=&#8221;31707&#8243; img_size=&#8221;full&#8221; alignment=&#8221;center&#8221; title=&#8221;The Snow Girl&#8221;][vc_column_text]\n<p style=\"text-align: center;\"><span style=\"font-size: 10pt;\">Mixtape Club | 2016 | 4&#8217;18&#8221; |\u00a0USA<\/span><\/p>\n[\/vc_column_text][\/vc_column][vc_column width=&#8221;1\/3&#8243;][vc_single_image image=&#8221;31704&#8243; img_size=&#8221;full&#8221; alignment=&#8221;center&#8221; title=&#8221;Bart&#8221;][vc_column_text]\n<p style=\"text-align: center;\"><span style=\"font-size: 10pt;\">Yun-Sian Huang | 2016 | 16&#8217;46&#8221; |\u00a0TAIWAN<\/span><\/p>\n[\/vc_column_text][\/vc_column][\/vc_row][vc_row][vc_column width=&#8221;1\/3&#8243;][vc_single_image image=&#8221;31701&#8243; img_size=&#8221;full&#8221; alignment=&#8221;center&#8221; title=&#8221;TIS&#8221;][vc_column_text]\n<p style=\"text-align: center;\"><span style=\"font-size: 10pt;\">Chlo\u00eb Lesueur |\u00a02016 | 9&#8242; |\u00a0FRANCIA<\/span><\/p>\n[\/vc_column_text][\/vc_column][vc_column width=&#8221;1\/3&#8243;][vc_single_image image=&#8221;31698&#8243; img_size=&#8221;full&#8221; alignment=&#8221;center&#8221; title=&#8221;Tokri&#8221;][vc_column_text]\n<p style=\"text-align: center;\"><span style=\"font-size: 10pt;\">Suresh Eriyat |\u00a02017 |\u00a014&#8217;46&#8221; | INDIA<\/span><\/p>\n[\/vc_column_text][\/vc_column][vc_column width=&#8221;1\/3&#8243;][vc_single_image image=&#8221;31555&#8243; img_size=&#8221;full&#8221; alignment=&#8221;center&#8221; title=&#8221;Winter Love&#8221;][vc_column_text]\n<p style=\"text-align: center;\"><span style=\"font-size: 10pt;\">Isabel Herguera |\u00a02015 |\u00a08&#8217;00&#8221; |\u00a0ITALIA \/ SPAGNA<\/span><\/p>\n[\/vc_column_text][\/vc_column][\/vc_row][vc_row][vc_column width=&#8221;1\/3&#8243;][vc_single_image image=&#8221;31565&#8243; img_size=&#8221;full&#8221; alignment=&#8221;center&#8221; title=&#8221;Scent of Geranium&#8221;][vc_column_text]\n<p style=\"text-align: center;\"><span style=\"font-size: 10pt;\">Naghmeh Farzaneh |\u00a02016 |\u00a04&#8217;41&#8221; |\u00a0IRAN<\/span><\/p>\n[\/vc_column_text][\/vc_column][vc_column width=&#8221;1\/3&#8243;][vc_single_image image=&#8221;31562&#8243; img_size=&#8221;full&#8221; alignment=&#8221;center&#8221; title=&#8221;Wednesday With Goddard&#8221;][vc_column_text]\n<p style=\"text-align: center;\"><span style=\"font-size: 10pt;\">Nicolas Me\u0301nard |\u00a02016 |\u00a05&#8242; | UK<\/span><\/p>\n[\/vc_column_text][\/vc_column][vc_column width=&#8221;1\/3&#8243;][vc_single_image image=&#8221;31568&#8243; img_size=&#8221;full&#8221; alignment=&#8221;center&#8221; title=&#8221;White Tunnel&#8221;][vc_column_text]\n<p style=\"text-align: center;\"><span style=\"font-size: 10pt;\">Chien Lan-chi &amp; Chang Chin-wei | 2016 |\u00a022&#8242; |\u00a0TAIWAN<\/span><\/p>\n[\/vc_column_text][\/vc_column][\/vc_row][vc_row][vc_column width=&#8221;1\/3&#8243;][vc_single_image image=&#8221;31792&#8243; img_size=&#8221;full&#8221; alignment=&#8221;center&#8221; title=&#8221;White Silence&#8221;][vc_column_text]\n<p style=\"text-align: center;\"><span style=\"font-size: 10pt;\">Kim Hyo-mi |\u00a02016 |\u00a013&#8217;41&#8221; | COREA DEL SUD<\/span><\/p>\n[\/vc_column_text][\/vc_column][vc_column width=&#8221;1\/3&#8243;][vc_single_image image=&#8221;31692&#8243; img_size=&#8221;full&#8221; alignment=&#8221;center&#8221; title=&#8221;The Wishing Jar&#8221;][vc_column_text]\n<p style=\"text-align: center;\"><span style=\"font-size: 10pt;\">Denver Jackson |\u00a02016 | 14&#8242; |\u00a0CANADA<\/span><\/p>\n[\/vc_column_text][\/vc_column][vc_column width=&#8221;1\/3&#8243;][vc_single_image image=&#8221;31575&#8243; img_size=&#8221;full&#8221; alignment=&#8221;center&#8221; title=&#8221;Borrowed Time&#8221;][vc_column_text]\n<p style=\"text-align: center;\"><span style=\"font-size: 10pt;\">Lou Hamou-Lhadj &amp; Andrew Coats |\u00a02015 |\u00a06&#8217;45&#8221; |\u00a0USA<\/span><\/p>\n[\/vc_column_text][\/vc_column][\/vc_row][vc_row][vc_column width=&#8221;1\/3&#8243;][vc_single_image image=&#8221;31529&#8243; img_size=&#8221;full&#8221; alignment=&#8221;center&#8221; title=&#8221;WAY OF GIANTS&#8221;][vc_column_text]\n<p style=\"text-align: center;\"><span style=\"font-size: 10pt;\">Alois Di Leo | 2016 |\u00a012\u201900\u201d |\u00a0BRASILE<\/span><\/p>\n[\/vc_column_text][\/vc_column][vc_column width=&#8221;1\/3&#8243;][vc_single_image image=&#8221;31695&#8243; img_size=&#8221;full&#8221; alignment=&#8221;center&#8221; title=&#8221;Water Hunters&#8221;][vc_column_text]\n<p style=\"text-align: center;\"><span style=\"font-size: 10pt;\">Massimo Ottoni &amp; Salvatore Centoducati |\u00a02016 | 6&#8217;49&#8221; |\u00a0ITALIA<\/span><\/p>\n[\/vc_column_text][\/vc_column][vc_column width=&#8221;1\/3&#8243;][vc_single_image image=&#8221;31558&#8243; img_size=&#8221;full&#8221; alignment=&#8221;center&#8221; title=&#8221;To Build a Fire&#8221;][vc_column_text]\n<p style=\"text-align: center;\">Fx Goby |\u00a02016 |\u00a013\u2032 |\u00a0FRANCIA<\/p>\n[\/vc_column_text][\/vc_column][\/vc_row][vc_row][vc_column width=&#8221;1\/3&#8243;][vc_single_image image=&#8221;31545&#8243; img_size=&#8221;full&#8221; alignment=&#8221;center&#8221; title=&#8221;Go to City Ele&#8221;][vc_column_text]\n<p style=\"text-align: center;\"><span style=\"font-size: 10pt;\">Wenyu Li |\u00a02015 |\u00a09\u201928\u201d |\u00a0CINA<\/span><\/p>\n[\/vc_column_text][\/vc_column][\/vc_row]\n<\/div>","protected":false},"excerpt":{"rendered":"<p>[vc_row][vc_column width=&#8221;1\/2&#8243;][vc_column_text]&#8221;La Grotta dei Piccoli&#8221; \u00e8 uno spazio\u00a0di cinema per bambini all&#8217;interno de La Guarimba che da quest&#8217;anno si realizza in collaborazione con UNICEF Italia. La programmazione della grotta dei piccoli che presenteremo quest\u2019estate \u00e8 frutto di un\u2019attenta selezione dei lavori ricevuti, alla fine della quale sono stati scelti 40 cortometraggi animati provenienti da 24 [&hellip;]<\/p>\n","protected":false},"author":1,"featured_media":31804,"parent":0,"menu_order":0,"comment_status":"closed","ping_status":"open","template":"page-full-width.php","meta":{"jetpack_post_was_ever_published":false,"footnotes":""},"class_list":["post-31806","page","type-page","status-publish","has-post-thumbnail","hentry"],"jetpack_shortlink":"https:\/\/wp.me\/P4S7Ao-8h0","jetpack_sharing_enabled":true,"_links":{"self":[{"href":"https:\/\/www.laguarimba.com\/it\/wp-json\/wp\/v2\/pages\/31806","targetHints":{"allow":["GET"]}}],"collection":[{"href":"https:\/\/www.laguarimba.com\/it\/wp-json\/wp\/v2\/pages"}],"about":[{"href":"https:\/\/www.laguarimba.com\/it\/wp-json\/wp\/v2\/types\/page"}],"author":[{"embeddable":true,"href":"https:\/\/www.laguarimba.com\/it\/wp-json\/wp\/v2\/users\/1"}],"replies":[{"embeddable":true,"href":"https:\/\/www.laguarimba.com\/it\/wp-json\/wp\/v2\/comments?post=31806"}],"version-history":[{"count":10,"href":"https:\/\/www.laguarimba.com\/it\/wp-json\/wp\/v2\/pages\/31806\/revisions"}],"predecessor-version":[{"id":31813,"href":"https:\/\/www.laguarimba.com\/it\/wp-json\/wp\/v2\/pages\/31806\/revisions\/31813"}],"wp:featuredmedia":[{"embeddable":true,"href":"https:\/\/www.laguarimba.com\/it\/wp-json\/wp\/v2\/media\/31804"}],"wp:attachment":[{"href":"https:\/\/www.laguarimba.com\/it\/wp-json\/wp\/v2\/media?parent=31806"}],"curies":[{"name":"wp","href":"https:\/\/api.w.org\/{rel}","templated":true}]}}