{"id":32473,"date":"2017-08-28T09:58:51","date_gmt":"2017-08-28T09:58:51","guid":{"rendered":"http:\/\/www.laguarimba.com\/internships\/"},"modified":"2025-08-21T18:26:15","modified_gmt":"2025-08-21T18:26:15","slug":"tirocini","status":"publish","type":"page","link":"https:\/\/www.laguarimba.com\/it\/tirocini\/","title":{"rendered":"Tirocini Cinema &#038; Traineeship Erasmus+"},"content":{"rendered":"<div class=\"wpb-content-wrapper\">[vc_row][vc_column][vc_column_text]\n<div class=\"gdlr-item gdlr-content-item\">\n<h1 class=\"panel-body\" style=\"text-align: justify;\"><strong>VUOI DIVENTARE UNO STAGISTA GUARIMBERO PER LA GUARIMBA INTERNATIONAL FILM FESTIVAL?<\/strong><\/h1>\n<h3 style=\"text-align: justify;\"><strong>Vieni da noi!<\/strong><\/h3>\n<p data-start=\"118\" data-end=\"285\">A La Guarimba, lo stage \u00e8 un\u2019esperienza pratica: non sarai solo spettatore, ma parteciperai a ogni fase della gestione di un\u2019organizzazione culturale nel Sud Italia.<\/p>\n<p data-start=\"287\" data-end=\"560\">I nostri stagisti si occupano un po\u2019 di tutto\u2014<strong data-start=\"333\" data-end=\"497\">dalla pre-produzione alla produzione degli eventi, dall\u2019organizzazione delle attivit\u00e0 nella nostra biblioteca al supporto del nostro spazio culturale all\u2019aperto<\/strong>. A seconda della stagione, il focus del tuo lavoro cambier\u00e0:<\/p>\n<p data-start=\"564\" data-end=\"772\"><strong data-start=\"564\" data-end=\"582\">-Mesi invernali<\/strong>: principalmente nella nostra <strong data-start=\"612\" data-end=\"646\">biblioteca aperta 24 ore su 24<\/strong> e nel nostro ufficio, dove potrai contribuire a pianificazione, ricerca, comunicazione e preparazione del programma estivo.<\/p>\n<p data-start=\"775\" data-end=\"1031\"><strong data-start=\"775\" data-end=\"790\">-Mesi estivi<\/strong>: oltre ai compiti d\u2019ufficio e di biblioteca, sarai coinvolto direttamente nell\u2019allestimento del festival e degli eventi all\u2019aperto\u2014questo significa anche, a volte, installare fisicamente proiettore e impianto audio prima delle proiezioni.<\/p>\n<p data-start=\"1033\" data-end=\"1168\">Durante lo stage crescerai sia a livello personale che professionale, aiutandoci a portare il cinema alla gente e la gente al cinema.<\/p>\n<p data-start=\"1170\" data-end=\"1345\">I nostri stage non sono retribuiti, ma non sostituirai mai il personale regolare: lavorerai <strong data-start=\"1262\" data-end=\"1304\">sotto la supervisione del nostro staff<\/strong>, con compiti concreti e significativi.<\/p>\n<p data-start=\"1347\" data-end=\"1695\">Accogliamo studenti attraverso il programma <strong data-start=\"1391\" data-end=\"1403\">Erasmus+<\/strong>. Gli stage hanno una durata minima di 2 mesi (con possibilit\u00e0 di adattamento in base alle tue esigenze e alle nostre). Accettiamo nuovi stagisti a <strong data-start=\"1551\" data-end=\"1591\">settembre\u2013novembre, gennaio e aprile<\/strong>. Non \u00e8 necessario parlare italiano, ma una buona conoscenza dell\u2019inglese o dello spagnolo sar\u00e0 utile.<\/p>\n<p data-start=\"1697\" data-end=\"1974\">Il costo della vita ad Amantea \u00e8 molto basso (una stanza intorno ai <strong data-start=\"1765\" data-end=\"1774\">300 \u20ac<\/strong> al mese, vitto da <strong data-start=\"1793\" data-end=\"1802\">100 \u20ac<\/strong>), rendendo l\u2019esperienza accessibile e sostenibile. Ma soprattutto, ci\u00f2 che otterrai \u00e8 <strong data-start=\"1889\" data-end=\"1933\">vera esperienza nella gestione culturale<\/strong>, non semplicemente \u201cportare il caff\u00e8\u201d.<\/p>\n<p data-start=\"1976\" data-end=\"2166\">Erasmus+ supporta i tirocini all\u2019estero per studenti iscritti a programmi di istruzione superiore (Laurea, Laurea Magistrale, Dottorato), cos\u00ec come per neolaureati dei Paesi del Programma.<\/p>\n<p data-start=\"2168\" data-end=\"2284\">Le posizioni disponibili sono elencate in questo sito. <strong data-start=\"2223\" data-end=\"2282\">Non cerchiamo programmatori n\u00e9 critici cinematografici.<\/strong><\/p>\n<p><strong>CHI SIAMO<\/strong><\/p>\n<p data-start=\"117\" data-end=\"447\">La Guarimba \u00e8 un\u2019organizzazione culturale con sede ad Amantea, in Calabria (Sud Italia), che utilizza la cultura come strumento per promuovere i valori della democrazia partecipativa, dell\u2019integrazione, dei diritti umani e dell\u2019accessibilit\u00e0. Il nostro obiettivo principale \u00e8 riportare il cinema alla gente e la gente al cinema.<\/p>\n<p data-start=\"449\" data-end=\"533\">Operiamo attraverso tre spazi principali che plasmano il nostro lavoro quotidiano:<\/p>\n<p data-start=\"537\" data-end=\"660\"><strong data-start=\"537\" data-end=\"558\">-Il nostro ufficio<\/strong>, dove coordiniamo i progetti, accogliamo stagisti e pianifichiamo le attivit\u00e0 durante tutto l\u2019anno.<\/p>\n<p data-start=\"663\" data-end=\"881\"><strong data-start=\"663\" data-end=\"688\">-La Piccola Biblioteca<\/strong>, una biblioteca comunitaria aperta 24 ore su 24, pensata come uno spazio sicuro per lo studio, la creativit\u00e0 e lo scambio culturale, in cui realizziamo anche laboratori e attivit\u00e0 educative.<\/p>\n<p data-start=\"884\" data-end=\"1029\"><strong data-start=\"884\" data-end=\"900\">-Il Terrenito<\/strong>, il nostro spazio culturale all\u2019aperto, dove ogni estate ospitiamo proiezioni, concerti e incontri comunitari sotto le stelle.<\/p>\n<p data-start=\"1031\" data-end=\"1208\">Insieme, questi spazi costituiscono un vero e proprio hub culturale vivo, in cui artisti internazionali, abitanti del territorio e giovani si incontrano, collaborano e creano.<\/p>\n<p data-start=\"1031\" data-end=\"1208\"><strong>CHI CERCHIAMO<br \/>\n<\/strong><\/p>\n<p data-start=\"61\" data-end=\"224\">Cerchiamo persone motivate e curiose, con un autentico desiderio di imparare e contribuire in diverse aree del nostro lavoro. Il candidato ideale \u00e8 qualcuno che:<\/p>\n<ul data-start=\"226\" data-end=\"558\">\n<li data-start=\"226\" data-end=\"275\">\n<p data-start=\"228\" data-end=\"275\">\u00e8 <strong data-start=\"230\" data-end=\"242\">puntuale<\/strong> e rispetta scadenze e accordi,<\/p>\n<\/li>\n<li data-start=\"276\" data-end=\"342\">\n<p data-start=\"278\" data-end=\"342\">sa <strong data-start=\"281\" data-end=\"310\">comunicare in modo chiaro<\/strong> e lavorare in collaborazione,<\/p>\n<\/li>\n<li data-start=\"343\" data-end=\"405\">\n<p data-start=\"345\" data-end=\"405\">\u00e8 proattivo e pronto a <strong data-start=\"368\" data-end=\"386\">rendersi utile<\/strong> dove necessario,<\/p>\n<\/li>\n<li data-start=\"406\" data-end=\"465\">\n<p data-start=\"408\" data-end=\"465\">valorizza la flessibilit\u00e0 e la capacit\u00e0 di adattamento,<\/p>\n<\/li>\n<li data-start=\"466\" data-end=\"558\">\n<p data-start=\"468\" data-end=\"558\">comprende l\u2019importanza del <strong data-start=\"495\" data-end=\"516\">lavoro di squadra<\/strong> rispetto alla competizione individuale.<\/p>\n<\/li>\n<\/ul>\n<p data-start=\"560\" data-end=\"795\">Questo stage non riguarda compiti da corporate ad alta pressione, ma richiede comunque <strong data-start=\"647\" data-end=\"675\">responsabilit\u00e0 e impegno<\/strong>. In cambio, avrai l\u2019opportunit\u00e0 di crescere, imparare e avere un ruolo reale in un ambiente creativo e collaborativo.<\/p>\n<p><strong>IL NOSTRO METODO FORMATIVO<\/strong><\/p>\n<p data-start=\"85\" data-end=\"269\">Per formare i nuovi membri del team, ci affidiamo a un processo di crescita graduale basato su metodi di educazione non formale come la pedagogia Montessori e il <em data-start=\"247\" data-end=\"266\">Learning by Doing<\/em>.<\/p>\n<p data-start=\"271\" data-end=\"573\">Gli stagisti ricevono incarichi specifici e sono affiancati da un mentor che segue passo dopo passo i loro progressi. Man mano che acquisiscono competenze, viene loro affidato un livello crescente di responsabilit\u00e0. Questo approccio costruisce fiducia reciproca e incoraggia autonomia e indipendenza.<\/p>\n<p data-start=\"575\" data-end=\"914\">Oltre alla formazione pratica sul campo, promuoviamo l\u2019apprendimento esperienziale: gli stagisti sono coinvolti direttamente nelle attivit\u00e0 della nostra associazione, lavorando concretamente su progetti reali e sfide quotidiane. In questo modo, l\u2019apprendimento va oltre la teoria e diventa parte integrante della loro pratica quotidiana.<\/p>\n<p data-start=\"575\" data-end=\"914\"><strong>AREE DI STAGE<\/strong><\/p>\n<p data-start=\"94\" data-end=\"430\">A La Guarimba, gli stagisti non hanno ruoli rigidi e prestabiliti. Al contrario, esplorano diverse aree del nostro lavoro a seconda dei loro interessi, delle loro competenze e delle necessit\u00e0 dell\u2019organizzazione. In questo modo, ognuno acquisisce un\u2019esperienza completa di cosa significhi gestire un progetto culturale nel Sud Italia.<\/p>\n<p data-start=\"432\" data-end=\"502\">Ecco le principali aree che potresti esplorare durante il tuo stage:<\/p>\n<ul data-start=\"504\" data-end=\"1724\">\n<li data-start=\"504\" data-end=\"735\">\n<p data-start=\"506\" data-end=\"735\"><strong data-start=\"506\" data-end=\"539\">Operazioni &amp; Lavoro d\u2019Ufficio<\/strong><br data-start=\"539\" data-end=\"542\" \/>Supporta il coordinamento quotidiano dei nostri progetti: rispondere alle email, gestire gli orari, aiutare con la logistica e assicurarti che tutto funzioni senza intoppi dietro le quinte.<\/p>\n<\/li>\n<li data-start=\"737\" data-end=\"1078\">\n<p data-start=\"739\" data-end=\"1078\"><strong data-start=\"739\" data-end=\"762\">Eventi &amp; Produzione<\/strong><br data-start=\"762\" data-end=\"765\" \/>Partecipa alla preparazione e alla realizzazione delle nostre attivit\u00e0 culturali. A seconda della stagione, questo pu\u00f2 significare organizzare laboratori nella nostra biblioteca, coordinare le <strong data-start=\"960\" data-end=\"1008\">attivit\u00e0 quotidiane della Piccola Biblioteca<\/strong> o montare proiettori e impianti audio per le proiezioni all\u2019aperto.<\/p>\n<\/li>\n<li data-start=\"1080\" data-end=\"1466\">\n<p data-start=\"1082\" data-end=\"1466\"><strong data-start=\"1082\" data-end=\"1107\">Media &amp; Comunicazione<\/strong><br data-start=\"1107\" data-end=\"1110\" \/>Aiutaci a raccontare la nostra storia attraverso i social media, la fotografia, la grafica e il montaggio video. Potrai anche contribuire alla preparazione dei materiali di comunicazione per il nostro sito web, per la stampa e per i programmi cartacei dei nostri eventi, assicurando che la nostra identit\u00e0 sia chiara e coerente su tutte le piattaforme.<\/p>\n<\/li>\n<li data-start=\"1468\" data-end=\"1724\">\n<p data-start=\"1470\" data-end=\"1724\"><strong data-start=\"1470\" data-end=\"1496\">Lingue &amp; Accessibilit\u00e0<\/strong><br data-start=\"1496\" data-end=\"1499\" \/>Rendi i nostri progetti pi\u00f9 accessibili traducendo materiali, creando sottotitoli e aiutandoci a raggiungere un pubblico internazionale. Le tue competenze linguistiche espanderanno direttamente la nostra comunit\u00e0 globale.<\/p>\n<\/li>\n<\/ul>\n<p data-start=\"1726\" data-end=\"1963\">Gli stagisti sono liberi di muoversi tra le diverse aree, combinando compiti differenti e scoprendo nuove competenze lungo il percorso. Ci\u00f2 che conta di pi\u00f9 \u00e8 la tua curiosit\u00e0, affidabilit\u00e0 e voglia di contribuire al lavoro di squadra.<\/p>\n<h3 data-start=\"40\" data-end=\"60\">COSA IMPARERAI<\/h3>\n<p data-start=\"62\" data-end=\"279\">Uno stage a La Guarimba \u00e8 molto pi\u00f9 di un elenco di compiti: \u00e8 un\u2019opportunit\u00e0 per acquisire <strong data-start=\"154\" data-end=\"174\">competenze reali<\/strong> da portare con te nella tua vita professionale e personale. Durante la tua esperienza con noi, potrai:<\/p>\n<ul data-start=\"281\" data-end=\"1401\">\n<li data-start=\"281\" data-end=\"431\">\n<p data-start=\"283\" data-end=\"431\"><strong data-start=\"283\" data-end=\"320\">Sviluppare capacit\u00e0 organizzative<\/strong> coordinando orari, gestendo attivit\u00e0 e supportando la vita quotidiana del nostro ufficio e della biblioteca.<\/p>\n<\/li>\n<li data-start=\"432\" data-end=\"604\">\n<p data-start=\"434\" data-end=\"604\"><strong data-start=\"434\" data-end=\"496\">Comprendere dall\u2019interno la produzione di eventi culturali<\/strong>, imparando a pianificare, preparare e realizzare sia piccoli laboratori che grandi proiezioni all\u2019aperto.<\/p>\n<\/li>\n<li data-start=\"605\" data-end=\"785\">\n<p data-start=\"607\" data-end=\"785\"><strong data-start=\"607\" data-end=\"663\">Acquisire esperienza nella comunicazione e nei media<\/strong> attraverso la gestione dei social media, la creazione di contenuti, i materiali per la stampa e lo storytelling visivo.<\/p>\n<\/li>\n<li data-start=\"786\" data-end=\"953\">\n<p data-start=\"788\" data-end=\"953\"><strong data-start=\"788\" data-end=\"850\">Apprendere competenze tecniche con strumenti professionali<\/strong>, tra cui Adobe Photoshop, InDesign, Acrobat, Premiere, DaVinci Resolve, Microsoft Excel e WordPress.<\/p>\n<\/li>\n<li data-start=\"954\" data-end=\"1128\">\n<p data-start=\"956\" data-end=\"1128\"><strong data-start=\"956\" data-end=\"1011\">Migliorare il lavoro di squadra e la collaborazione<\/strong>, lavorando a stretto contatto con un team internazionale e multidisciplinare in un ambiente di supporto reciproco.<\/p>\n<\/li>\n<li data-start=\"1129\" data-end=\"1291\">\n<p data-start=\"1131\" data-end=\"1291\"><strong data-start=\"1131\" data-end=\"1189\">Rafforzare le competenze linguistiche e interculturali<\/strong>, lavorando in inglese, spagnolo e italiano e interagendo con persone provenienti da tutto il mondo.<\/p>\n<\/li>\n<li data-start=\"1292\" data-end=\"1401\">\n<p data-start=\"1294\" data-end=\"1401\"><strong data-start=\"1294\" data-end=\"1337\">Imparare adattabilit\u00e0 e problem solving<\/strong>, affrontando sfide reali e contribuendo a soluzioni creative.<\/p>\n<\/li>\n<\/ul>\n<p data-start=\"1403\" data-end=\"1646\">Alla fine dello stage, non avrai solo contribuito alla realizzazione di un progetto culturale, ma avrai costruito una vera <strong data-start=\"1526\" data-end=\"1567\">cassetta degli attrezzi di competenze<\/strong>, sia soft che hard, preziosa per qualsiasi percorso professionale tu scelga.<\/p>\n<\/div>\n<p><strong>COME CANDIDARSI<\/strong><\/p>\n<p>1.-Leggi tutte le informazioni su questo <a href=\"https:\/\/www.laguarimba.com\/it\/chisiamo\/\">link<\/a>.<\/p>\n<p>2.-Controlla le posizioni che offriamo e spiega perch\u00e9 vorresti essere in quella posizione. Non candidarti per tutto.<\/p>\n<p>3.-Compila il <a href=\"https:\/\/forms.gle\/MdkSuKHT2VLVBv6P6\">formulario<\/a>.<\/p>\n<p>4.-Inviaci <a href=\"mailto:info@laguarimba.com\">un&#8217;e-mail<\/a> di presentazione con allegato il tuo CV di 1 pagina scritto in inglese. Ricordati di dirci i mesi in cui vorresti venire.<\/p>\n<p><strong>QUANDO CANDIDARSI<\/strong><\/p>\n<p>Le domande di tirocinio saranno ricevute dal <strong>1 settembre al 31 gennaio<\/strong>.<\/p>\n<p>Non candidarti al di fuori di questo periodo in quanto non saremo in grado di rispondere.<\/p>\n<\/div>","protected":false},"excerpt":{"rendered":"<p>[vc_row][vc_column][vc_column_text] VUOI DIVENTARE UNO STAGISTA GUARIMBERO PER LA GUARIMBA INTERNATIONAL FILM FESTIVAL? Vieni da noi! A La Guarimba, lo stage \u00e8 un\u2019esperienza pratica: non sarai solo spettatore, ma parteciperai a ogni fase della gestione di un\u2019organizzazione culturale nel Sud Italia. I nostri stagisti si occupano un po\u2019 di tutto\u2014dalla pre-produzione alla produzione degli eventi, dall\u2019organizzazione [&hellip;]<\/p>\n","protected":false},"author":1,"featured_media":54438,"parent":0,"menu_order":0,"comment_status":"closed","ping_status":"closed","template":"page-full-width.php","meta":{"footnotes":""},"class_list":["post-32473","page","type-page","status-publish","has-post-thumbnail","hentry"],"jetpack_shortlink":"https:\/\/wp.me\/P4S7Ao-8rL","jetpack_sharing_enabled":true,"_links":{"self":[{"href":"https:\/\/www.laguarimba.com\/it\/wp-json\/wp\/v2\/pages\/32473","targetHints":{"allow":["GET"]}}],"collection":[{"href":"https:\/\/www.laguarimba.com\/it\/wp-json\/wp\/v2\/pages"}],"about":[{"href":"https:\/\/www.laguarimba.com\/it\/wp-json\/wp\/v2\/types\/page"}],"author":[{"embeddable":true,"href":"https:\/\/www.laguarimba.com\/it\/wp-json\/wp\/v2\/users\/1"}],"replies":[{"embeddable":true,"href":"https:\/\/www.laguarimba.com\/it\/wp-json\/wp\/v2\/comments?post=32473"}],"version-history":[{"count":22,"href":"https:\/\/www.laguarimba.com\/it\/wp-json\/wp\/v2\/pages\/32473\/revisions"}],"predecessor-version":[{"id":58127,"href":"https:\/\/www.laguarimba.com\/it\/wp-json\/wp\/v2\/pages\/32473\/revisions\/58127"}],"wp:featuredmedia":[{"embeddable":true,"href":"https:\/\/www.laguarimba.com\/it\/wp-json\/wp\/v2\/media\/54438"}],"wp:attachment":[{"href":"https:\/\/www.laguarimba.com\/it\/wp-json\/wp\/v2\/media?parent=32473"}],"curies":[{"name":"wp","href":"https:\/\/api.w.org\/{rel}","templated":true}]}}