{"id":33910,"date":"2018-05-18T15:49:16","date_gmt":"2018-05-18T15:49:16","guid":{"rendered":"http:\/\/www.laguarimba.com\/lagrottadeipiccoli2018\/"},"modified":"2018-06-24T14:30:58","modified_gmt":"2018-06-24T14:30:58","slug":"lagrottadeipiccoli2018","status":"publish","type":"page","link":"https:\/\/www.laguarimba.com\/it\/lagrottadeipiccoli2018\/","title":{"rendered":"La Grotta Dei Piccoli 2018"},"content":{"rendered":"<div class=\"wpb-content-wrapper\">[vc_row][vc_column width=&#8221;1\/2&#8243;][vc_column_text]Abbiamo unito le forze con UNICEF Italia per creare un&#8217;esperienza di cinema su misura per i bambini.&#8221;La Grotta dei Piccoli&#8221; \u00e8 un luogo magico, scavato nella roccia del parco La Grotta di Amantea dove proietteremo i film. Dal 7 all&#8217;11 Agosto oltre alle proiezioni del programma di cortometraggi per bambini la sera, stiamo organizzando numerosi laboratori durante il giorno.[\/vc_column_text][\/vc_column][vc_column width=&#8221;1\/2&#8243;][vc_column_text]A cura di: <a href=\"https:\/\/www.facebook.com\/spagnolo.alex1\">Alex Spagnolo<\/a><\/p>\n<p>#LaGuarimba2018[\/vc_column_text][\/vc_column][\/vc_row][vc_row][vc_column width=&#8221;1\/3&#8243;][vc_single_image image=&#8221;33300&#8243; img_size=&#8221;full&#8221; alignment=&#8221;center&#8221; title=&#8221;LOONEY FOODZ&#8221;][vc_column_text css=&#8221;.vc_custom_1526641115288{margin-top: -25px !important;}&#8221;]\n<p style=\"text-align: center;\"><span style=\"font-size: 10pt;\">Paolo Gaudio | 2017 | 2&#8217;03&#8221; | ITALY<\/span><\/p>\n[\/vc_column_text][\/vc_column][vc_column width=&#8221;1\/3&#8243;][vc_single_image image=&#8221;33306&#8243; img_size=&#8221;full&#8221; alignment=&#8221;center&#8221; title=&#8221;A Priori&#8221;][vc_column_text css=&#8221;.vc_custom_1526641124754{margin-top: -25px !important;}&#8221;]\n<p style=\"text-align: center;\"><span style=\"text-align: justify; line-height: 1.5; font-size: 10pt;\">Ma\u00eft\u00e9 Schmitt |\u00a02017 | 5&#8217;40&#8221; |\u00a0GERMANY<\/span><\/p>\n[\/vc_column_text][\/vc_column][vc_column width=&#8221;1\/3&#8243;][vc_single_image image=&#8221;33312&#8243; img_size=&#8221;full&#8221; alignment=&#8221;center&#8221; title=&#8221;The search for the lost family&#8221;][vc_column_text css=&#8221;.vc_custom_1526641193023{margin-top: -25px !important;}&#8221;]\n<p style=\"text-align: center;\"><span style=\"text-align: justify; line-height: 1.5;\"><span style=\"font-size: 10pt;\">Isolde Asal, Kids &#8216;n Tricks, 7 Kids + 10 Students | 2017 | 6&#8217;29&#8221; | GERMANY<\/span><\/span><\/p>\n[\/vc_column_text][\/vc_column][\/vc_row][vc_row][vc_column width=&#8221;1\/3&#8243;][vc_single_image image=&#8221;33318&#8243; img_size=&#8221;full&#8221; alignment=&#8221;center&#8221; title=&#8221;Twice Upon a Time&#8221;][vc_column_text css=&#8221;.vc_custom_1526641236949{margin-top: -25px !important;}&#8221;]\n<p style=\"text-align: center;\"><span style=\"font-size: 10pt;\">Vojin Vasovic | 2017 | 14&#8217;01&#8221; | SERBIA<\/span><\/p>\n[\/vc_column_text][\/vc_column][vc_column width=&#8221;1\/3&#8243;][vc_single_image image=&#8221;33324&#8243; img_size=&#8221;full&#8221; alignment=&#8221;center&#8221; title=&#8221;Made for More&#8221;][vc_column_text css=&#8221;.vc_custom_1526643603221{margin-top: -25px !important;}&#8221;]\n<p style=\"text-align: center;\"><span style=\"font-size: 10pt;\">Yoojin Seol |\u00a02017 | 3&#8217;56&#8221; | USA<\/span><\/p>\n[\/vc_column_text][\/vc_column][vc_column width=&#8221;1\/3&#8243;][vc_single_image image=&#8221;33330&#8243; img_size=&#8221;full&#8221; alignment=&#8221;center&#8221; title=&#8221;Sunny and Gerd in Spring Cleaning&#8221;][vc_column_text css=&#8221;.vc_custom_1526641306563{margin-top: -25px !important;}&#8221;]\n<p style=\"text-align: center;\"><span style=\"font-size: 10pt;\">DaCosta Bayley | 2017 | 5&#8217;35&#8221; |\u00a0CANADA<\/span><\/p>\n[\/vc_column_text][\/vc_column][\/vc_row][vc_row][vc_column width=&#8221;1\/3&#8243;][vc_single_image image=&#8221;33336&#8243; img_size=&#8221;full&#8221; alignment=&#8221;center&#8221; title=&#8221;Two Balloons&#8221;][vc_column_text css=&#8221;.vc_custom_1526643573928{margin-top: -25px !important;}&#8221;]\n<p style=\"text-align: center;\"><span style=\"font-size: 10pt;\"> Mark Smith | 2017 | 9&#8217;8&#8221; | USA<\/span><\/p>\n[\/vc_column_text][\/vc_column][vc_column width=&#8221;1\/3&#8243;][vc_single_image image=&#8221;33342&#8243; img_size=&#8221;full&#8221; alignment=&#8221;center&#8221; title=&#8221;GIF ME THAT FOOD&#8221;][vc_column_text css=&#8221;.vc_custom_1526643564547{margin-top: -25px !important;}&#8221;]\n<p style=\"text-align: center;\"><span style=\"font-size: 10pt;\">Emi Tse | 2017 | 2&#8217;02&#8221; |\u00a0UK<\/span><\/p>\n[\/vc_column_text][\/vc_column][vc_column width=&#8221;1\/3&#8243;][vc_single_image image=&#8221;33348&#8243; img_size=&#8221;full&#8221; alignment=&#8221;center&#8221; title=&#8221;Stars&#8221;][vc_column_text css=&#8221;.vc_custom_1526643580894{margin-top: -25px !important;}&#8221;]\n<p style=\"text-align: center;\"><span style=\"font-size: 10pt;\">Han Zhang | 2016 | 5&#8217;06&#8221; | USA<\/span><\/p>\n[\/vc_column_text][\/vc_column][\/vc_row][vc_row][vc_column width=&#8221;1\/3&#8243;][vc_single_image image=&#8221;33354&#8243; img_size=&#8221;full&#8221; alignment=&#8221;center&#8221; title=&#8221;Beyond the Books&#8221;][vc_column_text css=&#8221;.vc_custom_1526641440443{margin-top: -25px !important;}&#8221;]\n<p style=\"text-align: center;\"><span style=\"font-size: 10pt;\">J\u00e9r\u00f4me Battistelli, Mathilde Cartigny, Nicolas Evain, Ma\u00e9na Paillet, Robin Pelissier, Judith Wahler | 2016 | 6&#8217;37&#8221; |\u00a0FRANCE<\/span><\/p>\n[\/vc_column_text][\/vc_column][vc_column width=&#8221;1\/3&#8243;][vc_single_image image=&#8221;33360&#8243; img_size=&#8221;full&#8221; alignment=&#8221;center&#8221; title=&#8221;The Novice&#8221;][vc_column_text css=&#8221;.vc_custom_1526643589442{margin-top: -25px !important;}&#8221;]\n<p style=\"text-align: center;\"><span style=\"font-size: 10pt;\">Courtney Scriven &amp; Alejandra Alvarez | 2017 | 3&#8217;32&#8221; |\u00a0USA<\/span><\/p>\n[\/vc_column_text][\/vc_column][vc_column width=&#8221;1\/3&#8243;][vc_single_image image=&#8221;33366&#8243; img_size=&#8221;full&#8221; alignment=&#8221;center&#8221; title=&#8221;Now You See It&#8221;][vc_column_text css=&#8221;.vc_custom_1526643554249{margin-top: -25px !important;}&#8221;]\n<p style=\"text-align: center;\"><span style=\"font-size: 10pt;\">Rebecca Manley | 2017 | 2&#8217;04&#8221; |\u00a0UK<\/span><\/p>\n[\/vc_column_text][\/vc_column][\/vc_row][vc_row][vc_column width=&#8221;1\/3&#8243;][vc_single_image image=&#8221;33372&#8243; img_size=&#8221;full&#8221; alignment=&#8221;center&#8221; title=&#8221;GIFT AWAY&#8221;][vc_column_text css=&#8221;.vc_custom_1526643694021{margin-top: -25px !important;}&#8221;]\n<p style=\"text-align: center;\"><span style=\"font-size: 10pt;\"><span class=\"text-black\">Shawy | 2017 | 1&#8217;23&#8221; |\u00a0FRANCE<\/span><\/span><\/p>\n[\/vc_column_text][\/vc_column][vc_column width=&#8221;1\/3&#8243;][vc_single_image image=&#8221;33378&#8243; img_size=&#8221;full&#8221; alignment=&#8221;center&#8221; title=&#8221;Stella 1&#8243;][vc_column_text css=&#8221;.vc_custom_1528012022447{margin-top: -25px !important;}&#8221;]\n<p style=\"text-align: center;\"><span style=\"font-size: 10pt;\">Gaia Bonsignore &amp;\u00a0Roberto D&#8217;Ippolito | 2017 | 15&#8242; | ITALY<\/span><\/p>\n[\/vc_column_text][\/vc_column][vc_column width=&#8221;1\/3&#8243;][vc_single_image image=&#8221;33654&#8243; img_size=&#8221;full&#8221; alignment=&#8221;center&#8221; title=&#8221;Proxima B&#8221;][vc_column_text]\n<p style=\"text-align: center;\">Marie Larriv\u00e9 |\u00a02017 | 2&#8217;30&#8221;|\u00a0FRANCE<\/p>\n[\/vc_column_text][\/vc_column][\/vc_row][vc_row][vc_column width=&#8221;1\/3&#8243;][vc_single_image image=&#8221;33390&#8243; img_size=&#8221;full&#8221; alignment=&#8221;center&#8221; title=&#8221;Mister Paper goes for a walk&#8221;][vc_column_text css=&#8221;.vc_custom_1526644009758{margin-top: -25px !important;}&#8221;]\n<p style=\"text-align: center;\"><span style=\"font-size: 10pt;\">Ben Tesseur &amp; Steven De Beul | 2017 | 8&#8217;28&#8221; |\u00a0BELGIUM<\/span><\/p>\n[\/vc_column_text][\/vc_column][vc_column width=&#8221;1\/3&#8243;][vc_single_image image=&#8221;33396&#8243; img_size=&#8221;full&#8221; alignment=&#8221;center&#8221; title=&#8221;We will see someday&#8221;][vc_column_text css=&#8221;.vc_custom_1526644055652{margin-top: -25px !important;}&#8221;]\n<p style=\"text-align: center;\"><span style=\"font-size: 10pt;\">Nari Hong | 2018 | 6&#8217;30&#8221; |\u00a0SOUTH KOREA<\/span><\/p>\n[\/vc_column_text][\/vc_column][vc_column width=&#8221;1\/3&#8243;][vc_single_image image=&#8221;33402&#8243; img_size=&#8221;full&#8221; alignment=&#8221;center&#8221; title=&#8221;Coco&#8217;s Day&#8221;][vc_column_text css=&#8221;.vc_custom_1526644091761{margin-top: -25px !important;}&#8221;]\n<p style=\"text-align: center;\"><span style=\"font-size: 10pt;\">Tatiana Moshkova | 2017 | 4&#8217;20&#8221; |\u00a0RUSSIA<\/span><\/p>\n[\/vc_column_text][\/vc_column][\/vc_row][vc_row][vc_column width=&#8221;1\/3&#8243;][vc_single_image image=&#8221;33408&#8243; img_size=&#8221;full&#8221; alignment=&#8221;center&#8221; title=&#8221;The little Bird and the Caterpillar&#8221;][vc_column_text]\n<p style=\"text-align: center;\"><span style=\"font-size: 10pt;\">Lena von D\u00f6hren | 2017 | 4&#8217;20&#8221; | SWITZERLAND<\/span><\/p>\n[\/vc_column_text][\/vc_column][vc_column width=&#8221;1\/3&#8243;][vc_single_image image=&#8221;33414&#8243; img_size=&#8221;full&#8221; alignment=&#8221;center&#8221; title=&#8221;We&#8217;re Going on a Bear Hunt&#8221;][vc_column_text]\n<p style=\"text-align: center;\"><span style=\"font-size: 10pt;\">Robin Shaw &amp; Joanna Harrison |\u00a02016 | 24&#8217;22&#8221; |\u00a0UK<\/span><\/p>\n[\/vc_column_text][\/vc_column][vc_column width=&#8221;1\/3&#8243;][vc_single_image image=&#8221;33648&#8243; img_size=&#8221;full&#8221; alignment=&#8221;center&#8221; title=&#8221;The Kiss&#8221;][vc_column_text]\n<p style=\"text-align: center;\"><span style=\"font-size: 10pt;\">Adriano Candiago |\u00a02017 | 3&#8217;42&#8221; |\u00a0ITALY<\/span><\/p>\n[\/vc_column_text][\/vc_column][\/vc_row][vc_row][vc_column width=&#8221;1\/3&#8243;][vc_single_image image=&#8221;33426&#8243; img_size=&#8221;full&#8221; alignment=&#8221;center&#8221; title=&#8221;Big Booom&#8221;][vc_column_text]\n<p style=\"text-align: center;\"><span style=\"font-size: 10pt;\">Marat Narimanov | 2016 | 4&#8242; |\u00a0RUSSIA<\/span><\/p>\n[\/vc_column_text][\/vc_column][vc_column width=&#8221;1\/3&#8243;][vc_single_image image=&#8221;33432&#8243; img_size=&#8221;full&#8221; alignment=&#8221;center&#8221; title=&#8221;Ancient movie&#8221;][vc_column_text]\n<p style=\"text-align: center;\"><span style=\"font-size: 10pt;\">Pavel Pogudin |\u00a02016 | 50&#8221; |\u00a0RUSSIA<\/span><\/p>\n[\/vc_column_text][\/vc_column][vc_column width=&#8221;1\/3&#8243;][vc_single_image image=&#8221;33438&#8243; img_size=&#8221;full&#8221; alignment=&#8221;center&#8221; title=&#8221;Where is my moon?&#8221;][vc_column_text]\n<p style=\"text-align: center;\"><span style=\"font-size: 10pt;\">Miyoung Baek |\u00a02017 | 6&#8217;35&#8221; | SOUTH KOREA<\/span><\/p>\n[\/vc_column_text][\/vc_column][\/vc_row][vc_row][vc_column width=&#8221;1\/3&#8243;][vc_single_image image=&#8221;33444&#8243; img_size=&#8221;full&#8221; alignment=&#8221;center&#8221; title=&#8221;Weekends&#8221;][vc_column_text]\n<p style=\"text-align: center;\"><span style=\"font-size: 10pt;\">Trevor Jimenez |\u00a02017 | 15&#8217;06&#8221; |\u00a0USA<\/span><\/p>\n[\/vc_column_text][\/vc_column][vc_column width=&#8221;1\/3&#8243;][vc_single_image image=&#8221;33450&#8243; img_size=&#8221;full&#8221; alignment=&#8221;center&#8221; title=&#8221;DAM! The Story of Kit the Beaver&#8221;][vc_column_text]\n<p style=\"text-align: center;\"><span style=\"font-size: 10pt;\">Kjell Boersma | 2017 | 12&#8217;16&#8221; | CANADA<\/span><\/p>\n[\/vc_column_text][\/vc_column][vc_column width=&#8221;1\/3&#8243;][vc_single_image image=&#8221;33456&#8243; img_size=&#8221;full&#8221; alignment=&#8221;center&#8221; title=&#8221;The Cosmospenguin in Sushiland&#8221;][vc_column_text]\n<p style=\"text-align: center;\"><span style=\"font-size: 10pt;\">Luca Potskhishvili | 2017 | 12&#8242; |\u00a0AUSTRIA<\/span><\/p>\n[\/vc_column_text][\/vc_column][\/vc_row][vc_row][vc_column width=&#8221;1\/3&#8243;][vc_single_image image=&#8221;33462&#8243; img_size=&#8221;full&#8221; alignment=&#8221;center&#8221; title=&#8221;Sabaku&#8221;][vc_column_text]\n<p style=\"text-align: center;\"><span style=\"font-size: 10pt;\">Marlies van der Wel |\u00a02016 | 2&#8217;20&#8221; |\u00a0NETHERLANDS<\/span><\/p>\n[\/vc_column_text][\/vc_column][vc_column width=&#8221;1\/3&#8243;][vc_single_image image=&#8221;33468&#8243; img_size=&#8221;full&#8221; alignment=&#8221;center&#8221; title=&#8221;The Sky Underwater&#8221;][vc_column_text]\n<p style=\"text-align: center;\"><span style=\"font-size: 10pt;\">Maria Galliani Dyrvik |\u00a02018 |\u00a010&#8217;20&#8221; | NORWAY<\/span><\/p>\n[\/vc_column_text][\/vc_column][vc_column width=&#8221;1\/3&#8243;][vc_single_image image=&#8221;33474&#8243; img_size=&#8221;full&#8221; alignment=&#8221;center&#8221; title=&#8221;Edith Piaf &#8211; Sparks&#8221;][vc_column_text]\n<p style=\"text-align: center;\"><span style=\"font-size: 10pt;\">Joseph Wallace |\u00a02017 | 3&#8217;45&#8221; |\u00a0UK<\/span><\/p>\n[\/vc_column_text][\/vc_column][\/vc_row][vc_row][vc_column width=&#8221;1\/3&#8243;][vc_single_image image=&#8221;33480&#8243; img_size=&#8221;full&#8221; alignment=&#8221;center&#8221; title=&#8221;Land of the Fairies&#8221;][vc_column_text]\n<p style=\"text-align: center;\"><span style=\"font-size: 10pt;\">Amiel Kestenbaum |\u00a02017 | 5&#8217;32&#8221; |\u00a0ISRAEL<\/span><\/p>\n[\/vc_column_text][\/vc_column][vc_column width=&#8221;1\/3&#8243;][vc_single_image image=&#8221;33486&#8243; img_size=&#8221;full&#8221; alignment=&#8221;center&#8221; title=&#8221;Bullet Time&#8221;][vc_column_text]\n<p style=\"text-align: center;\"><span style=\"font-size: 10pt;\">Frodo Kuipers |\u00a02016 |\u00a05&#8217;30&#8221; | NETHERLANDS<\/span><\/p>\n[\/vc_column_text][\/vc_column][vc_column width=&#8221;1\/3&#8243;][vc_single_image image=&#8221;33492&#8243; img_size=&#8221;full&#8221; alignment=&#8221;center&#8221; title=&#8221;Heads Together&#8221;][vc_column_text]\n<p style=\"text-align: center;\"><span style=\"font-size: 10pt;\">Job, Joris &amp; Marieke | 2016 |\u00a020&#8217;54&#8221; |\u00a0NETHERLANDS<\/span><\/p>\n[\/vc_column_text][\/vc_column][\/vc_row][vc_row][vc_column width=&#8221;1\/3&#8243;][vc_single_image image=&#8221;33498&#8243; img_size=&#8221;full&#8221; alignment=&#8221;center&#8221; title=&#8221;Sand Diary&#8221;][vc_column_text]\n<p style=\"text-align: center;\"><span style=\"font-size: 10pt;\">Isadora Morales Chavez &amp;\u00a0Sarah Carvalho Guedes |\u00a02017 | 6&#8217;26&#8221; |\u00a0BRAZIL<\/span><\/p>\n[\/vc_column_text][\/vc_column][vc_column width=&#8221;1\/3&#8243;][vc_single_image image=&#8221;33504&#8243; img_size=&#8221;full&#8221; alignment=&#8221;center&#8221; title=&#8221;Catastrophe&#8221;][vc_column_text]\n<p style=\"text-align: center;\"><span style=\"font-size: 10pt;\">Jamille van Wijngaarden |\u00a02017 | 2&#8217;15&#8221; |\u00a0NETHERLANDS<\/span><\/p>\n[\/vc_column_text][\/vc_column][vc_column width=&#8221;1\/3&#8243;][vc_single_image image=&#8221;33510&#8243; img_size=&#8221;full&#8221; alignment=&#8221;center&#8221; title=&#8221;Lefu\u0301&#8221;][vc_column_text]\n<p style=\"text-align: center;\"><span style=\"font-size: 10pt;\">Ihab Al- Azaam &amp; Mario Bertsch |\u00a02017 | 5&#8217;04&#8221; | GERMANY<\/span><\/p>\n[\/vc_column_text][\/vc_column][\/vc_row][vc_row][vc_column width=&#8221;1\/3&#8243;][vc_single_image image=&#8221;33516&#8243; img_size=&#8221;full&#8221; alignment=&#8221;center&#8221; title=&#8221;T\u00eate d&#8217;Oliv&#8221;][vc_column_text]\n<p style=\"text-align: center;\"><span style=\"font-size: 10pt;\">Armelle Mercat | 2017 |\u00a011\u201930\u201d |\u00a0FRANCE<\/span><\/p>\n[\/vc_column_text][\/vc_column][vc_column width=&#8221;1\/3&#8243;][vc_single_image image=&#8221;33522&#8243; img_size=&#8221;full&#8221; alignment=&#8221;center&#8221; title=&#8221;Licence to krill&#8221;][vc_column_text]\n<p style=\"text-align: center;\"><span style=\"font-size: 10pt;\">Natalia de la Fuente, Charles Thorpe, Maria Cosgaya, Jaume Coll, Marina Rodriguez &amp; Gontzal Montero |\u00a02017 | 3&#8217;16&#8221; | SPAIN<\/span><\/p>\n[\/vc_column_text][\/vc_column][vc_column width=&#8221;1\/3&#8243;][vc_single_image image=&#8221;33528&#8243; img_size=&#8221;full&#8221; alignment=&#8221;center&#8221; title=&#8221;Two Trams&#8221;][vc_column_text]\n<p style=\"text-align: center;\">Svetlana Andrianova | 2016 | 10 | RUSSIA<\/p>\n[\/vc_column_text][\/vc_column][\/vc_row][vc_row][vc_column width=&#8221;1\/3&#8243;][vc_single_image image=&#8221;33534&#8243; img_size=&#8221;full&#8221; alignment=&#8221;center&#8221; title=&#8221;LINK&#8221;][vc_column_text]\n<p style=\"text-align: center;\">Robert Loebel | 2017 | 7\u201934\u201d | GERMANY<\/p>\n[\/vc_column_text][\/vc_column][vc_column width=&#8221;1\/3&#8243;][vc_single_image image=&#8221;33540&#8243; img_size=&#8221;full&#8221; alignment=&#8221;center&#8221; title=&#8221;Volcano Island&#8221;][vc_column_text]\n<p style=\"text-align: center;\">Anna Katalin Lovrity | 2017 | 9\u201909\u201d | HUNGARY<\/p>\n[\/vc_column_text][\/vc_column][vc_column width=&#8221;1\/3&#8243;][vc_single_image image=&#8221;33546&#8243; img_size=&#8221;full&#8221; alignment=&#8221;center&#8221; title=&#8221;Negative Space&#8221;][vc_column_text]\n<p style=\"text-align: center;\">Max Porter &amp; Ru Kuwahata | 2017 | 5\u201930\u201d | FRANCE<\/p>\n[\/vc_column_text][\/vc_column][\/vc_row][vc_row][vc_column width=&#8221;1\/3&#8243;][vc_single_image image=&#8221;33552&#8243; img_size=&#8221;full&#8221; alignment=&#8221;center&#8221; title=&#8221;Ichnos&#8221;][vc_column_text]\n<p style=\"text-align: center;\"><span style=\"font-size: 10pt;\">Simon Giraud | 2017 | 5\u201932\u201d |\u00a0FRANCE<\/span><\/p>\n[\/vc_column_text][\/vc_column][vc_column width=&#8221;1\/3&#8243;][vc_single_image image=&#8221;33558&#8243; img_size=&#8221;full&#8221; alignment=&#8221;center&#8221; title=&#8221;Blue Cherry&#8221;][vc_column_text]\n<p style=\"text-align: center;\"><span style=\"font-size: 10pt;\">Nathan Jurevicius |\u00a02017 | 5&#8242; | AUSTRALIA<\/span><\/p>\n[\/vc_column_text][\/vc_column][vc_column width=&#8221;1\/3&#8243;][vc_single_image image=&#8221;33564&#8243; img_size=&#8221;full&#8221; alignment=&#8221;center&#8221; title=&#8221;Kuap&#8221;][vc_column_text]\n<p style=\"text-align: center;\">Nils Hedinger |\u00a02018 | 7\u203238&#8221; |\u00a0SWITZERLAND<\/p>\n[\/vc_column_text][\/vc_column][\/vc_row][vc_row][vc_column width=&#8221;1\/3&#8243;][vc_single_image image=&#8221;33570&#8243; img_size=&#8221;full&#8221; alignment=&#8221;center&#8221; title=&#8221;Garden Party&#8221;][vc_column_text]\n<p style=\"text-align: center;\"><span style=\"font-size: 10pt;\">Florian Babikian, Vincent Bayoux, Victor Caire, Th\u00e9ophile Dufresne, Gabriel Grapperon &amp; Lucas Navarro | 2016 | 6\u201950\u201d |\u00a0FRANCE<\/span><\/p>\n[\/vc_column_text][\/vc_column][vc_column width=&#8221;1\/3&#8243;][vc_single_image image=&#8221;33576&#8243; img_size=&#8221;full&#8221; alignment=&#8221;center&#8221; title=&#8221;Twilight Tales&#8221;][vc_column_text]\n<p style=\"text-align: center;\"><span style=\"font-size: 10pt;\">Mary Smyth |\u00a02018 | 3&#8217;41&#8221; |\u00a0IRELAND<\/span><\/p>\n[\/vc_column_text][\/vc_column][vc_column width=&#8221;1\/3&#8243;][vc_single_image image=&#8221;33690&#8243; img_size=&#8221;full&#8221; alignment=&#8221;center&#8221; title=&#8221;Tapping Tango&#8221;][vc_column_text]\n<p style=\"text-align: center;\">Nancy Snipper |\u00a02018 | 3\u203211&#8221; |\u00a0CANADA<\/p>\n[\/vc_column_text][\/vc_column][\/vc_row][vc_row][vc_column width=&#8221;1\/3&#8243;][vc_single_image image=&#8221;33588&#8243; img_size=&#8221;full&#8221; alignment=&#8221;center&#8221; title=&#8221;Island&#8221;][vc_column_text]\n<p style=\"text-align: center;\"><span style=\"font-size: 10pt;\">Max M\u00f6rtl &amp; Robert L\u00f6bel | 2017 | 2\u201930\u201d | GERMANY<\/span><\/p>\n[\/vc_column_text][\/vc_column][vc_column width=&#8221;1\/3&#8243;][vc_single_image image=&#8221;33594&#8243; img_size=&#8221;full&#8221; alignment=&#8221;center&#8221; title=&#8221;Hypertrain&#8221;][vc_column_text]\n<p style=\"text-align: center;\"><span style=\"font-size: 10pt;\">Fela Bellotto &amp; Etienne Kompis |\u00a02016 | 3&#8217;35&#8221; |\u00a0SWITZERLAND<\/span><\/p>\n[\/vc_column_text][\/vc_column][vc_column width=&#8221;1\/3&#8243;][vc_single_image image=&#8221;33600&#8243; img_size=&#8221;full&#8221; alignment=&#8221;center&#8221; title=&#8221;Cl\u00e9mence&#8217;s Afternoon&#8221;][vc_column_text]\n<p style=\"text-align: center;\">L\u00e9na\u00efg Le Moigne |\u00a02017 |\u00a010\u2032 |\u00a0FRANCE<\/p>\n[\/vc_column_text][\/vc_column][\/vc_row][vc_row][vc_column width=&#8221;1\/3&#8243;][vc_single_image image=&#8221;33606&#8243; img_size=&#8221;full&#8221; alignment=&#8221;center&#8221; title=&#8221;More&#8221;][vc_column_text]\n<p style=\"text-align: center;\"><span style=\"font-size: 10pt;\">Marzieh Rasekh | 2018 | 6\u201912\u201d |\u00a0IRAN<\/span><\/p>\n[\/vc_column_text][\/vc_column][vc_column width=&#8221;1\/3&#8243;][vc_single_image image=&#8221;33612&#8243; img_size=&#8221;full&#8221; alignment=&#8221;center&#8221; title=&#8221;An Island&#8221;][vc_column_text]\n<p style=\"text-align: center;\"><span style=\"font-size: 10pt;\">Rory Byrne |\u00a02017 | 12&#8217;51&#8221; |\u00a0IRELAND<\/span><\/p>\n[\/vc_column_text][\/vc_column][vc_column width=&#8221;1\/3&#8243;][vc_single_image image=&#8221;33618&#8243; img_size=&#8221;full&#8221; alignment=&#8221;center&#8221; title=&#8221;Late Afternoon&#8221;][vc_column_text]\n<p style=\"text-align: center;\">Louise Bagnall |\u00a02017 | 9\u203223&#8221; | IRELAND<\/p>\n[\/vc_column_text][\/vc_column][\/vc_row][vc_row][vc_column width=&#8221;1\/3&#8243;][vc_single_image image=&#8221;33624&#8243; img_size=&#8221;full&#8221; alignment=&#8221;center&#8221; title=&#8221;I want to live in the Zoo&#8221;][vc_column_text]\n<p style=\"text-align: center;\"><span style=\"font-size: 10pt;\">Evgenia Golubeva | 2017 | 6&#8242; |\u00a0RUSSIA<\/span><\/p>\n[\/vc_column_text][\/vc_column][vc_column width=&#8221;1\/3&#8243;][vc_single_image image=&#8221;33630&#8243; img_size=&#8221;full&#8221; alignment=&#8221;center&#8221; title=&#8221;Moony&#8221;][vc_column_text]\n<p style=\"text-align: center;\"><span style=\"font-size: 10pt;\">Orlando L\u00f3pez |\u00a02018 | 2&#8217;32&#8221; | MEXICO<\/span><\/p>\n[\/vc_column_text][\/vc_column][vc_column width=&#8221;1\/3&#8243;][vc_single_image image=&#8221;33636&#8243; img_size=&#8221;full&#8221; alignment=&#8221;center&#8221; title=&#8221;The Christmas Rabbit&#8221;][vc_column_text]\n<p style=\"text-align: center;\">Christophe Lopez-Huici |\u00a02018 |\u00a010\u203245&#8221; |\u00a0FRANCE<\/p>\n[\/vc_column_text][\/vc_column][\/vc_row][vc_row][vc_column width=&#8221;1\/3&#8243;][vc_single_image image=&#8221;33642&#8243; img_size=&#8221;full&#8221; alignment=&#8221;center&#8221; title=&#8221;Things You Can Do With Extendable Arms&#8221;][vc_column_text]\n<p style=\"text-align: center;\"><span style=\"font-size: 10pt;\">Luca Paulli | 2018 | 2\u201932\u201d |\u00a0UK<\/span><\/p>\n[\/vc_column_text][\/vc_column][vc_column width=&#8221;1\/3&#8243;][vc_single_image image=&#8221;33684&#8243; img_size=&#8221;full&#8221; alignment=&#8221;center&#8221; title=&#8221;Little Grey Wolfy. Spring and Icy Drift&#8221;][vc_column_text]\n<p style=\"text-align: center;\"><span style=\"font-size: 10pt;\">Natalia Malykhina |\u00a02017 | 06&#8217;30&#8221; |\u00a0NORWAY<\/span><\/p>\n[\/vc_column_text][\/vc_column][vc_column width=&#8221;1\/3&#8243;][vc_single_image image=&#8221;33384&#8243; img_size=&#8221;full&#8221; alignment=&#8221;center&#8221; title=&#8221;Zara and the others: Gorilla brains for dinner&#8221;][vc_column_text css=&#8221;.vc_custom_1526643763993{margin-top: -25px !important;}&#8221;]\n<p class=\"p1\" style=\"text-align: center;\"><span style=\"font-size: 10pt;\">Nils Johan Lund | 2017 |7&#8217;2&#8221; | NORWAY<\/span><\/p>\n[\/vc_column_text][\/vc_column][\/vc_row]\n<\/div>","protected":false},"excerpt":{"rendered":"<p>[vc_row][vc_column width=&#8221;1\/2&#8243;][vc_column_text]Abbiamo unito le forze con UNICEF Italia per creare un&#8217;esperienza di cinema su misura per i bambini.&#8221;La Grotta dei Piccoli&#8221; \u00e8 un luogo magico, scavato nella roccia del parco La Grotta di Amantea dove proietteremo i film. Dal 7 all&#8217;11 Agosto oltre alle proiezioni del programma di cortometraggi per bambini la sera, stiamo organizzando [&hellip;]<\/p>\n","protected":false},"author":1,"featured_media":33679,"parent":0,"menu_order":0,"comment_status":"closed","ping_status":"open","template":"page-full-width.php","meta":{"jetpack_post_was_ever_published":false,"footnotes":""},"class_list":["post-33910","page","type-page","status-publish","has-post-thumbnail","hentry"],"jetpack_shortlink":"https:\/\/wp.me\/P4S7Ao-8OW","jetpack_sharing_enabled":true,"_links":{"self":[{"href":"https:\/\/www.laguarimba.com\/it\/wp-json\/wp\/v2\/pages\/33910","targetHints":{"allow":["GET"]}}],"collection":[{"href":"https:\/\/www.laguarimba.com\/it\/wp-json\/wp\/v2\/pages"}],"about":[{"href":"https:\/\/www.laguarimba.com\/it\/wp-json\/wp\/v2\/types\/page"}],"author":[{"embeddable":true,"href":"https:\/\/www.laguarimba.com\/it\/wp-json\/wp\/v2\/users\/1"}],"replies":[{"embeddable":true,"href":"https:\/\/www.laguarimba.com\/it\/wp-json\/wp\/v2\/comments?post=33910"}],"version-history":[{"count":4,"href":"https:\/\/www.laguarimba.com\/it\/wp-json\/wp\/v2\/pages\/33910\/revisions"}],"predecessor-version":[{"id":34085,"href":"https:\/\/www.laguarimba.com\/it\/wp-json\/wp\/v2\/pages\/33910\/revisions\/34085"}],"wp:featuredmedia":[{"embeddable":true,"href":"https:\/\/www.laguarimba.com\/it\/wp-json\/wp\/v2\/media\/33679"}],"wp:attachment":[{"href":"https:\/\/www.laguarimba.com\/it\/wp-json\/wp\/v2\/media?parent=33910"}],"curies":[{"name":"wp","href":"https:\/\/api.w.org\/{rel}","templated":true}]}}