{"id":35038,"date":"2018-08-18T13:07:05","date_gmt":"2018-08-18T13:07:05","guid":{"rendered":"http:\/\/www.laguarimba.com\/edition2018\/"},"modified":"2018-12-01T11:39:23","modified_gmt":"2018-12-01T11:39:23","slug":"edizione2018","status":"publish","type":"page","link":"https:\/\/www.laguarimba.com\/it\/edizione2018\/","title":{"rendered":"Edizione 2018"},"content":{"rendered":"<div class=\"wpb-content-wrapper\">[vc_row][vc_column][vc_column_text]\n<p style=\"text-align: justify;\"><img data-recalc-dims=\"1\" loading=\"lazy\" decoding=\"async\" class=\"alignnone size-full wp-image-34550\" src=\"https:\/\/i0.wp.com\/www.laguarimba.com\/wp-content\/uploads\/2018\/08\/laguarimba201816.jpg?resize=1200%2C825\" alt=\"\" width=\"1200\" height=\"825\" data-id=\"34550\" srcset=\"https:\/\/i0.wp.com\/www.laguarimba.com\/wp-content\/uploads\/2018\/08\/laguarimba201816.jpg?w=1200&amp;ssl=1 1200w, https:\/\/i0.wp.com\/www.laguarimba.com\/wp-content\/uploads\/2018\/08\/laguarimba201816.jpg?resize=150%2C103&amp;ssl=1 150w, https:\/\/i0.wp.com\/www.laguarimba.com\/wp-content\/uploads\/2018\/08\/laguarimba201816.jpg?resize=300%2C206&amp;ssl=1 300w, https:\/\/i0.wp.com\/www.laguarimba.com\/wp-content\/uploads\/2018\/08\/laguarimba201816.jpg?resize=768%2C528&amp;ssl=1 768w, https:\/\/i0.wp.com\/www.laguarimba.com\/wp-content\/uploads\/2018\/08\/laguarimba201816.jpg?resize=1024%2C704&amp;ssl=1 1024w\" sizes=\"auto, (max-width: 1000px) 100vw, 1000px\" \/><\/p>\n<p style=\"text-align: justify;\">La Guarimba \u00e8 un contenitore di idee e di talenti, un luogo sicuro dove incontrarsi e creare rapporti professionali e personali. Quest\u2019anno siamo riusciti a portare avanti il festival nonostante il triste clima politico nazionale e locale, tra burocrazia malata e insulti al nostro operato sul territorio. Io in particolare sono potuto andare avanti grazie alla squadra meravigliosa che ho alle spalle, composta da persone da tutto il mondo che investono amore e professionalit\u00e0 in questo progetto. Questo nostro modo di fare \u00e8 stato premiato: abbiamo ricevuto pi\u00f9 di 1500 cortometraggi da tutto il mondo e cos\u00ec abbiamo realizzato una selezione di 68 opere per le competizioni di Fiction, Animazione, Documentario, Videoclip e Sperimentale; abbiamo avuto il riconoscimento della Regione Calabria come uno degli eventi storicizzati e anche quello del MIBACT come festival di cinema; pi\u00f9 di 160 persone hanno inviato la propria candidatura per fare i volontari e abbiamo potuto creare una squadra multiculturale da paura. Vogliamo ringraziare a tutti quelli che hanno subito capito l\u2019importanza culturale, economica e sociale di un festival di cinema internazionale a ingresso libero che si realizza in un paesino della Calabria. Vogliamo ringraziarvi per questa sensazione di non essere soli, perch\u00e9 la lotta pu\u00f2 avere successo solo se si fa insieme. E la cultura \u00e8 il miglior modo per trasmettere valori di democrazia partecipativa, integrazione e accessibilit\u00e0. Viva La Guarimba, Viva il nostro Posto Sicuro, Viva il Cinema come Atto Sociale.<\/p>\n<p>La sesta edizione de La Guarimba ha offerto alla citt\u00e0 di Amantea proiezioni sotto le stelle, laboratori per bambini, conferenze e momenti di socializzazione tra l&#8217;industria del cortometraggio e gli abitanti del paese.<\/p>\n<p>HIGHLIGHTS:<\/p>\n<p><img data-recalc-dims=\"1\" loading=\"lazy\" decoding=\"async\" class=\"alignnone size-full wp-image-34466\" src=\"https:\/\/i0.wp.com\/www.laguarimba.com\/wp-content\/uploads\/2018\/08\/laguarimba20182.jpg?resize=1200%2C801\" alt=\"\" width=\"1200\" height=\"801\" data-id=\"34466\" srcset=\"https:\/\/i0.wp.com\/www.laguarimba.com\/wp-content\/uploads\/2018\/08\/laguarimba20182.jpg?w=1200&amp;ssl=1 1200w, https:\/\/i0.wp.com\/www.laguarimba.com\/wp-content\/uploads\/2018\/08\/laguarimba20182.jpg?resize=150%2C100&amp;ssl=1 150w, https:\/\/i0.wp.com\/www.laguarimba.com\/wp-content\/uploads\/2018\/08\/laguarimba20182.jpg?resize=300%2C200&amp;ssl=1 300w, https:\/\/i0.wp.com\/www.laguarimba.com\/wp-content\/uploads\/2018\/08\/laguarimba20182.jpg?resize=768%2C513&amp;ssl=1 768w, https:\/\/i0.wp.com\/www.laguarimba.com\/wp-content\/uploads\/2018\/08\/laguarimba20182.jpg?resize=1024%2C684&amp;ssl=1 1024w\" sizes=\"auto, (max-width: 1000px) 100vw, 1000px\" \/>La prima edizione di\u00a0<strong>INSOMNIA<\/strong>, un programma di corti sperimentali proiettato a mare alle 3AM.<\/p>\n<p style=\"text-align: justify;\"><img data-recalc-dims=\"1\" loading=\"lazy\" decoding=\"async\" class=\"alignnone size-full wp-image-34544\" src=\"https:\/\/i0.wp.com\/www.laguarimba.com\/wp-content\/uploads\/2018\/08\/laguarimba201815.jpg?resize=1200%2C800\" alt=\"\" width=\"1200\" height=\"800\" data-id=\"34544\" srcset=\"https:\/\/i0.wp.com\/www.laguarimba.com\/wp-content\/uploads\/2018\/08\/laguarimba201815.jpg?w=1200&amp;ssl=1 1200w, https:\/\/i0.wp.com\/www.laguarimba.com\/wp-content\/uploads\/2018\/08\/laguarimba201815.jpg?resize=150%2C100&amp;ssl=1 150w, https:\/\/i0.wp.com\/www.laguarimba.com\/wp-content\/uploads\/2018\/08\/laguarimba201815.jpg?resize=300%2C200&amp;ssl=1 300w, https:\/\/i0.wp.com\/www.laguarimba.com\/wp-content\/uploads\/2018\/08\/laguarimba201815.jpg?resize=768%2C512&amp;ssl=1 768w, https:\/\/i0.wp.com\/www.laguarimba.com\/wp-content\/uploads\/2018\/08\/laguarimba201815.jpg?resize=1024%2C683&amp;ssl=1 1024w, https:\/\/i0.wp.com\/www.laguarimba.com\/wp-content\/uploads\/2018\/08\/laguarimba201815.jpg?resize=560%2C372&amp;ssl=1 560w, https:\/\/i0.wp.com\/www.laguarimba.com\/wp-content\/uploads\/2018\/08\/laguarimba201815.jpg?resize=212%2C140&amp;ssl=1 212w\" sizes=\"auto, (max-width: 1000px) 100vw, 1000px\" \/>La terza edizione de\u00a0<a href=\"https:\/\/www.laguarimba.com\/it\/lagrottadeipiccoli2018\/\">La Grotta dei Piccoli<\/a>\u00a0in collaborazione con UNICEF ITALIA.<\/p>\n<p><img data-recalc-dims=\"1\" loading=\"lazy\" decoding=\"async\" class=\"alignnone size-full wp-image-34760\" src=\"https:\/\/i0.wp.com\/www.laguarimba.com\/wp-content\/uploads\/2018\/08\/laguarimba201851.jpg?resize=1200%2C800\" alt=\"\" width=\"1200\" height=\"800\" data-id=\"34760\" srcset=\"https:\/\/i0.wp.com\/www.laguarimba.com\/wp-content\/uploads\/2018\/08\/laguarimba201851.jpg?w=1200&amp;ssl=1 1200w, https:\/\/i0.wp.com\/www.laguarimba.com\/wp-content\/uploads\/2018\/08\/laguarimba201851.jpg?resize=150%2C100&amp;ssl=1 150w, https:\/\/i0.wp.com\/www.laguarimba.com\/wp-content\/uploads\/2018\/08\/laguarimba201851.jpg?resize=300%2C200&amp;ssl=1 300w, https:\/\/i0.wp.com\/www.laguarimba.com\/wp-content\/uploads\/2018\/08\/laguarimba201851.jpg?resize=768%2C512&amp;ssl=1 768w, https:\/\/i0.wp.com\/www.laguarimba.com\/wp-content\/uploads\/2018\/08\/laguarimba201851.jpg?resize=1024%2C683&amp;ssl=1 1024w, https:\/\/i0.wp.com\/www.laguarimba.com\/wp-content\/uploads\/2018\/08\/laguarimba201851.jpg?resize=560%2C372&amp;ssl=1 560w, https:\/\/i0.wp.com\/www.laguarimba.com\/wp-content\/uploads\/2018\/08\/laguarimba201851.jpg?resize=212%2C140&amp;ssl=1 212w\" sizes=\"auto, (max-width: 1000px) 100vw, 1000px\" \/>Il concerto di\u00a0<strong>Kya Loum<\/strong> dal Senegal.<\/p>\n<p><img data-recalc-dims=\"1\" loading=\"lazy\" decoding=\"async\" class=\"alignnone size-full wp-image-34676\" src=\"https:\/\/i0.wp.com\/www.laguarimba.com\/wp-content\/uploads\/2018\/08\/laguarimba201837.jpg?resize=1200%2C800\" alt=\"\" width=\"1200\" height=\"800\" data-id=\"34676\" srcset=\"https:\/\/i0.wp.com\/www.laguarimba.com\/wp-content\/uploads\/2018\/08\/laguarimba201837.jpg?w=1200&amp;ssl=1 1200w, https:\/\/i0.wp.com\/www.laguarimba.com\/wp-content\/uploads\/2018\/08\/laguarimba201837.jpg?resize=150%2C100&amp;ssl=1 150w, https:\/\/i0.wp.com\/www.laguarimba.com\/wp-content\/uploads\/2018\/08\/laguarimba201837.jpg?resize=300%2C200&amp;ssl=1 300w, https:\/\/i0.wp.com\/www.laguarimba.com\/wp-content\/uploads\/2018\/08\/laguarimba201837.jpg?resize=768%2C512&amp;ssl=1 768w, https:\/\/i0.wp.com\/www.laguarimba.com\/wp-content\/uploads\/2018\/08\/laguarimba201837.jpg?resize=1024%2C683&amp;ssl=1 1024w, https:\/\/i0.wp.com\/www.laguarimba.com\/wp-content\/uploads\/2018\/08\/laguarimba201837.jpg?resize=560%2C372&amp;ssl=1 560w, https:\/\/i0.wp.com\/www.laguarimba.com\/wp-content\/uploads\/2018\/08\/laguarimba201837.jpg?resize=212%2C140&amp;ssl=1 212w\" sizes=\"auto, (max-width: 1000px) 100vw, 1000px\" \/><\/p>\n<p>Con il progetto di residenze cinematografiche abbiamo prodotto due film: uno di <strong>Nils Clauss<\/strong> e l&#8217;altro di\u00a0<strong>Vincent Moon<\/strong>.<\/p>\n<p>Uno spettacolo di Live cinema di Vincent Moon con musicisti calabresi sulla ricerca audiovisiva che ha realizzato in Calabria i giorni prima del festival.<\/p>\n<p><img data-recalc-dims=\"1\" loading=\"lazy\" decoding=\"async\" class=\"alignnone size-full wp-image-34598\" src=\"https:\/\/i0.wp.com\/www.laguarimba.com\/wp-content\/uploads\/2018\/08\/laguarimba201824.jpg?resize=1200%2C800\" alt=\"\" width=\"1200\" height=\"800\" data-id=\"34598\" srcset=\"https:\/\/i0.wp.com\/www.laguarimba.com\/wp-content\/uploads\/2018\/08\/laguarimba201824.jpg?w=1200&amp;ssl=1 1200w, https:\/\/i0.wp.com\/www.laguarimba.com\/wp-content\/uploads\/2018\/08\/laguarimba201824.jpg?resize=150%2C100&amp;ssl=1 150w, https:\/\/i0.wp.com\/www.laguarimba.com\/wp-content\/uploads\/2018\/08\/laguarimba201824.jpg?resize=300%2C200&amp;ssl=1 300w, https:\/\/i0.wp.com\/www.laguarimba.com\/wp-content\/uploads\/2018\/08\/laguarimba201824.jpg?resize=768%2C512&amp;ssl=1 768w, https:\/\/i0.wp.com\/www.laguarimba.com\/wp-content\/uploads\/2018\/08\/laguarimba201824.jpg?resize=1024%2C683&amp;ssl=1 1024w, https:\/\/i0.wp.com\/www.laguarimba.com\/wp-content\/uploads\/2018\/08\/laguarimba201824.jpg?resize=560%2C372&amp;ssl=1 560w, https:\/\/i0.wp.com\/www.laguarimba.com\/wp-content\/uploads\/2018\/08\/laguarimba201824.jpg?resize=212%2C140&amp;ssl=1 212w\" sizes=\"auto, (max-width: 1000px) 100vw, 1000px\" \/><strong>L&#8217;aperitivo di\u00a0Vimeo per i membri della industria<\/strong>\u00a0ospitato dal Ristorante Tipiko di Amantea con la conferenza di Vice Italy, la conferenza di\u00a0Jude Dry (Indiewire) e Sam Morrill (Vimeo), il dj set di <strong>Vincent Moon<\/strong> e il concerto di <strong>Kya Loum<\/strong>.<\/p>\n<p><img data-recalc-dims=\"1\" loading=\"lazy\" decoding=\"async\" class=\"alignnone size-full wp-image-34688\" src=\"https:\/\/i0.wp.com\/www.laguarimba.com\/wp-content\/uploads\/2018\/08\/laguarimba201839.jpg?resize=1200%2C800\" alt=\"\" width=\"1200\" height=\"800\" data-id=\"34688\" srcset=\"https:\/\/i0.wp.com\/www.laguarimba.com\/wp-content\/uploads\/2018\/08\/laguarimba201839.jpg?w=1200&amp;ssl=1 1200w, https:\/\/i0.wp.com\/www.laguarimba.com\/wp-content\/uploads\/2018\/08\/laguarimba201839.jpg?resize=150%2C100&amp;ssl=1 150w, https:\/\/i0.wp.com\/www.laguarimba.com\/wp-content\/uploads\/2018\/08\/laguarimba201839.jpg?resize=300%2C200&amp;ssl=1 300w, https:\/\/i0.wp.com\/www.laguarimba.com\/wp-content\/uploads\/2018\/08\/laguarimba201839.jpg?resize=768%2C512&amp;ssl=1 768w, https:\/\/i0.wp.com\/www.laguarimba.com\/wp-content\/uploads\/2018\/08\/laguarimba201839.jpg?resize=1024%2C683&amp;ssl=1 1024w, https:\/\/i0.wp.com\/www.laguarimba.com\/wp-content\/uploads\/2018\/08\/laguarimba201839.jpg?resize=560%2C372&amp;ssl=1 560w, https:\/\/i0.wp.com\/www.laguarimba.com\/wp-content\/uploads\/2018\/08\/laguarimba201839.jpg?resize=212%2C140&amp;ssl=1 212w\" sizes=\"auto, (max-width: 1000px) 100vw, 1000px\" \/>La conferenza\u00a0<strong>&#8220;Young African Filmmakers and the future of African Cinema&#8221;<\/strong> con Djia Mambu (VisuElles), Keba Danso (Karmala Cultura) e Sara Fratini (La Guarimba).<\/p>\n<p><img data-recalc-dims=\"1\" loading=\"lazy\" decoding=\"async\" class=\"alignnone size-full wp-image-34526\" src=\"https:\/\/i0.wp.com\/www.laguarimba.com\/wp-content\/uploads\/2018\/08\/laguarimba201812.jpg?resize=1200%2C800\" alt=\"\" width=\"1200\" height=\"800\" data-id=\"34526\" srcset=\"https:\/\/i0.wp.com\/www.laguarimba.com\/wp-content\/uploads\/2018\/08\/laguarimba201812.jpg?w=1200&amp;ssl=1 1200w, https:\/\/i0.wp.com\/www.laguarimba.com\/wp-content\/uploads\/2018\/08\/laguarimba201812.jpg?resize=150%2C100&amp;ssl=1 150w, https:\/\/i0.wp.com\/www.laguarimba.com\/wp-content\/uploads\/2018\/08\/laguarimba201812.jpg?resize=300%2C200&amp;ssl=1 300w, https:\/\/i0.wp.com\/www.laguarimba.com\/wp-content\/uploads\/2018\/08\/laguarimba201812.jpg?resize=768%2C512&amp;ssl=1 768w, https:\/\/i0.wp.com\/www.laguarimba.com\/wp-content\/uploads\/2018\/08\/laguarimba201812.jpg?resize=1024%2C683&amp;ssl=1 1024w, https:\/\/i0.wp.com\/www.laguarimba.com\/wp-content\/uploads\/2018\/08\/laguarimba201812.jpg?resize=560%2C372&amp;ssl=1 560w, https:\/\/i0.wp.com\/www.laguarimba.com\/wp-content\/uploads\/2018\/08\/laguarimba201812.jpg?resize=212%2C140&amp;ssl=1 212w\" sizes=\"auto, (max-width: 1000px) 100vw, 1000px\" \/>Pasta e vino: un pranzo alla calabrese offerto dai nostri amici dell&#8217;AUSER per tutti gli ospiti de La Guarimba. Una occasione per socializzare e innamorarsi dell&#8217;Italia.<\/p>\n<p><img data-recalc-dims=\"1\" loading=\"lazy\" decoding=\"async\" class=\"alignnone size-full wp-image-34664\" src=\"https:\/\/i0.wp.com\/www.laguarimba.com\/wp-content\/uploads\/2018\/08\/laguarimba201835.jpg?resize=1200%2C799\" alt=\"\" width=\"1200\" height=\"799\" data-id=\"34664\" srcset=\"https:\/\/i0.wp.com\/www.laguarimba.com\/wp-content\/uploads\/2018\/08\/laguarimba201835.jpg?w=1200&amp;ssl=1 1200w, https:\/\/i0.wp.com\/www.laguarimba.com\/wp-content\/uploads\/2018\/08\/laguarimba201835.jpg?resize=150%2C100&amp;ssl=1 150w, https:\/\/i0.wp.com\/www.laguarimba.com\/wp-content\/uploads\/2018\/08\/laguarimba201835.jpg?resize=300%2C200&amp;ssl=1 300w, https:\/\/i0.wp.com\/www.laguarimba.com\/wp-content\/uploads\/2018\/08\/laguarimba201835.jpg?resize=768%2C511&amp;ssl=1 768w, https:\/\/i0.wp.com\/www.laguarimba.com\/wp-content\/uploads\/2018\/08\/laguarimba201835.jpg?resize=1024%2C682&amp;ssl=1 1024w, https:\/\/i0.wp.com\/www.laguarimba.com\/wp-content\/uploads\/2018\/08\/laguarimba201835.jpg?resize=560%2C372&amp;ssl=1 560w, https:\/\/i0.wp.com\/www.laguarimba.com\/wp-content\/uploads\/2018\/08\/laguarimba201835.jpg?resize=212%2C140&amp;ssl=1 212w\" sizes=\"auto, (max-width: 1000px) 100vw, 1000px\" \/><\/p>\n<p>Un giorno a mare per fare la scimmia.<\/p>\n<p><a href=\"https:\/\/www.facebook.com\/media\/set\/?set=a.2144317072259634&amp;type=1&amp;l=dd52bb6ac5\"><img data-recalc-dims=\"1\" loading=\"lazy\" decoding=\"async\" class=\"alignnone wp-image-35027 size-full\" src=\"https:\/\/i0.wp.com\/www.laguarimba.com\/wp-content\/uploads\/2018\/08\/thefullalbum.png?resize=1311%2C403\" alt=\"\" width=\"1311\" height=\"403\" data-id=\"35027\" srcset=\"https:\/\/i0.wp.com\/www.laguarimba.com\/wp-content\/uploads\/2018\/08\/thefullalbum.png?w=1311&amp;ssl=1 1311w, https:\/\/i0.wp.com\/www.laguarimba.com\/wp-content\/uploads\/2018\/08\/thefullalbum.png?resize=150%2C46&amp;ssl=1 150w, https:\/\/i0.wp.com\/www.laguarimba.com\/wp-content\/uploads\/2018\/08\/thefullalbum.png?resize=300%2C92&amp;ssl=1 300w, https:\/\/i0.wp.com\/www.laguarimba.com\/wp-content\/uploads\/2018\/08\/thefullalbum.png?resize=768%2C236&amp;ssl=1 768w, https:\/\/i0.wp.com\/www.laguarimba.com\/wp-content\/uploads\/2018\/08\/thefullalbum.png?resize=1024%2C315&amp;ssl=1 1024w\" sizes=\"auto, (max-width: 1000px) 100vw, 1000px\" \/><\/a><\/p>\n<hr \/>\n<h1 style=\"text-align: justify;\">ARTISTS FOR LA GUARIMBA 2018<\/h1>\n<p style=\"text-align: justify;\">15 Artisti. 1 Scimmia. Una mostra di illustratori nel cuore del festival. A cura di Sara Fratini.<\/p>\n<p style=\"text-align: center;\"><div tabindex=\"0\" class=\"cycloneslider cycloneslider-template-standard cycloneslider-width-responsive\" id=\"cycloneslider-illustrators2018-1\" style=\"max-width:600px\" > <div class=\"cycloneslider-slides cycle-slideshow\" data-cycle-allow-wrap=\"true\" data-cycle-dynamic-height=\"off\" data-cycle-auto-height=\"600:850\" data-cycle-auto-height-easing=\"null\" data-cycle-auto-height-speed=\"250\" data-cycle-delay=\"0\" data-cycle-easing=\"\" data-cycle-fx=\"fade\" data-cycle-hide-non-active=\"true\" data-cycle-log=\"false\" data-cycle-next=\"#cycloneslider-illustrators2018-1 .cycloneslider-next\" data-cycle-pager=\"#cycloneslider-illustrators2018-1 .cycloneslider-pager\" data-cycle-pause-on-hover=\"true\" data-cycle-prev=\"#cycloneslider-illustrators2018-1 .cycloneslider-prev\" data-cycle-slides=\"&gt; div\" data-cycle-speed=\"1000\" data-cycle-swipe=\"1\" data-cycle-tile-count=\"7\" data-cycle-tile-delay=\"100\" data-cycle-tile-vertical=\"true\" data-cycle-timeout=\"4000\" > <div class=\"cycloneslider-slide cycloneslider-slide-image\" > <img decoding=\"async\" src=\"https:\/\/i0.wp.com\/www.laguarimba.com\/wp-content\/uploads\/2018\/08\/01_Mikel_Murillo_Spagna-600x850.jpg\" alt=\"\" title=\"\" \/> <\/div> <div class=\"cycloneslider-slide cycloneslider-slide-image\" > <img decoding=\"async\" src=\"https:\/\/i0.wp.com\/www.laguarimba.com\/wp-content\/uploads\/2018\/08\/02_Cecile_Dormeau_France-600x850.jpg\" alt=\"\" title=\"\" \/> <\/div> <div class=\"cycloneslider-slide cycloneslider-slide-image\" > <img decoding=\"async\" src=\"https:\/\/i0.wp.com\/www.laguarimba.com\/wp-content\/uploads\/2018\/08\/03_Hannah_Jacobs_UK-600x850.jpg\" alt=\"\" title=\"\" \/> <\/div> <div class=\"cycloneslider-slide cycloneslider-slide-image\" > <img decoding=\"async\" src=\"https:\/\/i0.wp.com\/www.laguarimba.com\/wp-content\/uploads\/2018\/08\/04_Antoine_Lopez_France-600x850.jpg\" alt=\"\" title=\"\" \/> <\/div> <div class=\"cycloneslider-slide cycloneslider-slide-image\" > <img decoding=\"async\" src=\"https:\/\/i0.wp.com\/www.laguarimba.com\/wp-content\/uploads\/2018\/08\/05_Moderna_Pueblo_Spain-600x850.jpg\" alt=\"\" title=\"\" \/> <\/div> <div class=\"cycloneslider-slide cycloneslider-slide-image\" > <img decoding=\"async\" src=\"https:\/\/i0.wp.com\/www.laguarimba.com\/wp-content\/uploads\/2018\/08\/06_Ivana_Boullon_Argentina-600x850.jpg\" alt=\"\" title=\"\" \/> <\/div> <div class=\"cycloneslider-slide cycloneslider-slide-image\" > <img decoding=\"async\" src=\"https:\/\/i0.wp.com\/www.laguarimba.com\/wp-content\/uploads\/2018\/08\/07_Faye_Moorhouse_UK-600x850.jpg\" alt=\"\" title=\"\" \/> <\/div> <div class=\"cycloneslider-slide cycloneslider-slide-image\" > <img decoding=\"async\" src=\"https:\/\/i0.wp.com\/www.laguarimba.com\/wp-content\/uploads\/2018\/08\/08_Elisa_Macellari_Italia-600x850.jpg\" alt=\"\" title=\"\" \/> <\/div> <div class=\"cycloneslider-slide cycloneslider-slide-image\" > <img decoding=\"async\" src=\"https:\/\/i0.wp.com\/www.laguarimba.com\/wp-content\/uploads\/2018\/08\/09_Amber_Ma_China_web-600x850.jpg\" alt=\"\" title=\"\" \/> <\/div> <div class=\"cycloneslider-slide cycloneslider-slide-image\" > <img decoding=\"async\" src=\"https:\/\/i0.wp.com\/www.laguarimba.com\/wp-content\/uploads\/2018\/08\/10_Pauline_Rochault_Paolinoshka_Pauline_Rochault_France-600x850.jpg\" alt=\"\" title=\"\" \/> <\/div> <div class=\"cycloneslider-slide cycloneslider-slide-image\" > <img decoding=\"async\" src=\"https:\/\/i0.wp.com\/www.laguarimba.com\/wp-content\/uploads\/2018\/08\/11_Richard_a_Chance_USA_web-600x850.jpg\" alt=\"\" title=\"\" \/> <\/div> <div class=\"cycloneslider-slide cycloneslider-slide-image\" > <img decoding=\"async\" src=\"https:\/\/i0.wp.com\/www.laguarimba.com\/wp-content\/uploads\/2018\/08\/12_Ming_Leong_Singapore-600x850.jpg\" alt=\"\" title=\"\" \/> <\/div> <div class=\"cycloneslider-slide cycloneslider-slide-image\" > <img decoding=\"async\" src=\"https:\/\/i0.wp.com\/www.laguarimba.com\/wp-content\/uploads\/2018\/08\/13_Klara_Bartlisson_Sweden-600x850.jpg\" alt=\"\" title=\"\" \/> <\/div> <div class=\"cycloneslider-slide cycloneslider-slide-image\" > <img decoding=\"async\" src=\"https:\/\/i0.wp.com\/www.laguarimba.com\/wp-content\/uploads\/2018\/08\/14_Bruno_Pinto_da_Cruz_Isomatic_Portugal-600x850.jpg\" alt=\"\" title=\"\" \/> <\/div> <div class=\"cycloneslider-slide cycloneslider-slide-image\" > <img decoding=\"async\" src=\"https:\/\/i0.wp.com\/www.laguarimba.com\/wp-content\/uploads\/2018\/08\/15_zaiwei_zhang_China_Canada-600x850.jpg\" alt=\"\" title=\"\" \/> <\/div> <\/div> <div class=\"cycloneslider-pager\"><\/div> <a href=\"#\" class=\"cycloneslider-prev\"> <span class=\"arrow\"><\/span> <\/a> <a href=\"#\" class=\"cycloneslider-next\"> <span class=\"arrow\"><\/span> <\/a> <\/div>\n<hr \/>\n<h1 style=\"text-align: justify;\">THE JURY\u00a02018<a href=\"http:\/\/www.laguarimba.com\/wp-content\/uploads\/2016\/08\/jury2016_3.jpg\"><br \/>\n<\/a><\/h1>\n<h1 style=\"text-align: justify;\"><\/h1>\n[\/vc_column_text][\/vc_column][\/vc_row][vc_row][vc_column width=&#8221;1\/3&#8243;][vc_single_image image=&#8221;34791&#8243; img_size=&#8221;full&#8221;][vc_column_text]\n<p class=\"p1\"><strong>DJIA MAMBU (Congo)<\/strong> Giornalista a VisuElles<\/p>\n[\/vc_column_text][\/vc_column][vc_column width=&#8221;1\/3&#8243;][vc_single_image image=&#8221;34797&#8243; img_size=&#8221;full&#8221;][vc_column_text]\n<p class=\"p1\"><strong>Jude Dry (USA)<\/strong>\u00a0Giornalista a Indiewire<\/p>\n[\/vc_column_text][\/vc_column][vc_column width=&#8221;1\/3&#8243;][vc_single_image image=&#8221;34803&#8243; img_size=&#8221;full&#8221;][vc_column_text]\n<p class=\"p1\"><strong>Thomas Horat (Svizzera)<\/strong> Regista<\/p>\n[\/vc_column_text][\/vc_column][\/vc_row][vc_row][vc_column][vc_column_text]\n<hr \/>\n<h1 style=\"text-align: justify;\">I VINCITORI 2018<\/h1>\n<p style=\"text-align: justify;\"><span style=\"line-height: 1.5;\"><div tabindex=\"0\" class=\"cycloneslider cycloneslider-template-standard cycloneslider-width-responsive\" id=\"cycloneslider-winners2018-2\" style=\"max-width:960px\" > <div class=\"cycloneslider-slides cycle-slideshow\" data-cycle-allow-wrap=\"true\" data-cycle-dynamic-height=\"off\" data-cycle-auto-height=\"960:600\" data-cycle-auto-height-easing=\"null\" data-cycle-auto-height-speed=\"250\" data-cycle-delay=\"0\" data-cycle-easing=\"\" data-cycle-fx=\"fade\" data-cycle-hide-non-active=\"true\" data-cycle-log=\"false\" data-cycle-next=\"#cycloneslider-winners2018-2 .cycloneslider-next\" data-cycle-pager=\"#cycloneslider-winners2018-2 .cycloneslider-pager\" data-cycle-pause-on-hover=\"true\" data-cycle-prev=\"#cycloneslider-winners2018-2 .cycloneslider-prev\" data-cycle-slides=\"&gt; div\" data-cycle-speed=\"1000\" data-cycle-swipe=\"1\" data-cycle-tile-count=\"7\" data-cycle-tile-delay=\"100\" data-cycle-tile-vertical=\"true\" data-cycle-timeout=\"4000\" > <div class=\"cycloneslider-slide cycloneslider-slide-image\" > <img decoding=\"async\" src=\"https:\/\/i0.wp.com\/www.laguarimba.com\/wp-content\/uploads\/2018\/08\/01.Guarimbero-award-1-960x600.jpg\" alt=\"\" title=\"\" \/> <\/div> <div class=\"cycloneslider-slide cycloneslider-slide-image\" > <img decoding=\"async\" src=\"https:\/\/i0.wp.com\/www.laguarimba.com\/wp-content\/uploads\/2018\/08\/02.Premio-pubblico-1-960x600.jpg\" alt=\"\" title=\"\" \/> <\/div> <div class=\"cycloneslider-slide cycloneslider-slide-image\" > <img decoding=\"async\" src=\"https:\/\/i0.wp.com\/www.laguarimba.com\/wp-content\/uploads\/2018\/08\/03.grotta-dei-piccoli-1-960x600.jpg\" alt=\"\" title=\"\" \/> <\/div> <div class=\"cycloneslider-slide cycloneslider-slide-image\" > <img decoding=\"async\" src=\"https:\/\/i0.wp.com\/www.laguarimba.com\/wp-content\/uploads\/2018\/08\/04.premio-insomnia-1-960x600.png\" alt=\"\" title=\"\" \/> <\/div> <div class=\"cycloneslider-slide cycloneslider-slide-image\" > <img decoding=\"async\" src=\"https:\/\/i0.wp.com\/www.laguarimba.com\/wp-content\/uploads\/2018\/08\/05.best-videoclip-1-960x600.png\" alt=\"\" title=\"\" \/> <\/div> <div class=\"cycloneslider-slide cycloneslider-slide-image\" > <img decoding=\"async\" src=\"https:\/\/i0.wp.com\/www.laguarimba.com\/wp-content\/uploads\/2018\/08\/06.speacial-mention-documentary-1-960x600.jpg\" alt=\"\" title=\"\" \/> <\/div> <div class=\"cycloneslider-slide cycloneslider-slide-image\" > <img decoding=\"async\" src=\"https:\/\/i0.wp.com\/www.laguarimba.com\/wp-content\/uploads\/2018\/08\/07.best-documentary-1-960x600.png\" alt=\"\" title=\"\" \/> <\/div> <div class=\"cycloneslider-slide cycloneslider-slide-image\" > <img decoding=\"async\" src=\"https:\/\/i0.wp.com\/www.laguarimba.com\/wp-content\/uploads\/2018\/08\/08.best-animation-1-960x600.png\" alt=\"\" title=\"\" \/> <\/div> <div class=\"cycloneslider-slide cycloneslider-slide-image\" > <img decoding=\"async\" src=\"https:\/\/i0.wp.com\/www.laguarimba.com\/wp-content\/uploads\/2018\/08\/09.special-mention-fiction-1-960x600.jpg\" alt=\"\" title=\"\" \/> <\/div> <div class=\"cycloneslider-slide cycloneslider-slide-image\" > <img decoding=\"async\" src=\"https:\/\/i0.wp.com\/www.laguarimba.com\/wp-content\/uploads\/2018\/08\/10.best-fiction-1-960x600.jpg\" alt=\"\" title=\"\" \/> <\/div> <\/div> <div class=\"cycloneslider-pager\"><\/div> <a href=\"#\" class=\"cycloneslider-prev\"> <span class=\"arrow\"><\/span> <\/a> <a href=\"#\" class=\"cycloneslider-next\"> <span class=\"arrow\"><\/span> <\/a> <\/div><\/span><\/p>\n<h1 style=\"text-align: justify;\"><\/h1>\n[\/vc_column_text][\/vc_column][\/vc_row][vc_row][vc_column][vc_column_text]\n<hr \/>\n<h1 style=\"text-align: justify;\">MEDIA\u00a02018<\/h1>\n[\/vc_column_text][\/vc_column][\/vc_row][vc_row][vc_column][vc_video link=&#8221;https:\/\/vimeo.com\/285267652&#8243;][\/vc_column][\/vc_row]\n<\/div>","protected":false},"excerpt":{"rendered":"<p>[vc_row][vc_column][vc_column_text] La Guarimba \u00e8 un contenitore di idee e di talenti, un luogo sicuro dove incontrarsi e creare rapporti professionali e personali. Quest\u2019anno siamo riusciti a portare avanti il festival nonostante il triste clima politico nazionale e locale, tra burocrazia malata e insulti al nostro operato sul territorio. Io in particolare sono potuto andare avanti [&hellip;]<\/p>\n","protected":false},"author":1,"featured_media":0,"parent":0,"menu_order":0,"comment_status":"closed","ping_status":"open","template":"page.php","meta":{"jetpack_post_was_ever_published":false,"footnotes":""},"class_list":["post-35038","page","type-page","status-publish","hentry"],"jetpack_shortlink":"https:\/\/wp.me\/P4S7Ao-978","jetpack_sharing_enabled":true,"_links":{"self":[{"href":"https:\/\/www.laguarimba.com\/it\/wp-json\/wp\/v2\/pages\/35038","targetHints":{"allow":["GET"]}}],"collection":[{"href":"https:\/\/www.laguarimba.com\/it\/wp-json\/wp\/v2\/pages"}],"about":[{"href":"https:\/\/www.laguarimba.com\/it\/wp-json\/wp\/v2\/types\/page"}],"author":[{"embeddable":true,"href":"https:\/\/www.laguarimba.com\/it\/wp-json\/wp\/v2\/users\/1"}],"replies":[{"embeddable":true,"href":"https:\/\/www.laguarimba.com\/it\/wp-json\/wp\/v2\/comments?post=35038"}],"version-history":[{"count":3,"href":"https:\/\/www.laguarimba.com\/it\/wp-json\/wp\/v2\/pages\/35038\/revisions"}],"predecessor-version":[{"id":35042,"href":"https:\/\/www.laguarimba.com\/it\/wp-json\/wp\/v2\/pages\/35038\/revisions\/35042"}],"wp:attachment":[{"href":"https:\/\/www.laguarimba.com\/it\/wp-json\/wp\/v2\/media?parent=35038"}],"curies":[{"name":"wp","href":"https:\/\/api.w.org\/{rel}","templated":true}]}}