{"id":35701,"date":"2018-11-08T19:26:47","date_gmt":"2018-11-08T19:26:47","guid":{"rendered":"https:\/\/www.laguarimba.com\/?page_id=35701"},"modified":"2018-11-29T09:40:45","modified_gmt":"2018-11-29T09:40:45","slug":"illamiseria","status":"publish","type":"page","link":"https:\/\/www.laguarimba.com\/it\/illamiseria\/","title":{"rendered":"#illaMiseria"},"content":{"rendered":"<div class=\"wpb-content-wrapper\">[vc_row][vc_column][vc_column_text]La Calabria, come ben sapete, \u00e8 la terra dove tutto \u00e8 possibile. Purtroppo per\u00f2 spesso sui giornali e tra di noi c&#8217;\u00e8 una narrazione pessimista (quella che si ferma al fenomeno della &#8216;ndranghetta e la povert\u00e0) o superficialmente folkloristica (che arriva fino la &#8216;nduja, la tarantella commerciale e i tramonti sul mare). Da quando abbiamo deciso di vivere ed operare sul nostro territorio abbiamo notato il vero grande problema di noi figli di Ulisse: la diffidenza. E come combatterla? Con la fiducia, s\u00ec. Ma non basta. Ci rendiamo conto dell&#8217;importanza di non solo riportare il cinema alla gente e la gente al cinema ma anche di essere attenti con quello che ci circonda e dare luce alle iniziative di questa Calabria sveglia che non \u00e8 pi\u00f9 futuro ma presente attivo. Abbiamo elencato le iniziative che esistono sul nostro territorio portate avanti da giovani (quelli veri: ventenni, trentenni) che permettono una nuova narrativa attraverso il proprio operato.[\/vc_column_text][\/vc_column][\/vc_row][vc_row][vc_column width=&#8221;1\/2&#8243;][vc_column_text]<span style=\"font-size: 18pt;\"><strong>CLETO FESTIVAL<\/strong><\/span><\/p>\n<p>Il <strong>Cleto Festival<\/strong> \u00e8 un progetto nato per ripopolare uno dei borghi pi\u00f9 belli d&#8217;Italia e poi diventato punto di riferimento per l&#8217;incontro politico e culturale della provincia cosentina. \u00c8 una festa di paese strutturata in funzione del borgo medievale che ospita musica, cinema, mostre, teatro, artisti di strada, dibattiti e cibo. Durante l&#8217;anno l&#8217;associazione porta avanti diverse iniziative collegate al borgo attraverso valori di comunit\u00e0.<br \/>\nIl Cleto \u00e8 anche un atto politico, un modo per dimostrare che la Calabria non \u00e8 condannata ad essere spopolata ma \u00e8 solo gestita male.<\/p>\n<p>Il sito:\u00a0<a href=\"http:\/\/www.cletofestival.com\/\">cletofestival.com<\/a>[\/vc_column_text][\/vc_column][vc_column width=&#8221;1\/2&#8243;][vc_single_image image=&#8221;35731&#8243; img_size=&#8221;full&#8221;][\/vc_column][\/vc_row][vc_row][vc_column width=&#8221;1\/2&#8243;][vc_single_image image=&#8221;35737&#8243; img_size=&#8221;full&#8221;][\/vc_column][vc_column width=&#8221;1\/2&#8243;][vc_column_text]<span style=\"font-size: 18pt;\"><strong>FELICI &amp; CONFLENTI<\/strong><\/span><\/p>\n<p><strong>Felici &amp; Conflenti<\/strong>\u00a0non solo ha il miglior nome di questa lista ma \u00e8 sopratutto una delle feste popolari pi\u00f9 belle del mondo. Il nome fa riferimento al luogo dove si svolge: Conflenti, un paesino catanzarese ai fianchi del Monte Reventino. L&#8217;obiettivo del festival \u00e8 trasmettere la cultura coreutica e musicale di quell&#8217;area. Si beve vino a volont\u00e0 mentre si sente un organetto e si assiste alla improvvisazione di un canto, un ballo di coppia o di gruppo, alla poesia dei vecchi cantastorie che si fonde con quella dei giovani che hanno continuato. \u00c8 un festival fortemente folkloristico ma che non cade nella commercializzazione ridicola e ripetitiva. Esiste una comunit\u00e0 che si incontra ogni anno ed \u00e8 aperta a nuovi incontri.<\/p>\n<p>Il sito:\u00a0<a href=\"https:\/\/www.felicieconflenti.it\/\">felicieconflenti.it<\/a>[\/vc_column_text][\/vc_column][\/vc_row][vc_row][vc_column width=&#8221;1\/2&#8243;][vc_column_text]<span style=\"font-size: 18pt;\"><strong>COLOR FEST<\/strong><\/span><\/p>\n<p>Il <strong>Color Fest<\/strong>\u00a0\u00e8 il nostro grande festival della musica indie, che riesce a portare in Calabria una line-up con il meglio della musica italiana attuale e un evento di massa vero e proprio. Fa impressione vedere tanti ventenni che raggiungono la meta e partecipano con entusiasmo al programma, e alcuni addirittura rimangono nel campeggio allestito dall&#8217;organizzazione. Gli organizzatori permettono al pubblico di vivere un&#8217;esperienza musicale completa: dal ballare con funky, elettropop e classici degli anni ottanta spensierati, godere di rapper impegnati politicamente, al vivere esperienze sonore mistiche.<br \/>\n<span style=\"font-family: -apple-system, BlinkMacSystemFont, 'Segoe UI', Roboto, Oxygen-Sans, Ubuntu, Cantarell, 'Helvetica Neue', sans-serif;\">Ci trovate ogni anno l\u00ec in uno dei gazebo che il festival offre alle realt\u00e0 locali come la nostra per aiutarle a diffondere i propri progetti.<\/span><\/p>\n<p>Il sito: <a href=\"http:\/\/colorfest.it\/\">colorfest.it<\/a>[\/vc_column_text][\/vc_column][vc_column width=&#8221;1\/2&#8243;][vc_single_image image=&#8221;36899&#8243; img_size=&#8221;full&#8221;][\/vc_column][\/vc_row][vc_row][vc_column width=&#8221;1\/2&#8243;][vc_single_image image=&#8221;35809&#8243; img_size=&#8221;full&#8221;][\/vc_column][vc_column width=&#8221;1\/2&#8243;][vc_column_text]<span style=\"font-size: 18pt;\"><strong>ALTROVE FESTIVAL<\/strong><\/span><\/p>\n<p><strong>Altrove Festival<\/strong>\u00a0porta avanti un lavoro di rigenerazione urbana attraverso l&#8217;arte contemporanea nella citt\u00e0 di Catanzaro. Con il passare del tempo abbiamo visto come questo progetto, nato come semplice festival di street art organizzato da giovani che volevano colorare la propria citt\u00e0, sia diventato una istituzione che esperimenta con le forme dell&#8217;arte. Il centro storico di Catanzaro oggi non \u00e8 solo pieno di murales sui palazzi che erano grigi, di sculture che hanno attirato l&#8217;attenzione su zone in disuso, ma sopratutto di un senso di consapevolezza su quello che pu\u00f2 riuscire a fare la cittadinanza organizzata anche attraverso espressioni culturali.<\/p>\n<p>Il sito:\u00a0<a href=\"http:\/\/www.altrovefestival.it\/\">altrovefestival.it<\/a>[\/vc_column_text][\/vc_column][\/vc_row]\n<\/div>","protected":false},"excerpt":{"rendered":"<p>[vc_row][vc_column][vc_column_text]La Calabria, come ben sapete, \u00e8 la terra dove tutto \u00e8 possibile. Purtroppo per\u00f2 spesso sui giornali e tra di noi c&#8217;\u00e8 una narrazione pessimista (quella che si ferma al fenomeno della &#8216;ndranghetta e la povert\u00e0) o superficialmente folkloristica (che arriva fino la &#8216;nduja, la tarantella commerciale e i tramonti sul mare). Da quando abbiamo [&hellip;]<\/p>\n","protected":false},"author":1,"featured_media":0,"parent":0,"menu_order":0,"comment_status":"closed","ping_status":"closed","template":"page-full-width.php","meta":{"jetpack_post_was_ever_published":false,"footnotes":""},"class_list":["post-35701","page","type-page","status-publish","hentry"],"jetpack_shortlink":"https:\/\/wp.me\/P4S7Ao-9hP","jetpack_sharing_enabled":true,"_links":{"self":[{"href":"https:\/\/www.laguarimba.com\/it\/wp-json\/wp\/v2\/pages\/35701","targetHints":{"allow":["GET"]}}],"collection":[{"href":"https:\/\/www.laguarimba.com\/it\/wp-json\/wp\/v2\/pages"}],"about":[{"href":"https:\/\/www.laguarimba.com\/it\/wp-json\/wp\/v2\/types\/page"}],"author":[{"embeddable":true,"href":"https:\/\/www.laguarimba.com\/it\/wp-json\/wp\/v2\/users\/1"}],"replies":[{"embeddable":true,"href":"https:\/\/www.laguarimba.com\/it\/wp-json\/wp\/v2\/comments?post=35701"}],"version-history":[{"count":10,"href":"https:\/\/www.laguarimba.com\/it\/wp-json\/wp\/v2\/pages\/35701\/revisions"}],"predecessor-version":[{"id":36906,"href":"https:\/\/www.laguarimba.com\/it\/wp-json\/wp\/v2\/pages\/35701\/revisions\/36906"}],"wp:attachment":[{"href":"https:\/\/www.laguarimba.com\/it\/wp-json\/wp\/v2\/media?parent=35701"}],"curies":[{"name":"wp","href":"https:\/\/api.w.org\/{rel}","templated":true}]}}