{"id":48604,"date":"2022-02-01T15:53:21","date_gmt":"2022-02-01T15:53:21","guid":{"rendered":"https:\/\/www.laguarimba.com\/?page_id=48604"},"modified":"2023-06-15T08:04:49","modified_gmt":"2023-06-15T08:04:49","slug":"ilterrenito","status":"publish","type":"page","link":"https:\/\/www.laguarimba.com\/it\/ilterrenito\/","title":{"rendered":"Il Terrenito"},"content":{"rendered":"<div class=\"wpb-content-wrapper\">[vc_row][vc_column][vc_column_text]\n<p style=\"text-align: justify;\"><strong>Il Terrenito \u00e8 uno spazio multifunzionale dedicato all&#8217;arte e alla cultura<\/strong> gestito dall&#8217;Associazione La Guarimba, localizzato nel <strong>centro di Amantea (CS)<\/strong> in Via Mazzini, 32.<\/p>\n<p style=\"text-align: justify;\">Il Terrenito \u00e8 il centro e la base di partenza di un progetto culturale pensato per offrire spazi di aggregazione e per ospitare attivit\u00e0 che rispondono a determinate necessit\u00e0 del territorio, con l<strong>\u2019obiettivo di incrementare il capitale sociale e la qualit\u00e0 della vita degli abitanti<\/strong> del territorio di riferimento.<\/p>\n<p style=\"text-align: justify;\">Lo spazio, ogni anno, ospita<strong>\u00a0un programma di attivit\u00e0 artistiche e culturali<\/strong> in cooperazione con le realt\u00e0 associative locali, che coinvolge tutta la cittadinanza attraverso metodologie di co-progettazione orizzontali e inclusive, ed \u00e8 il punto di riferimento per le attivit\u00e0 de La Guarimba.<\/p>\n[\/vc_column_text][\/vc_column][\/vc_row][vc_row][vc_column][vc_column_text]\n<h1>GLI SPAZI<\/h1>\n[\/vc_column_text][vc_column_text]\n<p style=\"text-align: justify;\">Il Terrenito \u00e8 un progetto in continua evoluzione. \u00c8 composto da <strong>un&#8217;area all&#8217;aperto<\/strong>, affacciata sulla strada, di 270mq, con <strong>un palco in cemento di 70mq<\/strong> che pu\u00f2 ospitare concerti, performance teatrali e di danza, proiezioni di cinema e presentazioni di libri, e pu\u00f2 accogliere fino a 100 posti a sedere, pi\u00f9 altri 50 in piedi. \u00c8 presente anche un bagno e una sala che serve da magazzino e da dietro le quinte.<\/p>\n<p>Lo spazio \u00e8 stato arricchito con <strong>i murales realizzati da La Fille Bertha<\/strong>, una street artist sarda che ha dato colore e personalit\u00e0 alle pareti con i suoi caratteristici disegni femminili.[\/vc_column_text][vc_gallery interval=&#8221;3&#8243; images=&#8221;51217,51205,51223,51187,51199,51229&#8243; img_size=&#8221;full&#8221;][\/vc_column][\/vc_row][vc_row][vc_column][vc_column_text]\n<p style=\"text-align: justify;\">Nell&#8217;edificio adiacente al Terrenito,<strong>\u00a0abbiamo costruito i nuovi uffici de La Guarimba<\/strong>, a cui abbiamo aggiunto due postazioni studio che saranno messe a disposizione degli studenti e dei lavoratori di Amantea durante tutto l&#8217;anno.<\/p>\n<p style=\"text-align: justify;\">L&#8217;apertura dell&#8217;ufficio \u00e8 stato un passaggio molto importante per la crescita della nostra realt\u00e0, che ora pu\u00f2 lavorare in uno spazio adeguato, acquistato e costruito dal nulla solo con le nostre forze.<\/p>\n[\/vc_column_text][vc_gallery interval=&#8221;3&#8243; images=&#8221;51069,51063&#8243; img_size=&#8221;full&#8221;][\/vc_column][\/vc_row][vc_row][vc_column][vc_column_text]\n<h1>LA STORIA DEL TERRENITO<\/h1>\n[\/vc_column_text][\/vc_column][\/vc_row][vc_row][vc_column][vc_column_text]\n<p style=\"text-align: justify;\"><strong>Dicembre 2021<\/strong>. Amantea \u00e8 commissariata da ormai due anni. Il comune, sciolto per infiltrazioni mafiose appena prima dell\u2019inizio della pandemia, \u00e8 in dissesto economico. Non ci sono spazi nel territorio dedicati alla <strong>cultura<\/strong> e all\u2019<strong>aggregazione<\/strong>. Le tre sale cinematografiche che avevano animato il paese sono chiuse definitivamente. Le due biblioteche che esistevano sono scomparse per sempre. La villa comunale \u00e8 chiusa per inagibilit\u00e0. Il palazzetto dello sport, tanto menzionato in vari programmi elettorali, non \u00e8 stato mai aperto. Il teatro ora ospita, con grande senso dell\u2019ironia, proprio il municipio.<\/p>\n<p style=\"text-align: justify;\"><strong>Amantea \u00e8 il simbolo dell\u2019abbandono, dell\u2019assenza delle istituzioni e della mancanza di progettualit\u00e0<\/strong>. Il settore turistico e il commercio hanno distrutto il tessuto sociale del territorio, portando abusivismo edilizio, politiche finalizzate esclusivamente all\u2019arricchimento immediato e la totale assenza di investimenti mirati sul capitale sociale e culturale del paese. L\u2019assenza di musei e di biblioteche si traduce nella mancanza di uno spazio dedicato alla memoria storica e collettiva della comunit\u00e0.<\/p>\n[\/vc_column_text][\/vc_column][\/vc_row][vc_row][vc_column width=&#8221;1\/2&#8243;][vc_single_image image=&#8221;50725&#8243; img_size=&#8221;full&#8221;][\/vc_column][vc_column width=&#8221;1\/2&#8243;][vc_single_image image=&#8221;50731&#8243; img_size=&#8221;full&#8221;][\/vc_column][\/vc_row][vc_row][vc_column][vc_column_text]\n<p style=\"text-align: justify;\">Lavorando in questo territorio da dieci anni, siamo sempre stati fiduciosi sul suo <strong>potenziale<\/strong> e sulle <strong>possibilit\u00e0<\/strong> che potrebbero nascere con la giusta spinta. In questi anni, abbiamo conosciuto compagnie di teatro e di danza, che non hanno un posto dove esibirsi, le tre bande di paese, costrette a provare in capannoni abbandonati, associazioni di fotografia, centri linguistici e tanti studenti che non hanno un posto dove studiare, dove prendere libri in prestito o guardare un film.<\/p>\n<p style=\"text-align: justify;\">Per questo abbiamo deciso che <strong>l\u2019investimento pi\u00f9 sensato<\/strong>, nella sua follia, <strong>doveva essere quello di acquistare uno spazio da donare alla comunit\u00e0 che ci ospita da dieci anni<\/strong>.<\/p>\n<p style=\"text-align: justify;\">La nostra idea iniziale era quello di acquistare un immobile da trasformare <strong>nella prima Casa della Cultura di Amantea<\/strong>, uno spazio aperto a tutta la cittadinanza e rivolto in particolare ai giovani, i pi\u00f9 bisognosi di spazi comunitari e i pi\u00f9 penalizzati dalla loro mancanza.<\/p>\n<p style=\"text-align: justify;\"><strong>Abbiamo dunque svolto un\u2019indagine per comprendere ci\u00f2 di cui avessero veramente bisogno<\/strong>, realizzando un questionario indirizzato ai ragazzi fino ai 25 anni, studenti di scuola, universitari e giovani lavoratori, strutturato con domande che ci aiutassero a comprendere le loro esigenze e le loro aspettative.<\/p>\n<p style=\"text-align: justify;\">Abbiamo raccolto un campione di <strong>150 risposte valide<\/strong>, rappresentative del nostro target di riferimento. Dal questionario, \u00e8 emerso che il 92% degli studenti di Amantea \u00e8 costretta a studiare a casa, evidenziando problemi come la distrazione, la mancanza di una connessione veloce e una scrivania personale. Il 91% di loro ha risposto che <strong>frequenterebbe una sala studio o biblioteca per studiare<\/strong>, se ci fosse. Attraverso delle proposte strutturate su scale di valori, abbiamo riscontrato l\u2019esigenza da parte di molti studenti di spazi silenziosi, in posizione centrale ad Amantea, con connessione internet e dove poter socializzare con altri ragazzi della loro et\u00e0.<\/p>\n<p style=\"text-align: justify;\">Il 70% di loro ha espresso gradimento nei confronti di una biblioteca dove poter anche prendere in prestito libri e fumetti. Il 92% dei ragazzi ha anche espresso il desiderio di <strong>avere una sala cinematografica<\/strong>, mentre la totalit\u00e0 di coloro che praticano discipline artistiche come musica, danza e teatro (circa il 25% del totale) si \u00e8 dichiarato disponibile a utilizzare uno spazio dedicato alle prove. Il 59% di loro ha anche espresso il desiderio di frequentare corsi e laboratori di discipline artistiche.<\/p>\n<p style=\"text-align: justify;\">Partendo da queste informazioni, abbiamo iniziato a <strong>immaginarci lo spazio<\/strong>, che avrebbe incluso gli uffici dell\u2019organizzazione, una sala studio\/biblioteca, con 10 scrivanie con postazioni pc a disposizione per il pubblico, una grande sala multifunzionale amplificata per le prove e le esibizioni musicali e teatrali, dove installare uno schermo per le proiezioni, e un ostello per ospitare gli artisti.<\/p>\n<p style=\"text-align: justify;\">Abbiamo iniziato la ricerca del luogo che avrebbe ospitato il nuovo posto sicuro per La Guarimba e per gli amanteani, passando in rassegna vari edifici in vendita. Ci siamo scontrati con il paradosso di un paese che ha sub\u00ecto un boom edilizio ed \u00e8 costellato di appartamenti abbandonati, ma che, se sono in vendita, hanno prezzi inaccessibili.<\/p>\n<p style=\"text-align: justify;\">Dopo mesi di ricerca, ci siamo imbattuti <strong>nell\u2019ultimo terreno edificabile di Amantea<\/strong>, uno spazio di 270m<sup>2 <\/sup>situato in Via Mazzini, strada parallela del corso principale nel centro cittadino. Con i fondi raccolti in dieci anni di lavoro, abbiamo fatto questo investimento e acquistato il terreno.<\/p>\n[\/vc_column_text][\/vc_column][\/vc_row][vc_row][vc_column][vc_single_image image=&#8221;50737&#8243; img_size=&#8221;full&#8221;][\/vc_column][\/vc_row][vc_row][vc_column][vc_column_text]\n<h1>I LAVORI DI RIQUALIFICAZIONE<\/h1>\n[\/vc_column_text][\/vc_column][\/vc_row][vc_row][vc_column][vc_column_text]La prima volta che siamo entrati nel terreno abbiamo trovato un luogo degradato, dalla superficie irregolare, con la vegetazione spontanea incolta cresciuta sopra la spazzatura accumulata in anni di abbandono, senza nessuna struttura all\u2019interno. L\u2019ingresso era costituito dallo scheletro di un vecchio edificio demolito e non c\u2019era n\u00e9 elettricit\u00e0 n\u00e9 allaccio al sistema fognario.<\/p>\n<p><strong>Il primo intervento<\/strong>, iniziato a marzo 2022, <strong>\u00e8 stato dunque quello di ripulirlo<\/strong>, tagliando le erbacce e rimuovendo la spazzatura. La superficie \u00e8 stata livellata e sono state portate avanti le valutazioni per la costruzione di un piccolo edificio.[\/vc_column_text][\/vc_column][\/vc_row][vc_row][vc_column width=&#8221;1\/2&#8243;][vc_single_image image=&#8221;50750&#8243; img_size=&#8221;full&#8221;][\/vc_column][vc_column width=&#8221;1\/2&#8243;][vc_single_image image=&#8221;50744&#8243; img_size=&#8221;full&#8221;][\/vc_column][\/vc_row][vc_row][vc_column][vc_column_text]\n<p style=\"text-align: justify;\">A quel punto, abbiamo realizzato la <strong>necessit\u00e0 di attivare al pi\u00f9 presto un percorso comunitario per consegnare quello spazio alla cittadinanza<\/strong>. Il terreno poteva diventare subito un luogo aperto per creare una programmazione gi\u00e0 per quell\u2019estate, in collaborazione con le associazioni culturali del territorio.<\/p>\n<p style=\"text-align: justify;\">Il 7 marzo 2022 abbiamo organizzato <strong>la prima riunione al terreno<\/strong>, a cui hanno partecipato diversi membri del mondo culturale amanteano e persone interessate, con cui abbiamo discusso della destinazione dello spazio.<\/p>\n[\/vc_column_text][\/vc_column][\/vc_row][vc_row][vc_column][vc_single_image image=&#8221;50756&#8243; img_size=&#8221;full&#8221;][\/vc_column][\/vc_row][vc_row][vc_column][vc_column_text]\n<p style=\"text-align: justify;\"><strong>Ci siamo confrontati sulle diverse necessit\u00e0<\/strong>: la presenza di un palcoscenico grande abbastanza da poter ospitare spettacoli di danza e di teatro, la sistemazione di punti luce, l\u2019orientamento delle sedie, tavoli per organizzare workshop, un dietro le quinte con accesso diretto al palco.<\/p>\n<p style=\"text-align: justify;\">Abbiamo svolto un lavoro che ad Amantea non era mai stato fatto: riunire le varie realt\u00e0 culturali e offrire un\u2019occasione per dialogare, unire le forze e intraprendere un percorso comune.<\/p>\n<p style=\"text-align: justify;\"><strong>I lavori svolti da quel punto sono stati il risultato di questo confronto<\/strong>: abbiamo costruito un palco in cemento di 70m<sup>2<\/sup>, installato prese elettriche e riflettori e avviato la costruzione del bagno e di un piccolo edificio che potesse funzionare da magazzino, deposito per l\u2019attrezzatura e backstage.<\/p>\n[\/vc_column_text][\/vc_column][\/vc_row][vc_row][vc_column width=&#8221;1\/2&#8243;][vc_single_image image=&#8221;50762&#8243; img_size=&#8221;full&#8221;][\/vc_column][vc_column width=&#8221;1\/2&#8243;][vc_single_image image=&#8221;50768&#8243; img_size=&#8221;full&#8221;][\/vc_column][\/vc_row][vc_row][vc_column width=&#8221;1\/4&#8243;][\/vc_column][vc_column width=&#8221;1\/4&#8243;][vc_column_text]\n<p style=\"text-align: center;\"><span style=\"font-size: 10pt;\">ORGANIZZATO DA<\/span><\/p>\n[\/vc_column_text][vc_single_image image=&#8221;50388&#8243; img_size=&#8221;full&#8221;][\/vc_column][vc_column width=&#8221;1\/4&#8243;][vc_column_text]\n<p style=\"text-align: center;\"><span style=\"font-size: 10pt;\">CON IL CONTRIBUTO DI<\/span><\/p>\n[\/vc_column_text][vc_single_image image=&#8221;50382&#8243; img_size=&#8221;full&#8221;][\/vc_column][vc_column width=&#8221;1\/4&#8243;][\/vc_column][\/vc_row][vc_row][vc_column][vc_column_text]\n<p style=\"text-align: center;\"><span style=\"font-size: 10pt;\">CON IL SUPPORTO DI<\/span><\/p>\n[\/vc_column_text][\/vc_column][\/vc_row][vc_row][vc_column width=&#8221;1\/6&#8243;][vc_single_image image=&#8221;50350&#8243; img_size=&#8221;full&#8221;][\/vc_column][vc_column width=&#8221;1\/6&#8243;][vc_single_image image=&#8221;50326&#8243; img_size=&#8221;full&#8221;][\/vc_column][vc_column width=&#8221;1\/6&#8243;][vc_single_image image=&#8221;50356&#8243; img_size=&#8221;full&#8221;][\/vc_column][vc_column width=&#8221;1\/6&#8243;][vc_single_image image=&#8221;50332&#8243; img_size=&#8221;full&#8221;][\/vc_column][vc_column width=&#8221;1\/6&#8243;][vc_single_image image=&#8221;50368&#8243; img_size=&#8221;full&#8221;][\/vc_column][vc_column width=&#8221;1\/6&#8243;][vc_single_image image=&#8221;50362&#8243; img_size=&#8221;full&#8221;][\/vc_column][\/vc_row]\n<\/div>","protected":false},"excerpt":{"rendered":"<p>[vc_row][vc_column][vc_column_text] Il Terrenito \u00e8 uno spazio multifunzionale dedicato all&#8217;arte e alla cultura gestito dall&#8217;Associazione La Guarimba, localizzato nel centro di Amantea (CS) in Via Mazzini, 32. Il Terrenito \u00e8 il centro e la base di partenza di un progetto culturale pensato per offrire spazi di aggregazione e per ospitare attivit\u00e0 che rispondono a determinate necessit\u00e0 [&hellip;]<\/p>\n","protected":false},"author":1,"featured_media":50784,"parent":0,"menu_order":0,"comment_status":"closed","ping_status":"closed","template":"","meta":{"jetpack_post_was_ever_published":false,"footnotes":""},"class_list":["post-48604","page","type-page","status-publish","has-post-thumbnail","hentry"],"jetpack_shortlink":"https:\/\/wp.me\/P4S7Ao-cDW","jetpack_sharing_enabled":true,"_links":{"self":[{"href":"https:\/\/www.laguarimba.com\/it\/wp-json\/wp\/v2\/pages\/48604","targetHints":{"allow":["GET"]}}],"collection":[{"href":"https:\/\/www.laguarimba.com\/it\/wp-json\/wp\/v2\/pages"}],"about":[{"href":"https:\/\/www.laguarimba.com\/it\/wp-json\/wp\/v2\/types\/page"}],"author":[{"embeddable":true,"href":"https:\/\/www.laguarimba.com\/it\/wp-json\/wp\/v2\/users\/1"}],"replies":[{"embeddable":true,"href":"https:\/\/www.laguarimba.com\/it\/wp-json\/wp\/v2\/comments?post=48604"}],"version-history":[{"count":21,"href":"https:\/\/www.laguarimba.com\/it\/wp-json\/wp\/v2\/pages\/48604\/revisions"}],"predecessor-version":[{"id":53053,"href":"https:\/\/www.laguarimba.com\/it\/wp-json\/wp\/v2\/pages\/48604\/revisions\/53053"}],"wp:featuredmedia":[{"embeddable":true,"href":"https:\/\/www.laguarimba.com\/it\/wp-json\/wp\/v2\/media\/50784"}],"wp:attachment":[{"href":"https:\/\/www.laguarimba.com\/it\/wp-json\/wp\/v2\/media?parent=48604"}],"curies":[{"name":"wp","href":"https:\/\/api.w.org\/{rel}","templated":true}]}}