{"id":55082,"date":"2023-07-24T09:10:18","date_gmt":"2023-07-24T09:10:18","guid":{"rendered":"https:\/\/www.laguarimba.com\/?page_id=55082"},"modified":"2023-07-25T09:55:05","modified_gmt":"2023-07-25T09:55:05","slug":"ilterrenito2023","status":"publish","type":"page","link":"https:\/\/www.laguarimba.com\/it\/ilterrenito2023\/","title":{"rendered":"Il Terrenito 2023"},"content":{"rendered":"<div class=\"wpb-content-wrapper\">[vc_row][vc_column][vc_column_text]\n<p style=\"text-align: justify;\"><strong>Dal 1 al 22 luglio<\/strong>, Il Terrenito ha riaperto le sue porte alla comunit\u00e0 di Amantea, ospitando un programma estivo di <strong>16 eventi culturali a ingresso libero<\/strong>, tra cinema, musica, performance di danza, mostre di pittura ed incontri tematici.<\/p>\n<p style=\"text-align: justify;\">Localizzato in Via Mazzini, 32, nel centro di Amantea, Il Terrenito \u00e8 il centro di un progetto culturale pensato per <strong>offrire spazi di aggregazione e ospitare attivit\u00e0<\/strong> che rispondono a determinate necessit\u00e0 del territorio, con l\u2019obiettivo di <strong>incrementare il capitale sociale<\/strong> e la qualit\u00e0 della vita degli abitanti del territorio di riferimento.<\/p>\n[\/vc_column_text][\/vc_column][\/vc_row][vc_row][vc_column width=&#8221;1\/2&#8243;][vc_single_image image=&#8221;55165&#8243; img_size=&#8221;full&#8221;][\/vc_column][vc_column width=&#8221;1\/2&#8243;][vc_single_image image=&#8221;55169&#8243; img_size=&#8221;full&#8221;][\/vc_column][\/vc_row][vc_row][vc_column][vc_column_text]Il programma culturale di luglio 2023 \u00e8 stato costruito <strong>in cooperazione con le realt\u00e0 associative locali<\/strong>, coinvolgendo tutta la cittadinanza attraverso metodologie di co-progettazione orizzontali e inclusive. L\u2019idea \u00e8 quello di offrire uno spazio aperto, un contenitore adattabile che possa essere riempito ogni volta di idee e proposte per tutti.<\/p>\n<p>Sponsor principale del programma <strong>Caff\u00e8 Guglielmo<\/strong>, che ha creduto nell\u2019importanza e nella necessit\u00e0 della cultura come strumento essenziale per incrementare il capitale sociale del territorio.[\/vc_column_text][\/vc_column][\/vc_row][vc_row][vc_column][vc_column_text]\n<h2>GLI EVENTI DI LUGLIO 2023<\/h2>\n[\/vc_column_text][\/vc_column][\/vc_row][vc_row][vc_column][vc_column_text]\n<h3 style=\"text-align: justify;\">ESTEMPORANEA E CONCERTO INAUGURALE<\/h3>\n<p style=\"text-align: justify;\">Il primo luglio, il programma \u00e8 stato inaugurato dalla <strong>estemporanea di pittura dedicata al pittore amanteano Aldo Bruno<\/strong> e dal <strong>Concerto Dell\u2019Orchestra Di Fiati Mediterranea<\/strong>.<\/p>\n<p style=\"text-align: justify;\">25 artisti locali, dai 3 ai 75 anni, hanno ritirato le tele la mattina dell\u2019evento, per poi consegnare i loro lavori nel pomeriggio. I quadri sono stati esposti all\u2019interno dello spazio fino alla sera, che ha poi ospitato il concerto dell\u2019Orchestra Di Fiati Mediterranea, che da dieci anni collabora con La Guarimba. In questa occasione, sono stati presentati al pubblico i nuovi componenti dell\u2019<strong>Orchestra Junior<\/strong>, che ha esordito con una serie di brani tratti dalle colonne sonore di film celebri come Harry Potter, Jurassic Park e La Bella e La Bestia. In seguito, l\u2019Orchestra al completo ha eseguito i brani del suo repertorio, di fronte ad un pubblico accorso in gran numero, riempiendo la platea.<\/p>\n<p style=\"text-align: justify;\">Durante la serata, musica e arte figurativa si sono cos\u00ec unite per offrire alla comunit\u00e0 di Amantea il primo assaggio di un cartellone di sedici eventi a ingresso libero che ha portato novit\u00e0 e variet\u00e0 culturale nel paese.<\/p>\n[\/vc_column_text][\/vc_column][\/vc_row][vc_row][vc_column width=&#8221;1\/2&#8243;][vc_single_image image=&#8221;55098&#8243; img_size=&#8221;full&#8221;][\/vc_column][vc_column width=&#8221;1\/2&#8243;][vc_single_image image=&#8221;55102&#8243; img_size=&#8221;full&#8221;][\/vc_column][\/vc_row][vc_row][vc_column][vc_column_text]\n<h3 style=\"text-align: justify;\">RASSEGNA CINEMATOGRAFICA<\/h3>\n<p style=\"text-align: justify;\">Anche questa estate, abbiamo voluto portare il cinema nel paese senza sale cinematografiche, presentando un\u2019offerta di qualit\u00e0, che potesse soddisfare un pubblico vasto ed eterogeneo. Curata dall\u2019<strong>Associazione Culturale Cinemambulante<\/strong>, la rassegna di questo anno si \u00e8 suddivisa in tre programmi differenti, cos\u00ec da coinvolgere e appassionare persone di tutte le et\u00e0 e interessi. Il luned\u00ec \u00e8 stato dedicato al <strong>Cinema storico<\/strong> di Jean-Luc Godard, il gioved\u00ec al cinema delle <strong>Donne dall\u2019Iran<\/strong>, il sabato al <strong>Cinema per i pi\u00f9 piccoli<\/strong> dello Studio Laika.<\/p>\n<p style=\"text-align: justify;\">In collaborazione con l\u2019<strong>Institut Fran\u00e7ais<\/strong>, il 3 luglio \u00e8 iniziata la rassegna di cinema storico \u201c<strong>Godard pour tous!<\/strong>\u201d dedicata al regista francese Jean-Luc Godard. Siamo partiti con \u201c<strong>Vivre sa vie<\/strong>\u201d, per poi continuare con \u201c<strong>Le mepris<\/strong>\u201d e \u201c<strong>Pierrot le fou<\/strong>\u201d.<\/p>\n<p style=\"text-align: justify;\">Il cinema di Jean-Luc Godard ci ha ispirati da quando eravamo solo un gruppo di amici a Madrid con voglia di fare un piccolo festival per riportare il cinema alla gente. La sua intransigenza, la sua trasgressione e il suo senso dell\u2019umorismo ci hanno dato dei punti fermi per attraversare gli ultimi dieci anni di lotta guarimbera. \u00c8 per noi stato un onore dedicare questa rassegna proprio a lui, con tre dei suoi film essenziali, e ricevere dal pubblico, sempre partecipe e attivo, una risposta pi\u00f9 che positiva al grande cinema francese.<\/p>\n[\/vc_column_text][\/vc_column][\/vc_row][vc_row][vc_column width=&#8221;1\/2&#8243;][vc_single_image image=&#8221;55107&#8243; img_size=&#8221;full&#8221;][\/vc_column][vc_column width=&#8221;1\/2&#8243;][vc_single_image image=&#8221;55112&#8243; img_size=&#8221;full&#8221;][\/vc_column][\/vc_row][vc_row][vc_column][vc_column_text]\n<p style=\"text-align: justify;\">Il programma di proiezioni &#8220;<strong>Donne <\/strong><strong>dall&#8217;Iran<\/strong>&#8221; si \u00e8 concentrato su tre opere contemporanee, per mettere luce sul movimento artistico femminista iraniano, che sta lavorando attivamente per dare voce e visibilit\u00e0 alle storie di donne oppresse. Sin dalla prima proiezione, il pubblico \u00e8 rimasto colpito e si \u00e8 emozionato per le storie raccontate nei tre film scelti, \u201c<strong>Son-Mother<\/strong>\u201d, \u201c<strong>The Art of Living in Danger<\/strong>\u201d e \u201c<strong>Titi<\/strong>\u201d.<\/p>\n<p style=\"text-align: justify;\">La proiezione del 13 \u00e8 stata preceduta da un incontro organizzato dall\u2019associazione trans-femminista <strong>Gynestra<\/strong>, con sede a Longobardi (CS), che, insieme ai collettivi <strong>Colpo<\/strong> (Paola) e <strong>La Base<\/strong> (Cosenza) ha discusso <strong>il ruolo dell&#8217;attivismo sociale in Calabria<\/strong>, all&#8217;importanza di impegnarsi in percorsi di resistenza creando spazi sicuri e di far sentire la propria voce. Oltre alla questione di genere, abbiamo parlato insieme dei problemi lavorativi e sanitari nella nostra Regione, e su come sono stati affrontati creando delle reti di partecipazione attiva.<\/p>\n[\/vc_column_text][\/vc_column][\/vc_row][vc_row][vc_column width=&#8221;1\/2&#8243;][vc_single_image image=&#8221;55116&#8243; img_size=&#8221;full&#8221;][\/vc_column][vc_column width=&#8221;1\/2&#8243;][vc_single_image image=&#8221;55120&#8243; img_size=&#8221;full&#8221;][\/vc_column][\/vc_row][vc_row][vc_column][vc_column_text]\n<p style=\"text-align: justify;\">I bambini, spesso esclusi dalla gi\u00e0 scarsa offerta presente sul territorio, sono stati i protagonisti della rassegna &#8220;<strong>Cinema per i pi\u00f9 piccoli<\/strong>&#8220;, un programma che ha preso vita nel sabato sera rivolto ai pi\u00f9 giovani, senza escludere, per\u00f2, gli adulti appassionati di cinema. La selezione \u00e8 composta da tre film dello studio di animazione statunitense <strong>Laika Studios<\/strong>: <strong>Coraline<\/strong>, <strong>Boxtrolls<\/strong> e <strong>Kubo and the Two Strings<\/strong>, opere dal linguaggio non convenzionale e dai temi maturi, ma adatti a tutte le et\u00e0. La partecipazione \u00e8 stata tanta, confermandoci ancora una volta la fame di cultura e socializzazione dei bambini amanteani.<\/p>\n<p style=\"text-align: justify;\">Durante ogni serata abbiamo potuto osservare la meraviglia e lo stupore negli occhi dei piccoli partecipanti che, attraverso questa rassegna, hanno potuto vivere la magia del cinema all\u2019aperto, condividendola con le loro famiglie e con le nuove amicizie createsi durante le proiezioni.<\/p>\n[\/vc_column_text][\/vc_column][\/vc_row][vc_row][vc_column width=&#8221;1\/2&#8243;][vc_single_image image=&#8221;55124&#8243; img_size=&#8221;full&#8221;][\/vc_column][vc_column width=&#8221;1\/2&#8243;][vc_single_image image=&#8221;55128&#8243; img_size=&#8221;full&#8221;][\/vc_column][\/vc_row][vc_row][vc_column][vc_column_text]\n<h3 style=\"text-align: justify;\">DANZA E MUSICA<\/h3>\n<p><strong>Al Mantiah Ballet<\/strong><\/p>\n<p style=\"text-align: justify;\">Il 7 luglio, la compagnia di danza <strong>Al Mantiah Ballet<\/strong> ha presentato al Terrenito il loro quinto lavoro &#8220;Dina&#8221;, uno spettacolo liberamente ispirato al libro \u201cIl colore delle magnolie\u201d di Tinni Sequino, che ha raccontato la storia di Dina, una donna libera che ha attraversato molte epoche e che ha avuto uno sguardo profondo sulla Calabria. Lo spazio \u00e8 stato interamente riempito dal pubblico: oltre 150 persone hanno assistito allo spettacolo, rimanendo affascinati dai passi, dalle musiche e dai racconti che hanno portato sul nostro palco questa magnifica storia.<\/p>\n[\/vc_column_text][\/vc_column][\/vc_row][vc_row][vc_column width=&#8221;1\/2&#8243;][vc_single_image image=&#8221;55132&#8243; img_size=&#8221;full&#8221;][\/vc_column][vc_column width=&#8221;1\/2&#8243;][vc_single_image image=&#8221;55136&#8243; img_size=&#8221;full&#8221;][\/vc_column][\/vc_row][vc_row][vc_column][vc_column_text]<strong>Amantea Rap Session<\/strong><\/p>\n<p style=\"text-align: justify;\">Per la serata del 14 luglio abbiamo contattato i giovani rapper presenti sul territorio. <strong>Emas$h<\/strong>, <strong>Nik<\/strong>, <strong>A2ndrea<\/strong> ed <strong>3gidioss<\/strong>, si sono riuniti sul palco del Terrenito per cantare tre brani da loro scritti e prodotti, e portare ad Amantea un genere spesso oggetto di incomprensioni e pregiudizi, soprattutto da un pubblico pi\u00f9 maturo. Siamo stati felici di aver costruito questo ponte culturale e vedere fra gli spettatori persone di tutte le et\u00e0, che si sono riunite per supportare e conoscere gli artisti emergenti, affacciandosi ad una nuova realt\u00e0 e ascoltando dal vivo musica prodotta nel territorio.<\/p>\n[\/vc_column_text][\/vc_column][\/vc_row][vc_row][vc_column width=&#8221;1\/2&#8243;][vc_single_image image=&#8221;55140&#8243; img_size=&#8221;full&#8221;][\/vc_column][vc_column width=&#8221;1\/2&#8243;][vc_single_image image=&#8221;55144&#8243; img_size=&#8221;full&#8221;][\/vc_column][\/vc_row][vc_row][vc_column][vc_column_text]<strong>Peperoncino Jazz Festival<\/strong><\/p>\n<p style=\"text-align: justify;\">Per il secondo anno consecutivo, il Peperoncino Jazz Festival \u00e8 tornato al Terrenito per far riscoprire ad Amantea la magia della musica jazz. Siamo orgogliosi di poter continuare questa collaborazione con uno dei festival musicali pi\u00f9 importanti in Calabria, e di condividere con esso la volont\u00e0 di <strong>arricchire il territorio attraverso l\u2019arte e la cultura<\/strong>.<\/p>\n<p style=\"text-align: justify;\">Il festival itinerante, quest\u2019anno, ha portato ad Amantea gli artisti nippo-polacchi <strong>Yumi Ito &amp; Szymon Mika<\/strong>. La ricchezza delle loro voci e dei loro strumenti hanno affascinato un pubblico di oltre 120 persone che, nonostante il caldo delle serate calabresi, \u00e8 accorso per partecipare a un evento tanto affascinante.<\/p>\n[\/vc_column_text][\/vc_column][\/vc_row][vc_row][vc_column width=&#8221;1\/2&#8243;][vc_single_image image=&#8221;55148&#8243; img_size=&#8221;full&#8221;][\/vc_column][vc_column width=&#8221;1\/2&#8243;][vc_single_image image=&#8221;55152&#8243; img_size=&#8221;full&#8221;][\/vc_column][\/vc_row][vc_row][vc_column][vc_column_text]\n<h2>MERCATINO VINTAGE<\/h2>\n<p style=\"text-align: justify;\">Sabato 15 e domenica 16, il <strong>Vintage Market Calabria<\/strong> ha allestito un mercatino vintage all&#8217;interno del Terrenito, creando uno spazio di bellezza e incontro. Adulti e ragazzi sono cos\u00ec entrati in contatto con una nuova forma di commercio e hanno vissuto un\u2019esperienza diversa rispetto a quella del classico shopping, curiosando fra accessori, gioielli, prodotti naturali, libri, fumetti, abiti e tessuti, e trovando qualcosa di unico a cui dare nuova vita.<\/p>\n[\/vc_column_text][\/vc_column][\/vc_row][vc_row][vc_column width=&#8221;1\/2&#8243;][vc_single_image image=&#8221;55156&#8243; img_size=&#8221;full&#8221;][\/vc_column][vc_column width=&#8221;1\/2&#8243;][vc_single_image image=&#8221;55160&#8243; img_size=&#8221;full&#8221;][\/vc_column][\/vc_row][vc_row][vc_column][vc_column_text]Si \u00e8 chiuso cos\u00ec il programma di Luglio del Terrenito, uno spazio che sta crescendo e si sta trasformando, diventando lo spazio sicuro, dove le persone possono sentirsi libere di esprimersi, che avevamo immaginato.<\/p>\n<p>Uno spazio di <strong>bellezza <\/strong><strong>pronto ad accogliere le richieste di una comunit\u00e0 altrimenti abbandonata<\/strong> dalle istituzioni, in cui arte e cultura si incontrano per ridare vita al paese e alle sue bellezze.[\/vc_column_text][\/vc_column][\/vc_row][vc_row][vc_column width=&#8221;1\/2&#8243;][vc_single_image image=&#8221;55177&#8243; img_size=&#8221;full&#8221;][\/vc_column][vc_column width=&#8221;1\/2&#8243;][vc_single_image image=&#8221;55181&#8243; img_size=&#8221;full&#8221;][\/vc_column][\/vc_row][vc_row][vc_column][vc_column_text]\n<h3 style=\"text-align: justify;\">COMUNICAZIONE E IMPATTO<\/h3>\n<p style=\"text-align: justify;\">Per la promozione del calendario di eventi del Terrenito abbiamo realizzato una campagna di diffusione avvalendoci sia del mezzo stampa che dei nostri canali social. Abbiamo distribuito nel paese, tra negozi, locali e case, <strong>6000 volantini<\/strong> raffiguranti il programma, suddiviso in giorni e categoria di evento. L\u2019ufficio stampa che si \u00e8 occupato della comunicazione degli eventi ha realizzato una strategia di comunicazione incentrata principalmente sul territorio calabrese, iniziata con un\u2019<strong>intervista al TGR Calabria <\/strong>del direttore artistico Giulio Vita, continuata poi <strong>sulle principali testate giornalistiche regionali<\/strong>. Tutte le informazioni erano, inoltre, presenti sul <strong>sito web de La Guarimba<\/strong> e sui rispettivi <strong>canali social<\/strong>. Su Instagram e Facebook, in particolare, abbiamo giornalmente condiviso le locandine degli eventi appositamente realizzate per le piattaforme, condividendole a loro volta con le parti coinvolte nei diversi progetti. Cos\u00ec facendo, siamo riusciti raggiungere <strong>un pubblico vasto ed eterogeno<\/strong>, fornendogli tutte le informazioni necessarie sugli spettacoli e sulle attivit\u00e0 organizzate. Per i 16 eventi che hanno accompagnato le nostre serate al Terrenito, abbiamo coinvolto un pubblico di <strong>824 persone<\/strong> fra abitanti del posto e turisti di tutte le et\u00e0.<\/p>\n[\/vc_column_text][\/vc_column][\/vc_row][vc_row][vc_column][vc_separator color=&#8221;white&#8221;][\/vc_column][\/vc_row][vc_row][vc_column width=&#8221;1\/3&#8243;][vc_column_text]\n<p style=\"text-align: center;\"><span style=\"font-size: 10pt;\">ORGANIZZATO DA<\/span><\/p>\n[\/vc_column_text][\/vc_column][vc_column width=&#8221;1\/3&#8243;][vc_column_text]\n<p style=\"text-align: center;\"><span style=\"font-size: 10pt;\">CON IL CONTRIBUTO DI<\/span><\/p>\n[\/vc_column_text][\/vc_column][vc_column width=&#8221;1\/3&#8243;][vc_column_text]\n<p style=\"text-align: center;\"><span style=\"font-size: 10pt;\">IN COLLABORAZIONE CON<\/span><\/p>\n[\/vc_column_text][\/vc_column][\/vc_row][vc_row][vc_column width=&#8221;1\/3&#8243;][vc_single_image image=&#8221;50388&#8243; img_size=&#8221;full&#8221;][\/vc_column][vc_column width=&#8221;1\/3&#8243;][vc_single_image image=&#8221;50382&#8243; img_size=&#8221;full&#8221;][\/vc_column][vc_column width=&#8221;1\/3&#8243;][vc_single_image image=&#8221;55191&#8243; img_size=&#8221;full&#8221;][\/vc_column][\/vc_row]\n<\/div>","protected":false},"excerpt":{"rendered":"<p>[vc_row][vc_column][vc_column_text] Dal 1 al 22 luglio, Il Terrenito ha riaperto le sue porte alla comunit\u00e0 di Amantea, ospitando un programma estivo di 16 eventi culturali a ingresso libero, tra cinema, musica, performance di danza, mostre di pittura ed incontri tematici. Localizzato in Via Mazzini, 32, nel centro di Amantea, Il Terrenito \u00e8 il centro di [&hellip;]<\/p>\n","protected":false},"author":1,"featured_media":55092,"parent":0,"menu_order":0,"comment_status":"closed","ping_status":"closed","template":"page-full-width.php","meta":{"jetpack_post_was_ever_published":false,"footnotes":""},"class_list":["post-55082","page","type-page","status-publish","has-post-thumbnail","hentry"],"jetpack_shortlink":"https:\/\/wp.me\/P4S7Ao-ekq","jetpack_sharing_enabled":true,"_links":{"self":[{"href":"https:\/\/www.laguarimba.com\/it\/wp-json\/wp\/v2\/pages\/55082","targetHints":{"allow":["GET"]}}],"collection":[{"href":"https:\/\/www.laguarimba.com\/it\/wp-json\/wp\/v2\/pages"}],"about":[{"href":"https:\/\/www.laguarimba.com\/it\/wp-json\/wp\/v2\/types\/page"}],"author":[{"embeddable":true,"href":"https:\/\/www.laguarimba.com\/it\/wp-json\/wp\/v2\/users\/1"}],"replies":[{"embeddable":true,"href":"https:\/\/www.laguarimba.com\/it\/wp-json\/wp\/v2\/comments?post=55082"}],"version-history":[{"count":12,"href":"https:\/\/www.laguarimba.com\/it\/wp-json\/wp\/v2\/pages\/55082\/revisions"}],"predecessor-version":[{"id":55195,"href":"https:\/\/www.laguarimba.com\/it\/wp-json\/wp\/v2\/pages\/55082\/revisions\/55195"}],"wp:featuredmedia":[{"embeddable":true,"href":"https:\/\/www.laguarimba.com\/it\/wp-json\/wp\/v2\/media\/55092"}],"wp:attachment":[{"href":"https:\/\/www.laguarimba.com\/it\/wp-json\/wp\/v2\/media?parent=55082"}],"curies":[{"name":"wp","href":"https:\/\/api.w.org\/{rel}","templated":true}]}}