{"id":55755,"date":"2023-10-25T10:49:37","date_gmt":"2023-10-25T10:49:37","guid":{"rendered":"https:\/\/www.laguarimba.com\/?page_id=55755"},"modified":"2024-04-03T09:10:20","modified_gmt":"2024-04-03T09:10:20","slug":"guarimba-a-madrid","status":"publish","type":"page","link":"https:\/\/www.laguarimba.com\/it\/guarimba-a-madrid\/","title":{"rendered":"La Guarimba a Madrid"},"content":{"rendered":"<div class=\"wpb-content-wrapper\">[vc_row][vc_column][vc_column_text]\n<p style=\"text-align: justify;\"><strong>La Guarimba a Madrid<\/strong> \u00e8 un progetto organizzato dall&#8217;Associazione Culturale La Guarimba, parte del programma &#8220;<strong>On Tour<\/strong>&#8220;, che porta i film della competizione del festival in giro per il mondo. L&#8217;obiettivo del programma \u00e8 quello di far conoscere la nostra selezione a nuovi pubblici e arricchire i programmi culturali degli spazi che ci ospitano.<\/p>\n<p style=\"text-align: justify;\">Dal 2023, la libreria <strong>Sin Tarima<\/strong>\u00a0ha iniziato a ospitare regolarmente le proiezioni guarimbere. L&#8217;idea \u00e8 nata un sabato sera nel centro di Madrid. Due guarimberos e il loro libraio preferito bevono e mangiano insieme discutendo di letteratura, cinema, vita. Boom: nasce il progetto.<\/p>\n<p style=\"text-align: justify;\">Perch\u00e9 non condividere con i nostri vicini il vasto repertorio di cortometraggi che La Guarimba International Film Festival ha in serbo nell&#8217;intimo e storico seminterrato di Sin Tarima, un ex rifugio per la guerra civile spagnola?<\/p>\n<p style=\"text-align: justify;\">Invece di curare i migliori cortometraggi di un anno in particolare \u2013 come di solito fa un festival cinematografico \u2013 l\u2019idea \u00e8 di <strong>articolare i film attorno ad argomenti<\/strong>, fornendogli cos\u00ec nuovi significati, connessioni e dimensioni per l&#8217;amore della controversia, della provocazione e dell&#8217;apertura mentale.<\/p>\n<p style=\"text-align: justify;\">Un <strong>atto collettivo di cultura<\/strong>, in cui una proiezione tematica che mostra il lavoro di registi di tutto il mondo \u00e8 seguita da una discussione aperta. Spettatori, organizzatori e librai condividono pensieri e dubbi, riferimenti e raccomandazioni, costruiscono legami e allargano lo sguardo, per poi ritrovarsi tutti insieme in un corteo laico attorno ai bar locali.<\/p>\n[\/vc_column_text][\/vc_column][\/vc_row][vc_row][vc_column width=&#8221;1\/2&#8243;][vc_single_image image=&#8221;55758&#8243; img_size=&#8221;full&#8221;][\/vc_column][vc_column width=&#8221;1\/2&#8243;][vc_single_image image=&#8221;55760&#8243; img_size=&#8221;full&#8221;][\/vc_column][\/vc_row][vc_row][vc_column][vc_text_separator title=&#8221;DATE&#8221;][\/vc_column][\/vc_row][vc_row][vc_column][vc_tta_accordion][vc_tta_section title=&#8221;10 DICEMBRE 2022&#8243; tab_id=&#8221;1698660559068-77fb0579-29e7&#8243;][vc_column_text]\n<p style=\"text-align: justify;\">Una selezione dei pi\u00f9 grandi successi con uno sguardo speciale sulla realt\u00e0. Quattro documentari e un cortometraggio di animazione-fiction, ma ispirato a fatti realmente accaduti.<\/p>\n<p style=\"text-align: justify;\">Innamorarsi di un serial killer, condividere un appartamento con l&#8217;animale domestico pi\u00f9 strano o parlare dei traumi dei macchinisti che si sono imbattuti in persone con tendenze suicide: alcuni degli argomenti discussi.<\/p>\n<p style=\"text-align: justify;\"><strong>I FILM: <\/strong>All inclusive (Svizzera), Just a guy (Giappone\/Germania), Shadows on the rails (Finlandia), Tungrus (India), Bestia (Cile)<\/p>\n[\/vc_column_text][\/vc_tta_section][vc_tta_section title=&#8221;4 MARZO 2023&#8243; tab_id=&#8221;1698660559091-af4bdca0-995a&#8221;][vc_column_text]\n<p style=\"text-align: justify;\">Dopo un primo incontro in cui abbiamo scambiato sguardi con realt\u00e0 tanto dure quanto diverse, ci incontriamo di nuovo per riflettere su come affrontiamo, comprendiamo o eludiamo queste realt\u00e0.<\/p>\n<p style=\"text-align: justify;\">Idolatria, venerazione, devozione e culto. Ossessioni varie. Una selezione di cortometraggi provenienti da Spagna, Svizzera, Messico, Colombia, Olanda e Italia con discussione e successivo piacevole incontro in un bar vicino.<\/p>\n<p style=\"text-align: justify;\"><strong>I FILM: <\/strong>The day of the wall (Italia), Tarikat (Paesi Bassi), In light (Italia), All cats are grey in the dark (Svizzera), Motorcyclist\u2019s happiness won\u2019t fit into his suit (Messico), The passion of Judas (Spagna), Los colores del ni\u00f1o Dios (Colombia)<\/p>\n[\/vc_column_text][\/vc_tta_section][vc_tta_section title=&#8221;24 GIUGNO 2023&#8243; tab_id=&#8221;1698660690061-244ed30d-6331&#8243;][vc_column_text]\n<p style=\"text-align: justify;\">Una selezione di cortometraggi tra fiction, documentari e animazione, sul &#8220;lavoro&#8221; nella sua accezione pi\u00f9 ampia: dai conflitti lavorativi alla vocazione professionale, all&#8217;inattivit\u00e0, al diritto alla pigrizia, o al concetto di &#8220;servizio&#8221;.<\/p>\n<p style=\"text-align: justify;\"><strong>I FILM: <\/strong>Ca$h (Singapore), The ballet of service (Paesi Bassi), Breakpoint (Francia), Malumore (Italia), A job like any other (Canada), Why slugs have no legs (Svizzera)<\/p>\n[\/vc_column_text][\/vc_tta_section][vc_tta_section title=&#8221;28 OTTOBRE 2023&#8243; tab_id=&#8221;1698660740321-478ee56d-41d5&#8243;][vc_column_text]\n<p style=\"text-align: justify;\">Perversioni reali e immaginarie. Una selezione di cortometraggi che esplora e mette in discussione i nostri desideri sessuali pi\u00f9 oscuri, le depravazioni e le oscenit\u00e0, con particolare interesse per le fantasie delle donne oltre il piacere.<\/p>\n<p style=\"text-align: justify;\"><strong>I FILM: <\/strong>Olav (Belgio), Mom what\u2019s up with the dog (Francia), Really Good Friends (Stati Uniti), Pentola (Italia), Sherry (Stati Uniti), Maw (Belgio), Fiebre Austral (Cile), El Polinizador (Spagna)<\/p>\n[\/vc_column_text][\/vc_tta_section][vc_tta_section title=&#8221;27 GENNAIO 2024&#8243; tab_id=&#8221;1706720624198-2d744e26-1157&#8243;][vc_column_text]\n<p style=\"text-align: justify;\">Cinque documentari che mirano a sfidare le nostre opinioni pi\u00f9 condiscendenti. Realt\u00e0 provenienti da aree geografiche e culture diverse che potrebbero vagamente rientrare nelle etichette di cattivo gusto, ridicolo, ingenuo o squallido.<\/p>\n<p style=\"text-align: justify;\">Queste categorie ci metteranno di fronte ai nostri pregiudizi e alla nostra superiorit\u00e0 morale, dimostrando che nessuno possiede esclusivamente la felicit\u00e0 o la normativit\u00e0.<\/p>\n<p style=\"text-align: justify;\">Persone senza filtri e maschere che ci connetteranno con l&#8217;umanit\u00e0 in un modo pi\u00f9 profondo di qualsiasi prodotto intellettuale.<\/p>\n<p style=\"text-align: justify;\"><strong>I FILM: <\/strong>Party Poster (India), Kris Bronze (Brasile), Apostles of Cinema (Tanzania), Washers of Rent (Colombia), Romeo (Spagna)<\/p>\n[\/vc_column_text][\/vc_tta_section][vc_tta_section title=&#8221;29 FEBBRAIO 2024&#8243; tab_id=&#8221;1712134904266-3b345930-4f99&#8243;][vc_column_text]\n<p style=\"text-align: justify;\">Serie di cortometraggi incentrati sul mondo del lavoro e sulla memoria dei lavoratori.<\/p>\n<p style=\"text-align: justify;\">Il cinema d\u2019autore come strumento per affrontare la lotta di classe, la precariet\u00e0 del lavoro e la militanza assembleare, senza dimenticare altri fenomeni altrettanto trasversali come la memoria familiare, la produttivit\u00e0 come imperativo o la migrazione forzata delle minoranze e dei soggetti razzializzati.<\/p>\n<p style=\"text-align: justify;\">Fiction e documentario si intrecciano con storie su vari conflitti di lavoro, sia storici che odierni, che ci invitano a viaggiare attraverso diverse latitudini geografiche con un aspetto prevalentemente femminile.<\/p>\n<p style=\"text-align: justify;\"><strong>I FILM: <\/strong>Matria (Spagna), Delivered (Stati Uniti), Why slugs have no legs (Svizzera), Traces (Svizzera\/Argentina), Breakpoint (Francia)<\/p>\n[\/vc_column_text][\/vc_tta_section][\/vc_tta_accordion][\/vc_column][\/vc_row][vc_row][vc_column][vc_text_separator title=&#8221;ORGANIZZATORI&#8221;][\/vc_column][\/vc_row][vc_row][vc_column width=&#8221;2\/3&#8243;][vc_column_text]<strong><span style=\"font-size: 24pt;\">MARTA MIQUEL IRIARTE<br \/>\n<\/span><span style=\"font-size: 10pt;\">Coordinatrice dei Sottotitoli e Programmatrice di Documentario<br \/>\n<a href=\"mailto:marta@laguarimba.com\">marta@laguarimba.com<\/a><\/span><\/strong><\/p>\n<p style=\"text-align: justify;\">Marta<strong> (Spagna, 1984)<\/strong> \u00e8 una traduttrice audiovisiva e ricercatrice. Con un Dottorato in Traduzione Audiovisiva e Accessibilit\u00e0 nei Media, e una lunga esperienza nella traduzione di cortometraggi, lungometraggi di fiction e documentario, unisce la ricerca con attivit\u00e0 professionali.<\/p>\n[\/vc_column_text][\/vc_column][vc_column width=&#8221;1\/3&#8243;][vc_single_image image=&#8221;55555&#8243; img_size=&#8221;full&#8221;][\/vc_column][\/vc_row][vc_row][vc_column width=&#8221;1\/3&#8243;][vc_single_image image=&#8221;55559&#8243; img_size=&#8221;full&#8221;][\/vc_column][vc_column width=&#8221;2\/3&#8243;][vc_column_text]<strong><span style=\"font-size: 24pt;\">CARLOS GARC\u00cdA<br \/>\n<\/span><span style=\"font-size: 10pt;\">Ingegnere del Suono<\/span><\/strong><\/p>\n<p style=\"text-align: justify;\">Carlos <strong>(Spagna, 1991)<\/strong> ha studiato Storia dell&#8217;Arte, Cinema, Ingegneria del Suono, Radio e Giornalismo. Mescolando tutto ci\u00f2, ora lavora producendo podcast per una serie di giornali di Vocento, un gruppo mediatico spagnolo.<\/p>\n<p>&nbsp;<\/p>\n<p>&nbsp;<\/p>\n[\/vc_column_text][\/vc_column][\/vc_row]\n<\/div>","protected":false},"excerpt":{"rendered":"<p>[vc_row][vc_column][vc_column_text] La Guarimba a Madrid \u00e8 un progetto organizzato dall&#8217;Associazione Culturale La Guarimba, parte del programma &#8220;On Tour&#8220;, che porta i film della competizione del festival in giro per il mondo. L&#8217;obiettivo del programma \u00e8 quello di far conoscere la nostra selezione a nuovi pubblici e arricchire i programmi culturali degli spazi che ci ospitano. [&hellip;]<\/p>\n","protected":false},"author":1,"featured_media":0,"parent":0,"menu_order":0,"comment_status":"closed","ping_status":"closed","template":"page-full-width.php","meta":{"jetpack_post_was_ever_published":false,"footnotes":""},"class_list":["post-55755","page","type-page","status-publish","hentry"],"jetpack_shortlink":"https:\/\/wp.me\/P4S7Ao-evh","jetpack_sharing_enabled":true,"_links":{"self":[{"href":"https:\/\/www.laguarimba.com\/it\/wp-json\/wp\/v2\/pages\/55755","targetHints":{"allow":["GET"]}}],"collection":[{"href":"https:\/\/www.laguarimba.com\/it\/wp-json\/wp\/v2\/pages"}],"about":[{"href":"https:\/\/www.laguarimba.com\/it\/wp-json\/wp\/v2\/types\/page"}],"author":[{"embeddable":true,"href":"https:\/\/www.laguarimba.com\/it\/wp-json\/wp\/v2\/users\/1"}],"replies":[{"embeddable":true,"href":"https:\/\/www.laguarimba.com\/it\/wp-json\/wp\/v2\/comments?post=55755"}],"version-history":[{"count":31,"href":"https:\/\/www.laguarimba.com\/it\/wp-json\/wp\/v2\/pages\/55755\/revisions"}],"predecessor-version":[{"id":55882,"href":"https:\/\/www.laguarimba.com\/it\/wp-json\/wp\/v2\/pages\/55755\/revisions\/55882"}],"wp:attachment":[{"href":"https:\/\/www.laguarimba.com\/it\/wp-json\/wp\/v2\/media?parent=55755"}],"curies":[{"name":"wp","href":"https:\/\/api.w.org\/{rel}","templated":true}]}}